{"id":16461,"date":"2025-08-08T11:50:06","date_gmt":"2025-08-08T11:50:06","guid":{"rendered":"https:\/\/passionparfums.com\/?post_type=product&#038;p=16461"},"modified":"2025-08-08T11:50:06","modified_gmt":"2025-08-08T11:50:06","slug":"eau-extraordinaire-rechargeable-100-ml","status":"publish","type":"product","link":"https:\/\/passionparfums.com\/en\/product\/eau-extraordinaire-rechargeable-100-ml\/","title":{"rendered":"EAU EXTRAORDINAIRE RECHARGEABLE 100 ml"},"content":{"rendered":"<h3 id=\"accordion_title_crmw26gwpwme2rhf59\" class=\"section-title-js accordion-section__title \" tabindex=\"0\" role=\"button\" data-auto-id=\"what-is-it-title\" aria-expanded=\"true\" aria-controls=\"accordion_content_crmw26gwpwme2rhf59\">Ce que c&rsquo;est<\/h3>\n<div id=\"accordion_content_crmw26gwpwme2rhf59\" class=\"accordion-section__content\" aria-labelledby=\"accordion_title_crmw26gwpwme2rhf59\">\n<div class=\"inner-content-js inner-content\">\n<ul class=\"what-is-it-section__list\">\n<li class=\"mt-5\"><span class=\"what-is-it-section__text-medium\">Type de peau :\u00a0<\/span>Peau mixte, Peau s\u00e8che, Peau normale, Peau grasse<\/li>\n<li class=\"mt-5\"><span class=\"what-is-it-section__text-medium\">Texture :\u00a0<\/span>Spray<\/li>\n<li class=\"mt-5\"><span class=\"what-is-it-section__text-medium\">Utilisation :\u00a0<\/span>\u00c0 tout moment de la journ\u00e9e.\u00a0<a class=\"what-is-it-accordion__how-to-link how-to-link-js link link--uppercase display-inline-block cba-link-style\" tabindex=\"0\" href=\"https:\/\/www.clarins.ca\/fr\/eau-extraordinaire\/80083340.html\">En savoir plus<\/a><\/li>\n<\/ul>\n<div class=\"discover-more-benefit-section__title\">B\u00e9n\u00e9fices<\/div>\n<div class=\"discover-more-benefit-section__text\">\n<ul>\n<li>Peau d\u00e9licatement parfum\u00e9e.<\/li>\n<li>Confort.<\/li>\n<li>Sensation de fra\u00eecheur.<\/li>\n<\/ul>\n<\/div>\n<div class=\"long-description-wrapper \">\n<h2 class=\"subtitle1 \">En savoir plus<\/h2>\n<div class=\"product-info__long-description\">Cette eau de soins florale et fruite\u0301e parfume, ravive votre force inte\u0301rieure et e\u0301veille vos sens en un seul geste. Compos\u00e9e \u00e0 95% d&rsquo;ingr\u00e9dients d&rsquo;origine naturelle, elle associe le parfum r\u00e9confortant des huiles essentielles au pouvoir adoucissant et stimulant des extraits de plantes pour une peau qui retrouve tout son confort.<\/div>\n<\/div>\n<div class=\"what-is-it-section__section\">\n<div class=\"what-is-it-section__title\">Le plus Clarins<\/div>\n<div class=\"what-is-it-section__text\">Les Eaux de Soins Clarins associent huiles essentielles et extraits de plantes: l&rsquo;aromaphytosoin pour se parfumer tout en prenant soin de sa peau.<\/div>\n<div>\n<h3 id=\"accordion_title_2asffclr25lme2rhf59\" class=\"section-title-js accordion-section__title clicked\" tabindex=\"0\" role=\"button\" data-auto-id=\"proven-results-title\" aria-expanded=\"true\" aria-controls=\"accordion_content_2asffclr25lme2rhf59\">R\u00e9sultats<\/h3>\n<div id=\"accordion_content_2asffclr25lme2rhf59\" class=\"accordion-section__content\" aria-labelledby=\"accordion_title_2asffclr25lme2rhf59\">\n<div class=\"proven-results-accordion full-width display-inline-accordion display-inline-block\">\n<div id=\"proven-results\" class=\"proven-results display-flex flex-wrap justify-content-start\">\n<div class=\"proven-results-accordion\">\n<div>\n<div>96%*<\/div>\n<p>des femmes d\u00e9clarent que sa texture est fra\u00eeche.<\/p>\n<div>\n<ul>\n<li>91%* des femmes trouvent que l&rsquo;Eau Extraordinaire a une note parfum\u00e9e agr\u00e9able.<\/li>\n<\/ul>\n<\/div>\n<\/div>\n<\/div>\n<\/div>\n<p>*Test consommateurs, 99 femmes, 14 jours.<\/p><\/div>\n<div>\n<h3 id=\"accordion_title_zklu8p5e05me2rhf59\" class=\"section-title-js accordion-section__title clicked\" tabindex=\"0\" role=\"button\" data-auto-id=\"composition-title\" aria-expanded=\"true\" aria-controls=\"accordion_content_zklu8p5e05me2rhf59\">Ingr\u00e9dients<\/h3>\n<div id=\"accordion_content_zklu8p5e05me2rhf59\" class=\"accordion-section__content\" aria-labelledby=\"accordion_title_zklu8p5e05me2rhf59\">\n<div class=\"composition-accordion full-width display-inline-accordion\">\n<div class=\"text-uppercase\" data-gp-noloc=\"node\">ALCOHOL. AQUA\/WATER\/EAU. PARFUM\/FRAGRANCE. BETAINE. GLYCERIN. LIMONENE. BUTYLENE GLYCOL. LINALOOL. GERANIOL. PENTAERYTHRITYL TETRA-DI-T-BUTYL HYDROXYHYDROCINNAMATE. CITRONELLOL. KALANCHOE PINNATA LEAF EXTRACT. CITRAL. CITRIC ACID. MALPIGHIA EMARGINATA (ACEROLA) SEED EXTRACT. SODIUM BENZOATE. TRIS(TETRAMETHYLHYDROXYPIPERIDINOL) CITRATE. POTASSIUM SORBATE. DISODIUM EDTA. [C3773A]<\/div>\n<div class=\"description-text mt-m\">*\u00c0 titre d\u2019information uniquement. Tout produit \u00e9tant susceptible d\u2019\u00eatre modifi\u00e9, veuillez \u00e9galement consulter la liste des ingr\u00e9dients figurant sur l&#8217;emballage du produit que vous recevrez.<\/div>\n<\/div>\n<\/div>\n<\/div>\n<\/div>\n<\/div>\n<\/div>\n<\/div>\n<\/div>\n","protected":false},"excerpt":{"rendered":"<p>Ce que c&rsquo;est Type de peau :\u00a0Peau mixte, Peau s\u00e8che, Peau normale, Peau grasse Texture :\u00a0Spray Utilisation :\u00a0\u00c0 tout moment de la journ\u00e9e.\u00a0En savoir plus B\u00e9n\u00e9fices Peau d\u00e9licatement parfum\u00e9e. Confort. Sensation de fra\u00eecheur. En savoir plus Cette eau de soins florale et fruite\u0301e parfume, ravive votre force inte\u0301rieure et e\u0301veille vos sens en un seul &hellip; <br \/><a href=\"https:\/\/passionparfums.com\/en\/product\/eau-extraordinaire-rechargeable-100-ml\/\" class=\"more-link\">Continue reading <span class=\"screen-reader-text\">EAU EXTRAORDINAIRE RECHARGEABLE 100 ml<\/span><\/a><\/p>","protected":false},"featured_media":16465,"comment_status":"open","ping_status":"closed","template":"","meta":[],"product_brand":[],"product_cat":[15],"product_tag":[],"class_list":{"0":"post-16461","1":"product","2":"type-product","3":"status-publish","4":"has-post-thumbnail","6":"product_cat-autres","8":"first","9":"instock","10":"shipping-taxable","11":"purchasable","12":"product-type-simple"},"jetpack_sharing_enabled":true,"_links":{"self":[{"href":"https:\/\/passionparfums.com\/en\/wp-json\/wp\/v2\/product\/16461","targetHints":{"allow":["GET"]}}],"collection":[{"href":"https:\/\/passionparfums.com\/en\/wp-json\/wp\/v2\/product"}],"about":[{"href":"https:\/\/passionparfums.com\/en\/wp-json\/wp\/v2\/types\/product"}],"replies":[{"embeddable":true,"href":"https:\/\/passionparfums.com\/en\/wp-json\/wp\/v2\/comments?post=16461"}],"wp:featuredmedia":[{"embeddable":true,"href":"https:\/\/passionparfums.com\/en\/wp-json\/wp\/v2\/media\/16465"}],"wp:attachment":[{"href":"https:\/\/passionparfums.com\/en\/wp-json\/wp\/v2\/media?parent=16461"}],"wp:term":[{"taxonomy":"product_brand","embeddable":true,"href":"https:\/\/passionparfums.com\/en\/wp-json\/wp\/v2\/product_brand?post=16461"},{"taxonomy":"product_cat","embeddable":true,"href":"https:\/\/passionparfums.com\/en\/wp-json\/wp\/v2\/product_cat?post=16461"},{"taxonomy":"product_tag","embeddable":true,"href":"https:\/\/passionparfums.com\/en\/wp-json\/wp\/v2\/product_tag?post=16461"}],"curies":[{"name":"wp","href":"https:\/\/api.w.org\/{rel}","templated":true}]}}