{"id":16456,"date":"2025-08-08T11:47:18","date_gmt":"2025-08-08T11:47:18","guid":{"rendered":"https:\/\/passionparfums.com\/?post_type=product&#038;p=16456"},"modified":"2025-08-08T11:47:18","modified_gmt":"2025-08-08T11:47:18","slug":"eau-dynamisante-lait-corps-200-ml","status":"publish","type":"product","link":"https:\/\/passionparfums.com\/en\/product\/eau-dynamisante-lait-corps-200-ml\/","title":{"rendered":"EAU DYNAMISANTE LAIT CORPS 200 ml"},"content":{"rendered":"<h3 id=\"accordion_title_c5wyb5mjxtfme2re4pq\" class=\"section-title-js accordion-section__title \" tabindex=\"0\" role=\"button\" data-auto-id=\"what-is-it-title\" aria-expanded=\"true\" aria-controls=\"accordion_content_c5wyb5mjxtfme2re4pq\">Ce que c&rsquo;est<\/h3>\n<div id=\"accordion_content_c5wyb5mjxtfme2re4pq\" class=\"accordion-section__content\" aria-labelledby=\"accordion_title_c5wyb5mjxtfme2re4pq\">\n<div class=\"inner-content-js inner-content\">\n<ul class=\"what-is-it-section__list\">\n<li class=\"mt-5\"><span class=\"what-is-it-section__text-medium\">Type de peau :\u00a0<\/span>Peau mixte, Peau s\u00e8che, Peau normale, Peau grasse<\/li>\n<li class=\"mt-5\"><span class=\"what-is-it-section__text-medium\">Texture :\u00a0<\/span>Lotion<\/li>\n<li class=\"mt-5\"><span class=\"what-is-it-section__text-medium\">Utilisation :\u00a0<\/span>Tous les jours, matin et\/ou soir.\u00a0<a class=\"what-is-it-accordion__how-to-link how-to-link-js link link--uppercase display-inline-block cba-link-style\" tabindex=\"0\" href=\"https:\/\/www.clarins.ca\/fr\/lait-fondant-energisant-eau-dynamisante\/80083310.html\">En savoir plus<\/a><\/li>\n<\/ul>\n<div class=\"discover-more-benefit-section__title\">B\u00e9n\u00e9fices<\/div>\n<div class=\"discover-more-benefit-section__text\">\n<ul>\n<li>Peau hydrat\u00e9e, tonifi\u00e9e et d\u00e9licatement parfum\u00e9e.<\/li>\n<\/ul>\n<\/div>\n<div class=\"long-description-wrapper \">\n<h2 class=\"subtitle1 \">En savoir plus<\/h2>\n<div class=\"product-info__long-description\">L&rsquo;iconique Eau Dynamisante Clarins se d\u00e9cline en lait hydratant pour le corps. Boostez votre \u00e9nergie gr\u00e2ce \u00e0 sa texture onctueuse d\u00e9licieusement parfum\u00e9e qui associe le parfum vivifiant des huiles essentielles de l\u2019Eau Dynamisante \u00e0 l\u2019extrait de kalancho\u00e9 officinal bio et \u00e0 l\u2019huile de noisette pour hydrater et nourrir intens\u00e9ment la peau. Rapidement absorb\u00e9e, elle laisse la peau est douce et tonifi\u00e9e, sans effet gras. 94% d\u2019ingr\u00e9dients d\u2019origine naturelle.<\/div>\n<\/div>\n<div class=\"what-is-it-section__section\">\n<div class=\"what-is-it-section__title\">Innovation et expertise des plantes<\/div>\n<div class=\"what-is-it-section__text\">Une formule enrichie en extrait de kalancho\u00e9 officinal bio pour r\u00e9activer les m\u00e9canismes naturels d&rsquo;auto-hydratation de la peau.<\/div>\n<div>\n<h3 id=\"accordion_title_zfymwxvtzqbme2re4pq\" class=\"section-title-js accordion-section__title clicked\" tabindex=\"0\" role=\"button\" data-auto-id=\"proven-results-title\" aria-expanded=\"true\" aria-controls=\"accordion_content_zfymwxvtzqbme2re4pq\">R\u00e9sultats<\/h3>\n<div id=\"accordion_content_zfymwxvtzqbme2re4pq\" class=\"accordion-section__content\" aria-labelledby=\"accordion_title_zfymwxvtzqbme2re4pq\">\n<div class=\"proven-results-accordion full-width display-inline-accordion display-inline-block\">\n<div id=\"proven-results\" class=\"proven-results display-flex flex-wrap justify-content-start\">\n<div class=\"proven-results-accordion\">\n<div>\n<div>94%*<\/div>\n<p>La peau est hydrat\u00e9e<\/p>\n<div>\n<ul>\n<li>90%* La peau est tonifi\u00e9e<\/li>\n<li>76%** Le soin procure une sensation vivifiante imm\u00e9diate<\/li>\n<\/ul>\n<\/div>\n<\/div>\n<\/div>\n<\/div>\n<p>*Test de satisfaction &#8211; 112 femmes &#8211; 28 jours**Test de satisfaction &#8211; 112 femmes &#8211; apr\u00e8s application<\/p><\/div>\n<div>\n<h3 id=\"accordion_title_5gm5phr0e2pme2re4pq\" class=\"section-title-js accordion-section__title clicked\" tabindex=\"0\" role=\"button\" data-auto-id=\"composition-title\" aria-expanded=\"true\" aria-controls=\"accordion_content_5gm5phr0e2pme2re4pq\">Ingr\u00e9dients<\/h3>\n<div id=\"accordion_content_5gm5phr0e2pme2re4pq\" class=\"accordion-section__content\" aria-labelledby=\"accordion_title_5gm5phr0e2pme2re4pq\">\n<div class=\"composition-accordion full-width display-inline-accordion\">\n<div class=\"text-uppercase\" data-gp-noloc=\"node\">AQUA\/WATER\/EAU. CAPRYLIC\/CAPRIC TRIGLYCERIDE. PARFUM\/FRAGRANCE. BUTYLENE GLYCOL. POLYGLYCERYL-6 DISTEARATE. COCOS NUCIFERA (COCONUT) OIL. CORYLUS AVELLANA (HAZELNUT) SEED OIL. GLYCERIN. UNDECANE. LIMONENE. TRIDECANE. SQUALANE. TALC. AMMONIUM ACRYLOYLDIMETHYLTAURATE\/VP COPOLYMER. JOJOBA ESTERS. LINALOOL. CAPRYLYL GLYCOL. XYLITYLGLUCOSIDE. HYDROXYACETOPHENONE. CETYL ALCOHOL. POLYGLYCERYL-3 BEESWAX. ANHYDROXYLITOL. POTASSIUM CETYL PHOSPHATE. HEXYL CINNAMAL. XANTHAN GUM. XYLITOL. CITRAL. DISODIUM EDTA. EUGENOL. COUMARIN. ALPHA-ISOMETHYL IONONE. GLUCOSE. KALANCHOE PINNATA LEAF EXTRACT. CITRIC ACID. GERANIOL. SODIUM BENZOATE. CITRONELLOL. POTASSIUM SORBATE. TOCOPHEROL. [C3898A]<\/div>\n<div class=\"description-text mt-m\">*\u00c0 titre d\u2019information uniquement. Tout produit \u00e9tant susceptible d\u2019\u00eatre modifi\u00e9, veuillez \u00e9galement consulter la liste des ingr\u00e9dients figurant sur l&#8217;emballage du produit que vous recevrez.<\/div>\n<\/div>\n<\/div>\n<\/div>\n<\/div>\n<\/div>\n<\/div>\n<\/div>\n<\/div>\n","protected":false},"excerpt":{"rendered":"<p>Ce que c&rsquo;est Type de peau :\u00a0Peau mixte, Peau s\u00e8che, Peau normale, Peau grasse Texture :\u00a0Lotion Utilisation :\u00a0Tous les jours, matin et\/ou soir.\u00a0En savoir plus B\u00e9n\u00e9fices Peau hydrat\u00e9e, tonifi\u00e9e et d\u00e9licatement parfum\u00e9e. En savoir plus L&rsquo;iconique Eau Dynamisante Clarins se d\u00e9cline en lait hydratant pour le corps. Boostez votre \u00e9nergie gr\u00e2ce \u00e0 sa texture onctueuse &hellip; <br \/><a href=\"https:\/\/passionparfums.com\/en\/product\/eau-dynamisante-lait-corps-200-ml\/\" class=\"more-link\">Continue reading <span class=\"screen-reader-text\">EAU DYNAMISANTE LAIT CORPS 200 ml<\/span><\/a><\/p>","protected":false},"featured_media":16460,"comment_status":"open","ping_status":"closed","template":"","meta":[],"product_brand":[],"product_cat":[15],"product_tag":[],"class_list":{"0":"post-16456","1":"product","2":"type-product","3":"status-publish","4":"has-post-thumbnail","6":"product_cat-autres","8":"first","9":"instock","10":"shipping-taxable","11":"purchasable","12":"product-type-simple"},"jetpack_sharing_enabled":true,"_links":{"self":[{"href":"https:\/\/passionparfums.com\/en\/wp-json\/wp\/v2\/product\/16456","targetHints":{"allow":["GET"]}}],"collection":[{"href":"https:\/\/passionparfums.com\/en\/wp-json\/wp\/v2\/product"}],"about":[{"href":"https:\/\/passionparfums.com\/en\/wp-json\/wp\/v2\/types\/product"}],"replies":[{"embeddable":true,"href":"https:\/\/passionparfums.com\/en\/wp-json\/wp\/v2\/comments?post=16456"}],"wp:featuredmedia":[{"embeddable":true,"href":"https:\/\/passionparfums.com\/en\/wp-json\/wp\/v2\/media\/16460"}],"wp:attachment":[{"href":"https:\/\/passionparfums.com\/en\/wp-json\/wp\/v2\/media?parent=16456"}],"wp:term":[{"taxonomy":"product_brand","embeddable":true,"href":"https:\/\/passionparfums.com\/en\/wp-json\/wp\/v2\/product_brand?post=16456"},{"taxonomy":"product_cat","embeddable":true,"href":"https:\/\/passionparfums.com\/en\/wp-json\/wp\/v2\/product_cat?post=16456"},{"taxonomy":"product_tag","embeddable":true,"href":"https:\/\/passionparfums.com\/en\/wp-json\/wp\/v2\/product_tag?post=16456"}],"curies":[{"name":"wp","href":"https:\/\/api.w.org\/{rel}","templated":true}]}}