{"id":16447,"date":"2025-08-08T11:42:32","date_gmt":"2025-08-08T11:42:32","guid":{"rendered":"https:\/\/passionparfums.com\/?post_type=product&#038;p=16447"},"modified":"2025-08-08T11:42:32","modified_gmt":"2025-08-08T11:42:32","slug":"eau-dynamisante-vapo-100-ml","status":"publish","type":"product","link":"https:\/\/passionparfums.com\/en\/product\/eau-dynamisante-vapo-100-ml\/","title":{"rendered":"EAU DYNAMISANTE VAPO 100 ml"},"content":{"rendered":"<h3 id=\"accordion_title_b7x2bc3ldrgme2r7oe0\" class=\"section-title-js accordion-section__title \" tabindex=\"0\" role=\"button\" data-auto-id=\"what-is-it-title\" aria-expanded=\"true\" aria-controls=\"accordion_content_b7x2bc3ldrgme2r7oe0\">Ce que c&rsquo;est<\/h3>\n<div id=\"accordion_content_b7x2bc3ldrgme2r7oe0\" class=\"accordion-section__content\" aria-labelledby=\"accordion_title_b7x2bc3ldrgme2r7oe0\">\n<div class=\"inner-content-js inner-content\">\n<ul class=\"what-is-it-section__list\">\n<li class=\"mt-5\"><span class=\"what-is-it-section__text-medium\">Type de peau :\u00a0<\/span>Peau mixte, Peau s\u00e8che, Peau normale, Peau grasse<\/li>\n<li class=\"mt-5\"><span class=\"what-is-it-section__text-medium\">Texture :\u00a0<\/span>Liquide<\/li>\n<li class=\"mt-5\"><span class=\"what-is-it-section__text-medium\">Utilisation :\u00a0<\/span>Tous les matins et en retouche \u00e0 tout moment de la journ\u00e9e.\u00a0<a class=\"what-is-it-accordion__how-to-link how-to-link-js link link--uppercase display-inline-block cba-link-style\" tabindex=\"0\" href=\"https:\/\/www.clarins.ca\/fr\/eau-dynamisante\/80083299.html\">En savoir plus<\/a><\/li>\n<\/ul>\n<div class=\"discover-more-benefit-section__title\">B\u00e9n\u00e9fices<\/div>\n<div class=\"discover-more-benefit-section__text\">\n<ul>\n<li>Peau d\u00e9licatement parfum\u00e9e.<\/li>\n<li>Peau tonifi\u00e9e et raffermie.<\/li>\n<li>Sensation \u00e9nergisante et rafra\u00eechissante.<\/li>\n<\/ul>\n<\/div>\n<div class=\"long-description-wrapper \">\n<h2 class=\"subtitle1 \">En savoir plus<\/h2>\n<div class=\"product-info__long-description\">La premi\u00e8re et l&rsquo;iconique Eau de Soins Clarins ! Compos\u00e9e de 95% d&rsquo;ingr\u00e9dients d&rsquo;origine naturelle, elle parfume, \u00e9nergise et tonifie le corps et l\u2019esprit. Elle est parfaite pour bien commencer la journ\u00e9e ou lutter contre un coup de fatigue passag\u00e8re. D\u2019abord, les notes de t\u00eate d\u2019oranges douce et am\u00e8re, de mandarine et de petit grain d\u00e9voilent leur senteur fra\u00eeche. Puis, les notes de c\u0153ur de lavandin, d\u2019eucalyptus, d\u2019estragon et de noix de muscade associ\u00e9es aux effluves de patchouli donnent \u00e0 l\u2019Eau Dynamisante son caract\u00e8re vivifiant. La peau retrouve toute son \u00e9nergie et sa fermet\u00e9 gr\u00e2ce \u00e0 l\u2019action stimulante de l\u2019extrait de ginseng rouge bio combin\u00e9e au pouvoir tonifiant de l\u2019extrait de thym citron bio. Son flacon rouge iconique est rechargeable.<\/div>\n<\/div>\n<div class=\"what-is-it-section__section\">\n<div class=\"what-is-it-section__title\">Innovation et expertise des plantes<\/div>\n<div class=\"what-is-it-section__text\">Les Eaux de Soins Clarins puisent leur richesse dans la quintessence des plantes : les huiles essentielles. S\u00e9cr\u00e9t\u00e9es en petites quantit\u00e9s par des plantes aromatiques puis extraites, elles sont de v\u00e9ritables concentr\u00e9s de nature. Elles apportent \u00e0 la peau et \u00e0 l&rsquo;esprit tous leurs bienfaits.<\/div>\n<\/div>\n<div class=\"what-is-it-section__section\">\n<div class=\"what-is-it-section__title\">Le plus Clarins<\/div>\n<div class=\"what-is-it-section__text\">Cr\u00e9\u00e9e en 1987 par Jacques Courtin-Clarins, l\u2019Eau Dynamisante est la premi\u00e8re Eau de Soins qui associe huiles essentielles et extraits de plantes, principes de l\u2019aromath\u00e9rapie et de la phytoth\u00e9rapie pour se parfumer tout en prenant soin de sa peau et de son esprit.<\/div>\n<div>\n<h3 id=\"accordion_title_do7qah03vanme2r7oe0\" class=\"section-title-js accordion-section__title clicked\" tabindex=\"0\" role=\"button\" data-auto-id=\"proven-results-title\" aria-expanded=\"true\" aria-controls=\"accordion_content_do7qah03vanme2r7oe0\">R\u00e9sultats<\/h3>\n<div id=\"accordion_content_do7qah03vanme2r7oe0\" class=\"accordion-section__content\" aria-labelledby=\"accordion_title_do7qah03vanme2r7oe0\">\n<div class=\"proven-results-accordion full-width display-inline-accordion display-inline-block\">\n<div id=\"proven-results\" class=\"proven-results display-flex flex-wrap justify-content-start\">\n<div class=\"proven-results-accordion\">\n<div>\n<div>80%*<\/div>\n<p>des femmes d\u00e9clarent qu\u2019elle procure une sensation \u00e9nergisante, apr\u00e8s 14 jours d\u2019utilisation.<\/p>\n<div>\n<ul>\n<li>74%* des femmes trouvent leur peau tonifi\u00e9e, apr\u00e8s application.<\/li>\n<\/ul>\n<\/div>\n<\/div>\n<\/div>\n<\/div>\n<p>* Tests consommateurs &#8211; 98 femmes- 14 jours. ** \u00c9tude clinique-20 femmes<\/p><\/div>\n<div>\n<h3 id=\"accordion_title_ssveehb0tgme2r7oe0\" class=\"section-title-js accordion-section__title clicked\" tabindex=\"0\" role=\"button\" data-auto-id=\"composition-title\" aria-expanded=\"true\" aria-controls=\"accordion_content_ssveehb0tgme2r7oe0\">Ingr\u00e9dients<\/h3>\n<div id=\"accordion_content_ssveehb0tgme2r7oe0\" class=\"accordion-section__content\" aria-labelledby=\"accordion_title_ssveehb0tgme2r7oe0\">\n<div class=\"composition-accordion full-width display-inline-accordion\">\n<div class=\"text-uppercase\" data-gp-noloc=\"node\">ALCOHOL. AQUA\/WATER\/EAU. ALOE BARBADENSIS LEAF JUICE. PARFUM\/FRAGRANCE. GLYCERIN. BETAINE. LIMONENE. LINALOOL. HEXYL CINNAMAL. CITRAL. PENTAERYTHRITYL TETRA-DI-T-BUTYL HYDROXYHYDROCINNAMATE. COUMARIN. EUGENOL. ALPHA-ISOMETHYL IONONE. THYMUS CITRIODORUS FLOWER\/LEAF EXTRACT. CITRIC ACID. AESCULUS HIPPOCASTANUM (HORSE CHESTNUT) SEED EXTRACT. POTASSIUM SORBATE. SODIUM BENZOATE. PANAX GINSENG ROOT EXTRACT. GERANIOL. CITRONELLOL. [C3921A]<\/div>\n<div class=\"description-text mt-m\">*\u00c0 titre d\u2019information uniquement. Tout produit \u00e9tant susceptible d\u2019\u00eatre modifi\u00e9, veuillez \u00e9galement consulter la liste des ingr\u00e9dients figurant sur l&#8217;emballage du produit que vous recevrez.<\/div>\n<\/div>\n<\/div>\n<\/div>\n<\/div>\n<\/div>\n<\/div>\n<\/div>\n<\/div>\n","protected":false},"excerpt":{"rendered":"<p>Ce que c&rsquo;est Type de peau :\u00a0Peau mixte, Peau s\u00e8che, Peau normale, Peau grasse Texture :\u00a0Liquide Utilisation :\u00a0Tous les matins et en retouche \u00e0 tout moment de la journ\u00e9e.\u00a0En savoir plus B\u00e9n\u00e9fices Peau d\u00e9licatement parfum\u00e9e. Peau tonifi\u00e9e et raffermie. Sensation \u00e9nergisante et rafra\u00eechissante. En savoir plus La premi\u00e8re et l&rsquo;iconique Eau de Soins Clarins ! &hellip; <br \/><a href=\"https:\/\/passionparfums.com\/en\/product\/eau-dynamisante-vapo-100-ml\/\" class=\"more-link\">Continue reading <span class=\"screen-reader-text\">EAU DYNAMISANTE VAPO 100 ml<\/span><\/a><\/p>","protected":false},"featured_media":16451,"comment_status":"open","ping_status":"closed","template":"","meta":[],"product_brand":[],"product_cat":[15],"product_tag":[],"class_list":{"0":"post-16447","1":"product","2":"type-product","3":"status-publish","4":"has-post-thumbnail","6":"product_cat-autres","8":"first","9":"instock","10":"shipping-taxable","11":"purchasable","12":"product-type-simple"},"jetpack_sharing_enabled":true,"_links":{"self":[{"href":"https:\/\/passionparfums.com\/en\/wp-json\/wp\/v2\/product\/16447","targetHints":{"allow":["GET"]}}],"collection":[{"href":"https:\/\/passionparfums.com\/en\/wp-json\/wp\/v2\/product"}],"about":[{"href":"https:\/\/passionparfums.com\/en\/wp-json\/wp\/v2\/types\/product"}],"replies":[{"embeddable":true,"href":"https:\/\/passionparfums.com\/en\/wp-json\/wp\/v2\/comments?post=16447"}],"wp:featuredmedia":[{"embeddable":true,"href":"https:\/\/passionparfums.com\/en\/wp-json\/wp\/v2\/media\/16451"}],"wp:attachment":[{"href":"https:\/\/passionparfums.com\/en\/wp-json\/wp\/v2\/media?parent=16447"}],"wp:term":[{"taxonomy":"product_brand","embeddable":true,"href":"https:\/\/passionparfums.com\/en\/wp-json\/wp\/v2\/product_brand?post=16447"},{"taxonomy":"product_cat","embeddable":true,"href":"https:\/\/passionparfums.com\/en\/wp-json\/wp\/v2\/product_cat?post=16447"},{"taxonomy":"product_tag","embeddable":true,"href":"https:\/\/passionparfums.com\/en\/wp-json\/wp\/v2\/product_tag?post=16447"}],"curies":[{"name":"wp","href":"https:\/\/api.w.org\/{rel}","templated":true}]}}