{"id":16419,"date":"2025-08-08T11:23:36","date_gmt":"2025-08-08T11:23:36","guid":{"rendered":"https:\/\/passionparfums.com\/?post_type=product&#038;p=16419"},"modified":"2025-08-08T11:23:36","modified_gmt":"2025-08-08T11:23:36","slug":"multi-intensive-creme-jour-spf15-50-ml","status":"publish","type":"product","link":"https:\/\/passionparfums.com\/en\/product\/multi-intensive-creme-jour-spf15-50-ml\/","title":{"rendered":"MULTI INTENSIVE CREME JOUR SPF15 50 ml"},"content":{"rendered":"<h3 id=\"accordion_title_lvufxqn7qdme2qifqy\" class=\"section-title-js accordion-section__title \" tabindex=\"0\" role=\"button\" data-auto-id=\"what-is-it-title\" aria-expanded=\"true\" aria-controls=\"accordion_content_lvufxqn7qdme2qifqy\">Ce que c&rsquo;est<\/h3>\n<div id=\"accordion_content_lvufxqn7qdme2qifqy\" class=\"accordion-section__content\" aria-labelledby=\"accordion_title_lvufxqn7qdme2qifqy\">\n<div class=\"inner-content-js inner-content\">\n<ul class=\"what-is-it-section__list\">\n<li class=\"mt-5\"><span class=\"what-is-it-section__text-medium\">Type de peau :\u00a0<\/span>Peau mixte, Peau s\u00e8che, Peau normale, Peau grasse<\/li>\n<li class=\"mt-5\"><span class=\"what-is-it-section__text-medium\">Texture :\u00a0<\/span>Cr\u00e8me<\/li>\n<li class=\"mt-5\"><span class=\"what-is-it-section__text-medium\">Utilisation :\u00a0<\/span>Tous les matins.\u00a0<a class=\"what-is-it-accordion__how-to-link how-to-link-js link link--uppercase display-inline-block cba-link-style\" tabindex=\"0\" href=\"https:\/\/www.clarins.ca\/fr\/multi-intensive-creme-jour-anti-%C3%A2ge\/80088221.html\">En savoir plus<\/a><\/li>\n<\/ul>\n<div class=\"discover-more-benefit-section__title\">B\u00e9n\u00e9fices<\/div>\n<div class=\"discover-more-benefit-section__text\">\n<ul>\n<li>Peau redensifi\u00e9e.<\/li>\n<li>Rides estomp\u00e9es.<\/li>\n<li>Teint plus uni.<\/li>\n<li>Peau hydrat\u00e9e.<\/li>\n<li>Complexe anti-pollution Clarins.<\/li>\n<\/ul>\n<\/div>\n<div class=\"long-description-wrapper \">\n<h2 class=\"subtitle1 \">En savoir plus<\/h2>\n<div class=\"product-info__long-description\">Cette cr\u00e8me de jour anti-\u00e2ge redensifiante pour tous les types de peaux minimise l&rsquo;apparence des rides, des ridules et du rel\u00e2chement cutan\u00e9 caus\u00e9s par les changements hormonaux li\u00e9s \u00e0 l&rsquo;\u00e2ge. Elle unifie le teint, pour une peau visiblement plus lisse, plus ferme, plus rebondi et d&rsquo;apparence plus jeune.<br \/>\nCette nouvelle g\u00e9n\u00e9ration de soins est compos\u00e9e \u00e0 93% d&rsquo;ingr\u00e9dients d&rsquo;origine naturelle. Sa texture fondante\u00a0contribue \u00e0 rendre le teint uniforme et la peau plus lumineuse. Le nouveau puissant duo v\u00e9g\u00e9tal est compos\u00e9 de l&rsquo;extrait d&rsquo;Harungana bio, l\u2019actif naturel aussi puissant que le r\u00e9tinol*, pour redensifer et minimiser visiblement la perte de densit\u00e9, et d&rsquo;un nouvel extrait d&rsquo;Ajonc bio, pour lutter contre le rel\u00e2chement cutan\u00e9. Son parfum frais d\u00e9licatement fleuri au coeur poudr\u00e9 procure une agr\u00e9able sensation.<br \/>\n*Tests in vitro &amp; ex vivo sur la synth\u00e8se des fibres de collag\u00e8ne<\/div>\n<\/div>\n<div class=\"what-is-it-section__section\">\n<div class=\"what-is-it-section__title\">Le plus Clarins<\/div>\n<div class=\"what-is-it-section__text\">Les changements hormonaux font que le syst\u00e8me de fibroblastes s&rsquo;amincit et se fragilise, r\u00e9duisant ainsi la capacit\u00e9 de la peau \u00e0 se prot\u00e9ger le jour et \u00e0 se r\u00e9g\u00e9n\u00e9rer la nuit. Ce ph\u00e9nom\u00e8ne se traduit par un rel\u00e2chement cutan\u00e9, des rides, un teint terne, une peau s\u00e8che et irr\u00e9guli\u00e8re. Expert en soins anti-\u00e2ge depuis 1954, Clarins a cr\u00e9\u00e9 une formule nouvelle g\u00e9n\u00e9ration qui cible les effets n\u00e9fastes des modifications hormonale sur le r\u00e9seau des fibroblastes pour une peau plus jeune.<\/div>\n<div>\n<h3 id=\"accordion_title_c1rpxu4dlpime2qifqy\" class=\"section-title-js accordion-section__title clicked\" tabindex=\"0\" role=\"button\" data-auto-id=\"proven-results-title\" aria-expanded=\"true\" aria-controls=\"accordion_content_c1rpxu4dlpime2qifqy\">R\u00e9sultats<\/h3>\n<div id=\"accordion_content_c1rpxu4dlpime2qifqy\" class=\"accordion-section__content\" aria-labelledby=\"accordion_title_c1rpxu4dlpime2qifqy\">\n<div class=\"proven-results-accordion full-width display-inline-accordion display-inline-block\">\n<div id=\"proven-results\" class=\"proven-results display-flex flex-wrap justify-content-start\">\n<div class=\"proven-results-accordion\">\n<div>\n<div>88%*<\/div>\n<p>des femmes d\u00e9clarent que leur peau est repulp\u00e9e<\/p>\n<div>\n<ul>\n<li>81%* des femmes d\u00e9clarent que le produit aide \u00e0 lutter contre le rel\u00e2chement cutan\u00e9<\/li>\n<\/ul>\n<\/div>\n<\/div>\n<\/div>\n<\/div>\n<p>*Test consommateurs, 111 femmes, 28 jours.<\/p><\/div>\n<div>\n<h3 id=\"accordion_title_7azvfe8w3qme2qifqy\" class=\"section-title-js accordion-section__title clicked\" tabindex=\"0\" role=\"button\" data-auto-id=\"composition-title\" aria-expanded=\"true\" aria-controls=\"accordion_content_7azvfe8w3qme2qifqy\">Ingr\u00e9dients<\/h3>\n<div id=\"accordion_content_7azvfe8w3qme2qifqy\" class=\"accordion-section__content\" aria-labelledby=\"accordion_title_7azvfe8w3qme2qifqy\">\n<div class=\"composition-accordion full-width display-inline-accordion\">\n<div class=\"text-uppercase\" data-gp-noloc=\"node\">AQUA\/WATER\/EAU. CAPRYLIC\/CAPRIC TRIGLYCERIDE. CETEARYL ALCOHOL. SQUALANE*. PENTYLENE GLYCOL. GLYCERIN. HYDROGENATED COCO-GLYCERIDES. ASCORBYL GLUCOSIDE. BUTYROSPERMUM PARKII (SHEA) BUTTER. GLYCERYL STEARATE. PEG-100 STEARATE. CETEARYL GLUCOSIDE. DIMETHICONE. HYDROXYETHYL ACRYLATE\/SODIUM ACRYLOYLDIMETHYL TAURATE COPOLYMER. BUTYLENE GLYCOL. CARBOMER. CAPRYLYL GLYCOL. SODIUM HYDROXIDE. SUCROSE PALMITATE. XYLITYLGLUCOSIDE. PARFUM\/FRAGRANCE. SODIUM CITRATE. ANHYDROXYLITOL. TOCOPHERYL ACETATE. CI 77891\/TITANIUM DIOXIDE. SYNTHETIC FLUORPHLOGOPITE. DIMETHICONOL. XYLITOL. GLYCERYL LINOLEATE. DISODIUM EDTA. POLYSORBATE 60. CITRIC ACID. SODIUM LACTATE. SORBITAN ISOSTEARATE. GLUCOSE. HARUNGANA MADAGASCARIENSIS EXTRACT. MARRUBIUM VULGARE EXTRACT. POTASSIUM SORBATE. PROPANEDIOL. COCO-GLUCOSIDE. PECTIN. SODIUM HYALURONATE. BALANITES ROXBURGHII SEED OIL. GUAR HYDROXYPROPYLTRIMONIUM CHLORIDE. PHENETHYL ALCOHOL. FURCELLARIA LUMBRICALIS EXTRACT. PANCRATIUM MARITIMUM EXTRACT. ULEX EUROPAEUS LEAF\/ROOT\/STEM EXTRACT. PALMITOYL TRIPEPTIDE-1. LAPSANA COMMUNIS FLOWER\/LEAF\/STEM EXTRACT. MARIS SAL\/SEA SALT\/SEL MARIN. CI 14700\/RED 4. PALMITOYL TETRAPEPTIDE-7. [V3996A] *squalane v\u00e9g\u00e9tal \u2013 vegetable squalane<\/div>\n<div class=\"description-text mt-m\">*\u00c0 titre d\u2019information uniquement. Tout produit \u00e9tant susceptible d\u2019\u00eatre modifi\u00e9, veuillez \u00e9galement consulter la liste des ingr\u00e9dients figurant sur l&#8217;emballage du produit que vous recevrez.<\/div>\n<\/div>\n<\/div>\n<\/div>\n<\/div>\n<\/div>\n<\/div>\n<\/div>\n<\/div>\n","protected":false},"excerpt":{"rendered":"<p>Ce que c&rsquo;est Type de peau :\u00a0Peau mixte, Peau s\u00e8che, Peau normale, Peau grasse Texture :\u00a0Cr\u00e8me Utilisation :\u00a0Tous les matins.\u00a0En savoir plus B\u00e9n\u00e9fices Peau redensifi\u00e9e. Rides estomp\u00e9es. Teint plus uni. Peau hydrat\u00e9e. Complexe anti-pollution Clarins. En savoir plus Cette cr\u00e8me de jour anti-\u00e2ge redensifiante pour tous les types de peaux minimise l&rsquo;apparence des rides, des &hellip; <br \/><a href=\"https:\/\/passionparfums.com\/en\/product\/multi-intensive-creme-jour-spf15-50-ml\/\" class=\"more-link\">Continue reading <span class=\"screen-reader-text\">MULTI INTENSIVE CREME JOUR SPF15 50 ml<\/span><\/a><\/p>","protected":false},"featured_media":16423,"comment_status":"open","ping_status":"closed","template":"","meta":[],"product_brand":[],"product_cat":[15],"product_tag":[],"class_list":{"0":"post-16419","1":"product","2":"type-product","3":"status-publish","4":"has-post-thumbnail","6":"product_cat-autres","8":"first","9":"instock","10":"shipping-taxable","11":"purchasable","12":"product-type-simple"},"jetpack_sharing_enabled":true,"_links":{"self":[{"href":"https:\/\/passionparfums.com\/en\/wp-json\/wp\/v2\/product\/16419","targetHints":{"allow":["GET"]}}],"collection":[{"href":"https:\/\/passionparfums.com\/en\/wp-json\/wp\/v2\/product"}],"about":[{"href":"https:\/\/passionparfums.com\/en\/wp-json\/wp\/v2\/types\/product"}],"replies":[{"embeddable":true,"href":"https:\/\/passionparfums.com\/en\/wp-json\/wp\/v2\/comments?post=16419"}],"wp:featuredmedia":[{"embeddable":true,"href":"https:\/\/passionparfums.com\/en\/wp-json\/wp\/v2\/media\/16423"}],"wp:attachment":[{"href":"https:\/\/passionparfums.com\/en\/wp-json\/wp\/v2\/media?parent=16419"}],"wp:term":[{"taxonomy":"product_brand","embeddable":true,"href":"https:\/\/passionparfums.com\/en\/wp-json\/wp\/v2\/product_brand?post=16419"},{"taxonomy":"product_cat","embeddable":true,"href":"https:\/\/passionparfums.com\/en\/wp-json\/wp\/v2\/product_cat?post=16419"},{"taxonomy":"product_tag","embeddable":true,"href":"https:\/\/passionparfums.com\/en\/wp-json\/wp\/v2\/product_tag?post=16419"}],"curies":[{"name":"wp","href":"https:\/\/api.w.org\/{rel}","templated":true}]}}