{"id":16415,"date":"2025-08-08T11:19:50","date_gmt":"2025-08-08T11:19:50","guid":{"rendered":"https:\/\/passionparfums.com\/?post_type=product&#038;p=16415"},"modified":"2025-08-08T11:19:50","modified_gmt":"2025-08-08T11:19:50","slug":"m-i-lotion-de-jeunesse-defroissante-200-ml","status":"publish","type":"product","link":"https:\/\/passionparfums.com\/en\/product\/m-i-lotion-de-jeunesse-defroissante-200-ml\/","title":{"rendered":"M.I. LOTION DE JEUNESSE DEFROISSANTE 200 ml"},"content":{"rendered":"<h3 id=\"accordion_title_xgkfjiea9knme2qep5s\" class=\"section-title-js accordion-section__title \" tabindex=\"0\" role=\"button\" data-auto-id=\"what-is-it-title\" aria-expanded=\"true\" aria-controls=\"accordion_content_xgkfjiea9knme2qep5s\">Ce que c&rsquo;est<\/h3>\n<div id=\"accordion_content_xgkfjiea9knme2qep5s\" class=\"accordion-section__content\" aria-labelledby=\"accordion_title_xgkfjiea9knme2qep5s\">\n<div class=\"inner-content-js inner-content\">\n<ul class=\"what-is-it-section__list\">\n<li class=\"mt-5\"><span class=\"what-is-it-section__text-medium\">Type de peau :\u00a0<\/span>Peau mixte, Peau s\u00e8che, Peau normale, Peau grasse<\/li>\n<li class=\"mt-5\"><span class=\"what-is-it-section__text-medium\">Texture :\u00a0<\/span>Lotion<\/li>\n<li class=\"mt-5\"><span class=\"what-is-it-section__text-medium\">Utilisation :\u00a0<\/span>Appliquer tous les jours, matin et\/ou soir, sur une peau propre et s\u00e8che.\u00a0<a class=\"what-is-it-accordion__how-to-link how-to-link-js link link--uppercase display-inline-block cba-link-style\" tabindex=\"0\" href=\"https:\/\/www.clarins.ca\/fr\/essence-de-jeunesse-defroissante-multi-intensive\/80083073.html\">En savoir plus<\/a><\/li>\n<\/ul>\n<div class=\"discover-more-benefit-section__title\">B\u00e9n\u00e9fices<\/div>\n<div class=\"discover-more-benefit-section__text\">\n<ul>\n<li>Hydrate la peau.<\/li>\n<li>Renouvelle et redynamise la peau.<\/li>\n<li>Lisse et redensifie visiblement la peau.<\/li>\n<\/ul>\n<\/div>\n<div class=\"long-description-wrapper \">\n<h2 class=\"subtitle1 \">En savoir plus<\/h2>\n<div class=\"product-info__long-description\">Cette lotion de soin lissante, id\u00e9ale pour tous les types de peau, associe de puissants ingr\u00e9dients v\u00e9g\u00e9taux \u00e0 un complexe d\u2019acide hyaluronique pour hydrater intens\u00e9ment la peau pendant 8\u00a0heures*, tout en la renouvelant et en la redynamisant. Sa formule sp\u00e9cifique selon l\u2019\u00e2ge contribue \u00e0 lisser et redensifier visiblement la peau. Elle pr\u00e9pare \u00e9galement la peau \u00e0 absorber les soins appliqu\u00e9s ensuite. Une texture apaisante qui agit en profondeur et laisse la peau souple et repulp\u00e9e. Son flacon \u00e9cologique utilise au moins 25\u00a0% de plastique recycl\u00e9.<br \/>\n*Test clinique, 25\u00a0femmes<\/div>\n<\/div>\n<div class=\"what-is-it-section__section\">\n<div class=\"what-is-it-section__title\">Innovation et expertise des plantes<\/div>\n<div class=\"what-is-it-section__text\">Le complexe innovant [RED2 + H2] est une premi\u00e8re de Clarins, con\u00e7u pour optimiser la gestion de l&rsquo;eau de la peau gr\u00e2ce \u00e0 l&rsquo;acide hyaluronique, tout en am\u00e9liorant le renouvellement cellulaire et en stimulant la production d&rsquo;\u00e9nergie de la peau gr\u00e2ce aux extraits de janie rouge et de ginseng rouge bio.<\/div>\n<\/div>\n<div class=\"what-is-it-section__section\">\n<div class=\"what-is-it-section__title\">Le plus Clarins<\/div>\n<div class=\"what-is-it-section__text\">Notre gamme de lotions de soin est sp\u00e9cialement formul\u00e9e pour lutter contre les probl\u00e8mes sp\u00e9cifiques selon l\u2019\u00e2ge en infusant la peau de puissants extraits de plantes anti-\u00e2ge.<\/div>\n<div>\n<h3 id=\"accordion_title_tx71wc2dmlme2qep5s\" class=\"section-title-js accordion-section__title clicked\" tabindex=\"0\" role=\"button\" data-auto-id=\"proven-results-title\" aria-expanded=\"true\" aria-controls=\"accordion_content_tx71wc2dmlme2qep5s\">R\u00e9sultats<\/h3>\n<div id=\"accordion_content_tx71wc2dmlme2qep5s\" class=\"accordion-section__content\" aria-labelledby=\"accordion_title_tx71wc2dmlme2qep5s\">\n<div class=\"proven-results-accordion full-width display-inline-accordion display-inline-block\">\n<div id=\"proven-results\" class=\"proven-results display-flex flex-wrap justify-content-start\">\n<div class=\"proven-results-accordion\">\n<div>\n<div>7,5\u00a0%*<\/div>\n<p>la peau est repulp\u00e9e.<\/p>\n<ul>\n<li>90%** des femmes d\u00e9clarent que la peau est hydrat\u00e9e.<\/li>\n<li>93%*** des femmes d\u00e9clarent que les rides et ridules sont visiblement liss\u00e9es.<\/li>\n<li>93%*** des femmes d\u00e9clarent que leur peau para\u00eet plus jeune.<\/li>\n<\/ul>\n<div><\/div>\n<\/div>\n<\/div>\n<\/div>\n<p>*Test clinique \u2013 36 femmes \u2013 apr\u00e8s 28 jours.**Test de satisfaction \u2013 100\u00a0femmes \u2013 apr\u00e8s 1\u00a0jour.***Test de satisfaction \u2013 100\u00a0femmes \u2013 apr\u00e8s 28\u00a0jours.<\/p><\/div>\n<div>\n<h3 id=\"accordion_title_nb7lmd9q8fme2qep5s\" class=\"section-title-js accordion-section__title clicked\" tabindex=\"0\" role=\"button\" data-auto-id=\"composition-title\" aria-expanded=\"true\" aria-controls=\"accordion_content_nb7lmd9q8fme2qep5s\">Ingr\u00e9dients<\/h3>\n<div id=\"accordion_content_nb7lmd9q8fme2qep5s\" class=\"accordion-section__content\" aria-labelledby=\"accordion_title_nb7lmd9q8fme2qep5s\">\n<div class=\"composition-accordion full-width display-inline-accordion\">\n<div class=\"text-uppercase\" data-gp-noloc=\"node\">AQUA\/WATER\/EAU. GLYCERIN. PROPANEDIOL. PENTYLENE GLYCOL. SODIUM BENZOATE. PEG-40 HYDROGENATED CASTOR OIL. AVENA SATIVA (OAT) KERNEL EXTRACT. DISODIUM EDTA. HIBISCUS SABDARIFFA FLOWER EXTRACT. SODIUM HYALURONATE. XANTHAN GUM. BUTYLENE GLYCOL. HARUNGANA MADAGASCARIENSIS EXTRACT. PARFUM\/FRAGRANCE. CITRIC ACID. PANAX GINSENG ROOT EXTRACT. JANIA RUBENS EXTRACT. ACETYL TETRAPEPTIDE-2. DEXTRAN. CI 17200\/RED 33 [V3961A]<\/div>\n<div class=\"description-text mt-m\">*\u00c0 titre d\u2019information uniquement. Tout produit \u00e9tant susceptible d\u2019\u00eatre modifi\u00e9, veuillez \u00e9galement consulter la liste des ingr\u00e9dients figurant sur l&#8217;emballage du produit que vous recevrez.<\/div>\n<\/div>\n<\/div>\n<\/div>\n<\/div>\n<\/div>\n<\/div>\n<\/div>\n<\/div>\n","protected":false},"excerpt":{"rendered":"<p>Ce que c&rsquo;est Type de peau :\u00a0Peau mixte, Peau s\u00e8che, Peau normale, Peau grasse Texture :\u00a0Lotion Utilisation :\u00a0Appliquer tous les jours, matin et\/ou soir, sur une peau propre et s\u00e8che.\u00a0En savoir plus B\u00e9n\u00e9fices Hydrate la peau. Renouvelle et redynamise la peau. Lisse et redensifie visiblement la peau. En savoir plus Cette lotion de soin lissante, &hellip; <br \/><a href=\"https:\/\/passionparfums.com\/en\/product\/m-i-lotion-de-jeunesse-defroissante-200-ml\/\" class=\"more-link\">Continue reading <span class=\"screen-reader-text\">M.I. LOTION DE JEUNESSE DEFROISSANTE 200 ml<\/span><\/a><\/p>","protected":false},"featured_media":16416,"comment_status":"open","ping_status":"closed","template":"","meta":[],"product_brand":[],"product_cat":[15],"product_tag":[],"class_list":{"0":"post-16415","1":"product","2":"type-product","3":"status-publish","4":"has-post-thumbnail","6":"product_cat-autres","8":"first","9":"instock","10":"shipping-taxable","11":"purchasable","12":"product-type-simple"},"jetpack_sharing_enabled":true,"_links":{"self":[{"href":"https:\/\/passionparfums.com\/en\/wp-json\/wp\/v2\/product\/16415","targetHints":{"allow":["GET"]}}],"collection":[{"href":"https:\/\/passionparfums.com\/en\/wp-json\/wp\/v2\/product"}],"about":[{"href":"https:\/\/passionparfums.com\/en\/wp-json\/wp\/v2\/types\/product"}],"replies":[{"embeddable":true,"href":"https:\/\/passionparfums.com\/en\/wp-json\/wp\/v2\/comments?post=16415"}],"wp:featuredmedia":[{"embeddable":true,"href":"https:\/\/passionparfums.com\/en\/wp-json\/wp\/v2\/media\/16416"}],"wp:attachment":[{"href":"https:\/\/passionparfums.com\/en\/wp-json\/wp\/v2\/media?parent=16415"}],"wp:term":[{"taxonomy":"product_brand","embeddable":true,"href":"https:\/\/passionparfums.com\/en\/wp-json\/wp\/v2\/product_brand?post=16415"},{"taxonomy":"product_cat","embeddable":true,"href":"https:\/\/passionparfums.com\/en\/wp-json\/wp\/v2\/product_cat?post=16415"},{"taxonomy":"product_tag","embeddable":true,"href":"https:\/\/passionparfums.com\/en\/wp-json\/wp\/v2\/product_tag?post=16415"}],"curies":[{"name":"wp","href":"https:\/\/api.w.org\/{rel}","templated":true}]}}