{"id":16411,"date":"2025-08-08T11:16:50","date_gmt":"2025-08-08T11:16:50","guid":{"rendered":"https:\/\/passionparfums.com\/?post_type=product&#038;p=16411"},"modified":"2025-08-08T11:16:50","modified_gmt":"2025-08-08T11:16:50","slug":"m-i-supra-serum-lift-remodelant-30-ml","status":"publish","type":"product","link":"https:\/\/passionparfums.com\/en\/product\/m-i-supra-serum-lift-remodelant-30-ml\/","title":{"rendered":"M.I SUPRA SERUM LIFT REMODELANT 30 ml"},"content":{"rendered":"<h3 id=\"accordion_title_7hr95zlo0jpme2qd2ge\" class=\"section-title-js accordion-section__title \" tabindex=\"0\" role=\"button\" data-auto-id=\"what-is-it-title\" aria-expanded=\"true\" aria-controls=\"accordion_content_7hr95zlo0jpme2qd2ge\">Ce que c&rsquo;est<\/h3>\n<div id=\"accordion_content_7hr95zlo0jpme2qd2ge\" class=\"accordion-section__content\" aria-labelledby=\"accordion_title_7hr95zlo0jpme2qd2ge\">\n<div class=\"inner-content-js inner-content\">\n<ul class=\"what-is-it-section__list\">\n<li class=\"mt-5\"><span class=\"what-is-it-section__text-medium\">Type de peau :\u00a0<\/span>Peau mixte, Peau s\u00e8che, Peau normale, Peau grasse<\/li>\n<li class=\"mt-5\"><span class=\"what-is-it-section__text-medium\">Texture :\u00a0<\/span>S\u00e9rum<\/li>\n<li class=\"mt-5\"><span class=\"what-is-it-section__text-medium\">Utilisation :\u00a0<\/span>Utiliser matin et\/ou soir.\u00a0<a class=\"what-is-it-accordion__how-to-link how-to-link-js link link--uppercase display-inline-block cba-link-style\" tabindex=\"0\" href=\"https:\/\/www.clarins.ca\/fr\/supra-serum-lift-remodelant-multi-intensif\/80002595.html\">En savoir plus<\/a><\/li>\n<\/ul>\n<div class=\"discover-more-benefit-section__title\">B\u00e9n\u00e9fices<\/div>\n<div class=\"discover-more-benefit-section__text\">\n<ul>\n<li>Lifte les traits, remod\u00e8le les contours.<\/li>\n<li>Estompe les rides, retend la peau.<\/li>\n<li>Contribue \u00e0 r\u00e9duire visiblement l\u2019apparence des taches li\u00e9es \u00e0 l\u2019\u00e2ge et \u00e0 faire rena\u00eetre la luminosit\u00e9 du teint.<\/li>\n<\/ul>\n<\/div>\n<div class=\"long-description-wrapper \">\n<h2 class=\"subtitle1 \">En savoir plus<\/h2>\n<div class=\"product-info__long-description\">Ce nouveau soin anti-\u00e2ge d&rsquo;exception lifte les traits, redensifie la peau, remod\u00e8le et red\u00e9finit les contours et l&rsquo;ovale du visage, tout en r\u00e9duisant l&rsquo;apparence des taches.<\/p>\n<p>INNOVATION VOLUME ANTI-\u00c2GE CLARINS<br \/>\nLe pr\u00e9cieux extrait de plantain lanc\u00e9ol\u00e9, avec l&rsquo;extrait d&rsquo;harungana bio, est le gardien des volumes du visage. En limitant le d\u00e9stockage des lipides par les adipocytes, il pr\u00e9vient la fonte du tissu adipeux induit par les fibroblastes \u00e2g\u00e9s. Les contours du visage sont red\u00e9finis, l&rsquo;harmonie des volumes est pr\u00e9serv\u00e9e.<\/p>\n<p>EXPERTISE DENSIT\u00c9<br \/>\nEn association, l&rsquo;extrait d&rsquo;harungana bio, arbre \u00ab\u00a0gu\u00e9risseur\u00a0\u00bb malgache, r\u00e9active les fibroblastes carenc\u00e9s en hormones, ce qui redonne de la mati\u00e8re au derme pour combattre les effets de la gravit\u00e9 et permet de mieux freiner la chute des graisses et l&#8217;emp\u00e2tement du bas du visage.<\/p>\n<p>EXPERTISE ANTI-TACHES<br \/>\nL&rsquo;extrait de ciste de Montpellier bio, plante \u00ab\u00a0phoenix\u00a0\u00bb, contribue \u00e0 r\u00e9duire visiblement l&rsquo;apparence des taches li\u00e9es \u00e0 l&rsquo;\u00e2ge et \u00e0 faire rena\u00eetre la luminosit\u00e9 du teint.<\/p>\n<p>Ce produit a remport\u00e9 le\u00a0<strong>ELLE Quebec &amp; Canada 2021 Beauty Grand Prix<\/strong>\u00a0dans la cat\u00e9gorie S\u00e9rum de Nuit, 100 $ et plus.<\/div>\n<div>\n<h3 id=\"accordion_title_16ebffc88fzme2qd2ge\" class=\"section-title-js accordion-section__title clicked\" tabindex=\"0\" role=\"button\" data-auto-id=\"composition-title\" aria-expanded=\"true\" aria-controls=\"accordion_content_16ebffc88fzme2qd2ge\">Ingr\u00e9dients<\/h3>\n<div id=\"accordion_content_16ebffc88fzme2qd2ge\" class=\"accordion-section__content\" aria-labelledby=\"accordion_title_16ebffc88fzme2qd2ge\">\n<div class=\"composition-accordion full-width display-inline-accordion\">\n<div class=\"text-uppercase\" data-gp-noloc=\"node\">AQUA\/WATER\/EAU, GLYCERIN, METHYL GLUCETH-20, PENTYLENE GLYCOL, BUTYLENE GLYCOL, SODIUM POLYACRYLATE, BISABOLOL, HEXYLRESORCINOL, SODIUM HYALURONATE, PHENOXYETHANOL, PARFUM\/FRAGRANCE, AVENA SATIVA (OAT) KERNEL EXTRACT, PLANTAGO LANCEOLATA LEAF EXTRACT, TOCOPHERYL ACETATE, CAPRYLIC\/CAPRIC TRIGLYCERIDE, ATRACTYLOIDES LANCEA ROOT EXTRACT, CARBOMER, TROMETHAMINE, CITRIC ACID, BIOSACCHARIDE GUM-1, DISODIUM EDTA, HARUNGANA MADAGASCARIENSIS EXTRACT, SODIUM BENZOATE, OLEA EUROPAEA (OLIVE) FRUIT EXTRACT, CISTUS MONSPELIENSIS EXTRACT, XANTHAN GUM, CI 14700\/RED 4, ACETYL TETRAPEPTIDE-2, ASCORBIC ACID, DEXTRAN [V2686A]<\/div>\n<div class=\"description-text mt-m\">*\u00c0 titre d\u2019information uniquement. Tout produit \u00e9tant susceptible d\u2019\u00eatre modifi\u00e9, veuillez \u00e9galement consulter la liste des ingr\u00e9dients figurant sur l&#8217;emballage du produit que vous recevrez.<\/div>\n<\/div>\n<\/div>\n<\/div>\n<\/div>\n<\/div>\n<\/div>\n","protected":false},"excerpt":{"rendered":"<p>Ce que c&rsquo;est Type de peau :\u00a0Peau mixte, Peau s\u00e8che, Peau normale, Peau grasse Texture :\u00a0S\u00e9rum Utilisation :\u00a0Utiliser matin et\/ou soir.\u00a0En savoir plus B\u00e9n\u00e9fices Lifte les traits, remod\u00e8le les contours. Estompe les rides, retend la peau. Contribue \u00e0 r\u00e9duire visiblement l\u2019apparence des taches li\u00e9es \u00e0 l\u2019\u00e2ge et \u00e0 faire rena\u00eetre la luminosit\u00e9 du teint. En &hellip; <br \/><a href=\"https:\/\/passionparfums.com\/en\/product\/m-i-supra-serum-lift-remodelant-30-ml\/\" class=\"more-link\">Continue reading <span class=\"screen-reader-text\">M.I SUPRA SERUM LIFT REMODELANT 30 ml<\/span><\/a><\/p>","protected":false},"featured_media":16414,"comment_status":"open","ping_status":"closed","template":"","meta":[],"product_brand":[],"product_cat":[15],"product_tag":[],"class_list":{"0":"post-16411","1":"product","2":"type-product","3":"status-publish","4":"has-post-thumbnail","6":"product_cat-autres","8":"first","9":"instock","10":"shipping-taxable","11":"purchasable","12":"product-type-simple"},"jetpack_sharing_enabled":true,"_links":{"self":[{"href":"https:\/\/passionparfums.com\/en\/wp-json\/wp\/v2\/product\/16411","targetHints":{"allow":["GET"]}}],"collection":[{"href":"https:\/\/passionparfums.com\/en\/wp-json\/wp\/v2\/product"}],"about":[{"href":"https:\/\/passionparfums.com\/en\/wp-json\/wp\/v2\/types\/product"}],"replies":[{"embeddable":true,"href":"https:\/\/passionparfums.com\/en\/wp-json\/wp\/v2\/comments?post=16411"}],"wp:featuredmedia":[{"embeddable":true,"href":"https:\/\/passionparfums.com\/en\/wp-json\/wp\/v2\/media\/16414"}],"wp:attachment":[{"href":"https:\/\/passionparfums.com\/en\/wp-json\/wp\/v2\/media?parent=16411"}],"wp:term":[{"taxonomy":"product_brand","embeddable":true,"href":"https:\/\/passionparfums.com\/en\/wp-json\/wp\/v2\/product_brand?post=16411"},{"taxonomy":"product_cat","embeddable":true,"href":"https:\/\/passionparfums.com\/en\/wp-json\/wp\/v2\/product_cat?post=16411"},{"taxonomy":"product_tag","embeddable":true,"href":"https:\/\/passionparfums.com\/en\/wp-json\/wp\/v2\/product_tag?post=16411"}],"curies":[{"name":"wp","href":"https:\/\/api.w.org\/{rel}","templated":true}]}}