{"id":16407,"date":"2025-08-08T11:10:53","date_gmt":"2025-08-08T11:10:53","guid":{"rendered":"https:\/\/passionparfums.com\/?post_type=product&#038;p=16407"},"modified":"2025-08-08T11:10:53","modified_gmt":"2025-08-08T11:10:53","slug":"extra-firming-serum-visage-50-ml","status":"publish","type":"product","link":"https:\/\/passionparfums.com\/en\/product\/extra-firming-serum-visage-50-ml\/","title":{"rendered":"EXTRA FIRMING SERUM VISAGE 50 ml"},"content":{"rendered":"<h3 id=\"accordion_title_ida1d9z4okime2q2hnm\" class=\"section-title-js accordion-section__title \" tabindex=\"0\" role=\"button\" data-auto-id=\"what-is-it-title\" aria-expanded=\"true\" aria-controls=\"accordion_content_ida1d9z4okime2q2hnm\">Ce que c&rsquo;est<\/h3>\n<div id=\"accordion_content_ida1d9z4okime2q2hnm\" class=\"accordion-section__content\" aria-labelledby=\"accordion_title_ida1d9z4okime2q2hnm\">\n<div class=\"inner-content-js inner-content\">\n<ul class=\"what-is-it-section__list\">\n<li class=\"mt-5\"><span class=\"what-is-it-section__text-medium\">Type de peau :\u00a0<\/span>Peau normale, Peau grasse, Peau mixte, Peau s\u00e8che<\/li>\n<li class=\"mt-5\"><span class=\"what-is-it-section__text-medium\">Utilisation :\u00a0<\/span>Appliquer par pressions sur le visage et le cou, sans masser juste avant votre soin habituel jour ou nuit.\u00a0<a class=\"what-is-it-accordion__how-to-link how-to-link-js link link--uppercase display-inline-block cba-link-style\" tabindex=\"0\" href=\"https:\/\/www.clarins.ca\/fr\/extra-firming-phyto-serum\/80089001.html\">En savoir plus<\/a><\/li>\n<\/ul>\n<div class=\"discover-more-benefit-section__title\">B\u00e9n\u00e9fices<\/div>\n<div class=\"discover-more-benefit-section__text\">\n<ul>\n<li>Effet lift imm\u00e9diat\u00a0: la peau para\u00eet visiblement plus lisse.<\/li>\n<li>Effet lift visible jour apr\u00e8s jour\u00a0: la peau\u00a0retrouve une apparence\u00a0plus ferme<\/li>\n<\/ul>\n<\/div>\n<div class=\"long-description-wrapper \">\n<h2 class=\"subtitle1 \">En savoir plus<\/h2>\n<div class=\"product-info__long-description\">Un s\u00e9rum lifting r\u00e9volutionnaire qui raffermit, lifte et retend visiblement la peau rel\u00e2ch\u00e9e pour aider \u00e0 red\u00e9finir visiblement les contours du visage avec des r\u00e9sultats visibles d\u00e8s la premi\u00e8re utilisation. Formule innovante concentr\u00e9e avec les derni\u00e8res avanc\u00e9es de la science des plantes : les puissants extraits de fleur de kangourou et de mitracarpus raffermissent, liftent et lissent visiblement la peau pour lutter contre l&rsquo;apparence des rides et le rel\u00e2chement cutan\u00e9. L&rsquo;extrait de lupin blanc, une nouvelle d\u00e9couverte v\u00e9g\u00e9tale et un ingr\u00e9dient cl\u00e9, resserre visiblement la peau pour une apparence plus jeune. Les extraits d&rsquo;agave bleu et de quinoa bio forment un maillage de soutien \u00e0 la surface de la peau pour un effet lifting imm\u00e9diat. L&rsquo;acide hyaluronique hydrate la peau en profondeur. Le Phyto-S\u00e9rum Raffermissant, avec sa texture gel douce et ultra-sensorielle, apporte un double effet lift imm\u00e9diat visible jour apr\u00e8s jour pour une peau visiblement plus jeune, raffermie et des contours redessin\u00e9s.<\/div>\n<\/div>\n<div class=\"what-is-it-section__section\">\n<div class=\"what-is-it-section__text\">\n<h3 id=\"accordion_title_9w3kmthz4gme2q2hnm\" class=\"section-title-js accordion-section__title clicked\" tabindex=\"0\" role=\"button\" data-auto-id=\"proven-results-title\" aria-expanded=\"true\" aria-controls=\"accordion_content_9w3kmthz4gme2q2hnm\">R\u00e9sultats<\/h3>\n<div id=\"accordion_content_9w3kmthz4gme2q2hnm\" class=\"accordion-section__content\" aria-labelledby=\"accordion_title_9w3kmthz4gme2q2hnm\">\n<div class=\"proven-results-accordion full-width display-inline-accordion display-inline-block\">\n<div id=\"proven-results\" class=\"proven-results display-flex flex-wrap justify-content-start\">\n<div class=\"proven-results-accordion\">\n<div>\n<div>89%*<\/div>\n<p>La peau est remise en tension.<\/p>\n<div>\n<ul>\n<li>85%* La peau est visiblement plus ferme.<\/li>\n<\/ul>\n<\/div>\n<\/div>\n<\/div>\n<\/div>\n<p>*Test de satisfaction \u2013 111\u00a0femmes \u2013 28\u00a0jours.<\/p><\/div>\n<div>\n<h3 id=\"accordion_title_kc3jlf3d6pme2q2hnm\" class=\"section-title-js accordion-section__title clicked\" tabindex=\"0\" role=\"button\" data-auto-id=\"composition-title\" aria-expanded=\"true\" aria-controls=\"accordion_content_kc3jlf3d6pme2q2hnm\">Ingr\u00e9dients<\/h3>\n<div id=\"accordion_content_kc3jlf3d6pme2q2hnm\" class=\"accordion-section__content\" aria-labelledby=\"accordion_title_kc3jlf3d6pme2q2hnm\">\n<div class=\"composition-accordion full-width display-inline-accordion\">\n<div class=\"text-uppercase\" data-gp-noloc=\"node\">AQUA\/WATER\/EAU. PENTYLENE GLYCOL. GLYCERIN. MALTOSE. 1,2-HEXANEDIOL. CAPRYLYL\/CAPRYL GLUCOSIDE. CHENOPODIUM QUINOA SEED EXTRACT. POLYACRYLATE CROSSPOLYMER-6. CELLULOSE. CI 77891\/TITANIUM DIOXIDE. AGAVE TEQUILANA LEAF EXTRACT. ANIGOZANTHOS FLAVIDUS EXTRACT. ETHYLHEXYLGLYCERIN. PARFUM\/FRAGRANCE. TOCOPHERYL ACETATE. SYNTHETIC FLUORPHLOGOPITE. DISODIUM EDTA. HYDROLYZED LUPINE PROTEIN. SODIUM HYALURONATE. BETAINE. SORBITOL. BIOSACCHARIDE GUM-4. T-BUTYL ALCOHOL. MITRACARPUS SCABER EXTRACT. TIN OXIDE. CI 14700\/RED 4. CI 19140\/YELLOW 5. [V3231B]<\/div>\n<div class=\"description-text mt-m\">*\u00c0 titre d\u2019information uniquement. Tout produit \u00e9tant susceptible d\u2019\u00eatre modifi\u00e9, veuillez \u00e9galement consulter la liste des ingr\u00e9dients figurant sur l&#8217;emballage du produit que vous recevrez.<\/div>\n<\/div>\n<\/div>\n<\/div>\n<\/div>\n<\/div>\n<\/div>\n<\/div>\n<\/div>\n","protected":false},"excerpt":{"rendered":"<p>Ce que c&rsquo;est Type de peau :\u00a0Peau normale, Peau grasse, Peau mixte, Peau s\u00e8che Utilisation :\u00a0Appliquer par pressions sur le visage et le cou, sans masser juste avant votre soin habituel jour ou nuit.\u00a0En savoir plus B\u00e9n\u00e9fices Effet lift imm\u00e9diat\u00a0: la peau para\u00eet visiblement plus lisse. Effet lift visible jour apr\u00e8s jour\u00a0: la peau\u00a0retrouve une &hellip; <br \/><a href=\"https:\/\/passionparfums.com\/en\/product\/extra-firming-serum-visage-50-ml\/\" class=\"more-link\">Continue reading <span class=\"screen-reader-text\">EXTRA FIRMING SERUM VISAGE 50 ml<\/span><\/a><\/p>","protected":false},"featured_media":16408,"comment_status":"open","ping_status":"closed","template":"","meta":[],"product_brand":[],"product_cat":[15],"product_tag":[],"class_list":{"0":"post-16407","1":"product","2":"type-product","3":"status-publish","4":"has-post-thumbnail","6":"product_cat-autres","8":"first","9":"instock","10":"shipping-taxable","11":"product-type-simple"},"jetpack_sharing_enabled":true,"_links":{"self":[{"href":"https:\/\/passionparfums.com\/en\/wp-json\/wp\/v2\/product\/16407","targetHints":{"allow":["GET"]}}],"collection":[{"href":"https:\/\/passionparfums.com\/en\/wp-json\/wp\/v2\/product"}],"about":[{"href":"https:\/\/passionparfums.com\/en\/wp-json\/wp\/v2\/types\/product"}],"replies":[{"embeddable":true,"href":"https:\/\/passionparfums.com\/en\/wp-json\/wp\/v2\/comments?post=16407"}],"wp:featuredmedia":[{"embeddable":true,"href":"https:\/\/passionparfums.com\/en\/wp-json\/wp\/v2\/media\/16408"}],"wp:attachment":[{"href":"https:\/\/passionparfums.com\/en\/wp-json\/wp\/v2\/media?parent=16407"}],"wp:term":[{"taxonomy":"product_brand","embeddable":true,"href":"https:\/\/passionparfums.com\/en\/wp-json\/wp\/v2\/product_brand?post=16407"},{"taxonomy":"product_cat","embeddable":true,"href":"https:\/\/passionparfums.com\/en\/wp-json\/wp\/v2\/product_cat?post=16407"},{"taxonomy":"product_tag","embeddable":true,"href":"https:\/\/passionparfums.com\/en\/wp-json\/wp\/v2\/product_tag?post=16407"}],"curies":[{"name":"wp","href":"https:\/\/api.w.org\/{rel}","templated":true}]}}