{"id":16401,"date":"2025-08-08T11:06:12","date_gmt":"2025-08-08T11:06:12","guid":{"rendered":"https:\/\/passionparfums.com\/?post_type=product&#038;p=16401"},"modified":"2025-08-08T11:06:12","modified_gmt":"2025-08-08T11:06:12","slug":"extra-firming-nuit-raffermissante-tp-50-ml","status":"publish","type":"product","link":"https:\/\/passionparfums.com\/en\/product\/extra-firming-nuit-raffermissante-tp-50-ml\/","title":{"rendered":"EXTRA FIRMING NUIT RAFFERMISSANTE TP 50 ml"},"content":{"rendered":"<h3 id=\"accordion_title_9j7ym5imojme2pwouk\" class=\"section-title-js accordion-section__title \" tabindex=\"0\" role=\"button\" data-auto-id=\"what-is-it-title\" aria-expanded=\"true\" aria-controls=\"accordion_content_9j7ym5imojme2pwouk\">Ce que c&rsquo;est<\/h3>\n<div id=\"accordion_content_9j7ym5imojme2pwouk\" class=\"accordion-section__content\" aria-labelledby=\"accordion_title_9j7ym5imojme2pwouk\">\n<div class=\"inner-content-js inner-content\">\n<ul class=\"what-is-it-section__list\">\n<li class=\"mt-5\"><span class=\"what-is-it-section__text-medium\">Type de peau :\u00a0<\/span>Peau mixte, Peau s\u00e8che, Peau normale, Peau grasse<\/li>\n<li class=\"mt-5\"><span class=\"what-is-it-section__text-medium\">Texture :\u00a0<\/span>Cr\u00e8me<\/li>\n<li class=\"mt-5\"><span class=\"what-is-it-section__text-medium\">Utilisation :\u00a0<\/span>Appliquer chaque soir.\u00a0<a class=\"what-is-it-accordion__how-to-link how-to-link-js link link--uppercase display-inline-block cba-link-style\" tabindex=\"0\" href=\"https:\/\/www.clarins.ca\/fr\/extra-firming-nuit---toutes-peaux\/80110140.html\">En savoir plus<\/a><\/li>\n<\/ul>\n<div class=\"discover-more-benefit-section__title\">B\u00e9n\u00e9fices<\/div>\n<div class=\"discover-more-benefit-section__text\">\n<ul>\n<li>Fermet\u00e9.<\/li>\n<li>Effet revitalisant.<\/li>\n<li>Apparence des rides liss\u00e9es.<\/li>\n<li>Rebond des pommettes.<\/li>\n<li>D\u00e9finition des contours du visage.<\/li>\n<li>\u00c9clat.<\/li>\n<\/ul>\n<\/div>\n<div class=\"long-description-wrapper \">\n<h2 class=\"subtitle1 \">En savoir plus<\/h2>\n<div class=\"product-info__long-description\">\nLa Recherche Clarins cr\u00e9e un soin fermet\u00e9 dont les puissants actifs aident \u00e0 booster les r\u00e9serves en collag\u00e8ne* pour une peau plus ferme en 7 jours.**<\/p>\n<p>Une cr\u00e8me nuit fermet\u00e9 nouvelle g\u00e9n\u00e9ration. Sa technologie exclusive*** [COLLAGEN]\u00b3 TECHNOLOGY a une action cibl\u00e9e sur le collag\u00e8ne gr\u00e2ce \u00e0 son puissant trio d&rsquo;actifs.<br \/>\n&#8211; Polypeptide de collag\u00e8ne.<br \/>\n&#8211; Extrait de pacanier.<br \/>\n&#8211; Extrait de mitracarpus.<\/p>\n<p>Le niacinamide, mol\u00e9cule de jeunesse, permet d&rsquo;am\u00e9liorer la texture de la peau et contribuer \u00e0 son \u00e9clat.<br \/>\nLa formule, compos\u00e9e de plus d&rsquo;un million de peptides d&rsquo;avocat,****aide la peau \u00e0 se r\u00e9g\u00e9n\u00e9rer pendant la nuit.<br \/>\nLa peau parait repos\u00e9e, pr\u00eate \u00e0 accueillir une nouvelle journ\u00e9e.<\/p>\n<p>R\u00e9sultats : La peau est plus ferme, comme lift\u00e9e. Les rides sont liss\u00e9es, les pommettes plus rebondies et les contours du visage mieux d\u00e9finis.<\/p>\n<p>Texture : les laboratoires Clarins ont associ\u00e9 une combinaison unique d&rsquo;ingr\u00e9dients pour cr\u00e9er cette texture enveloppante qui apporte une sensation de confort, sans effet gras.<\/p>\n<p>Les cr\u00e8mes Extra-Firming sont d\u00e9sormais rechargeables.<\/p>\n<p>*Test ex vivo sur explants photo vieillis, mesure de la quantit\u00e9 de collag\u00e8ne de bonne qualit\u00e9 bien structur\u00e9.<br \/>\n**Test consommateurs, 107 femmes.<br \/>\n***Chez Clarins.<br \/>\n****Dans un pot de 50 ml.<\/p><\/div>\n<\/div>\n<div class=\"what-is-it-section__section\">\n<div class=\"what-is-it-section__title\">Innovation et expertise des plantes<\/div>\n<div class=\"what-is-it-section__text\">La gamme Extra-Firming poss\u00e8de une technologie exclusive pour aider \u00e0 augmenter le capital collag\u00e8ne de la peau* [COLLAGEN]\u00b3 TECHNOLOGY.<br \/>\nLe capital collag\u00e8ne de la peau est augment\u00e9 de 53%.*<br \/>\n*Test ex vivo sur explants photo vieillis, mesure de la quantit\u00e9 de collag\u00e8ne de bonne qualit\u00e9 bien structur\u00e9.<\/div>\n<\/div>\n<div class=\"what-is-it-section__section\">\n<div class=\"what-is-it-section__title\">Le plus Clarins<\/div>\n<div class=\"what-is-it-section__text\">Le saviez-vous ? Le collag\u00e8ne est la prot\u00e9ine cl\u00e9 de la jeunesse et de la fermet\u00e9 de la peau. Ses r\u00e9serves diminuent d\u00e8s l&rsquo;\u00e2ge de 25 ans. Fort de plus de 45 ans d&rsquo;expertise fermet\u00e9, la Recherche Clarins apporte une r\u00e9ponse exclusive : lutter contre les signes visibles de la perte de collag\u00e8ne sur la peau et retrouver une peau plus ferme.<\/div>\n<div>\n<h3 id=\"accordion_title_rmkrckp0ggdme2pwouk\" class=\"section-title-js accordion-section__title clicked\" tabindex=\"0\" role=\"button\" data-auto-id=\"proven-results-title\" aria-expanded=\"true\" aria-controls=\"accordion_content_rmkrckp0ggdme2pwouk\">R\u00e9sultats<\/h3>\n<div id=\"accordion_content_rmkrckp0ggdme2pwouk\" class=\"accordion-section__content\" aria-labelledby=\"accordion_title_rmkrckp0ggdme2pwouk\">\n<div class=\"proven-results-accordion full-width display-inline-accordion display-inline-block\">\n<div id=\"proven-results\" class=\"proven-results display-flex flex-wrap justify-content-start\">\n<div class=\"proven-results-accordion\">\n<div>\n<div>+53%*<\/div>\n<p>Capital Collag\u00e8ne<\/p>\n<div>\n<ul>\n<li>La peau est plus ferme en 7 jours.**<\/li>\n<li>86%** des femmes d\u00e9clarent que leur peau est revitalis\u00e9e.<\/li>\n<li>88%** des femmes d\u00e9clarent que la peau para\u00eet repos\u00e9e comme apr\u00e8s une nuit de 8H.<\/li>\n<\/ul>\n<\/div>\n<\/div>\n<\/div>\n<\/div>\n<p>*Tests ex vivo sur explants photo vieillis, mesure de la quantit\u00e9 de collag\u00e8ne de bonne qualit\u00e9 bien structur\u00e9.**Test consommateur, Cr\u00e8me Nuit Toutes peaux, 107 femmes, apr\u00e8s 1 mois.<\/p><\/div>\n<div>\n<h3 id=\"accordion_title_e58gjgr6oefme2pwouk\" class=\"section-title-js accordion-section__title clicked\" tabindex=\"0\" role=\"button\" data-auto-id=\"composition-title\" aria-expanded=\"true\" aria-controls=\"accordion_content_e58gjgr6oefme2pwouk\">Ingr\u00e9dients<\/h3>\n<div id=\"accordion_content_e58gjgr6oefme2pwouk\" class=\"accordion-section__content\" aria-labelledby=\"accordion_title_e58gjgr6oefme2pwouk\">\n<div class=\"composition-accordion full-width display-inline-accordion\">\n<div class=\"text-uppercase\" data-gp-noloc=\"node\">AQUA\/WATER\/EAU. DICAPRYLYL CARBONATE. CAPRYLIC\/CAPRIC TRIGLYCERIDE. GLYCERIN. CETEARYL ALCOHOL. HYDROGENATED COCO-GLYCERIDES. NIACINAMIDE. 1,2-HEXANEDIOL. GLYCERYL STEARATE. PEG-100 STEARATE. ARGANIA SPINOSA KERNEL OIL. HYDROXYETHYL ACRYLATE\/SODIUM ACRYLOYLDIMETHYL TAURATE COPOLYMER. CETEARYL GLUCOSIDE. CELLULOSE. HYDROXYACETOPHENONE. PARFUM\/FRAGRANCE. BUTYLENE GLYCOL. AVENA SATIVA (OAT) KERNEL EXTRACT. DISODIUM EDTA. ETHYLHEXYLGLYCERIN. TOCOPHERYL ACETATE. PENTYLENE GLYCOL. ALOE BARBADENSIS LEAF JUICE POWDER. PROPANEDIOL. MALTODEXTRIN. POLYSORBATE 60. SORBITAN ISOSTEARATE. PERSEA GRATISSIMA (AVOCADO) FRUIT EXTRACT. BETAINE. SORBITOL. MARRUBIUM VULGARE EXTRACT. ORTHOSIPHON STAMINEUS EXTRACT. XANTHAN GUM. SODIUM BENZOATE. BALANITES ROXBURGHII SEED OIL. MITRACARPUS SCABER EXTRACT. PHENETHYL ALCOHOL. TOCOPHEROL. CARYA ILLINOINENSIS (PECAN) SHELL EXTRACT. FURCELLARIA LUMBRICALIS EXTRACT. LAPSANA COMMUNIS FLOWER\/LEAF\/STEM EXTRACT. MARIS SAL\/SEA SALT\/SEL MARIN. ARGININE\/LYSINE POLYPEPTIDE. [V4462A]<\/div>\n<div class=\"description-text mt-m\">*\u00c0 titre d\u2019information uniquement. Tout produit \u00e9tant susceptible d\u2019\u00eatre modifi\u00e9, veuillez \u00e9galement consulter la liste des ingr\u00e9dients figurant sur l&#8217;emballage du produit que vous recevrez.<\/div>\n<\/div>\n<\/div>\n<\/div>\n<\/div>\n<\/div>\n<\/div>\n<\/div>\n<\/div>\n","protected":false},"excerpt":{"rendered":"<p>Ce que c&rsquo;est Type de peau :\u00a0Peau mixte, Peau s\u00e8che, Peau normale, Peau grasse Texture :\u00a0Cr\u00e8me Utilisation :\u00a0Appliquer chaque soir.\u00a0En savoir plus B\u00e9n\u00e9fices Fermet\u00e9. Effet revitalisant. Apparence des rides liss\u00e9es. Rebond des pommettes. D\u00e9finition des contours du visage. \u00c9clat. En savoir plus La Recherche Clarins cr\u00e9e un soin fermet\u00e9 dont les puissants actifs aident \u00e0 &hellip; <br \/><a href=\"https:\/\/passionparfums.com\/en\/product\/extra-firming-nuit-raffermissante-tp-50-ml\/\" class=\"more-link\">Continue reading <span class=\"screen-reader-text\">EXTRA FIRMING NUIT RAFFERMISSANTE TP 50 ml<\/span><\/a><\/p>","protected":false},"featured_media":16400,"comment_status":"open","ping_status":"closed","template":"","meta":[],"product_brand":[],"product_cat":[15],"product_tag":[],"class_list":{"0":"post-16401","1":"product","2":"type-product","3":"status-publish","4":"has-post-thumbnail","6":"product_cat-autres","8":"first","9":"instock","10":"shipping-taxable","11":"purchasable","12":"product-type-simple"},"jetpack_sharing_enabled":true,"_links":{"self":[{"href":"https:\/\/passionparfums.com\/en\/wp-json\/wp\/v2\/product\/16401","targetHints":{"allow":["GET"]}}],"collection":[{"href":"https:\/\/passionparfums.com\/en\/wp-json\/wp\/v2\/product"}],"about":[{"href":"https:\/\/passionparfums.com\/en\/wp-json\/wp\/v2\/types\/product"}],"replies":[{"embeddable":true,"href":"https:\/\/passionparfums.com\/en\/wp-json\/wp\/v2\/comments?post=16401"}],"wp:featuredmedia":[{"embeddable":true,"href":"https:\/\/passionparfums.com\/en\/wp-json\/wp\/v2\/media\/16400"}],"wp:attachment":[{"href":"https:\/\/passionparfums.com\/en\/wp-json\/wp\/v2\/media?parent=16401"}],"wp:term":[{"taxonomy":"product_brand","embeddable":true,"href":"https:\/\/passionparfums.com\/en\/wp-json\/wp\/v2\/product_brand?post=16401"},{"taxonomy":"product_cat","embeddable":true,"href":"https:\/\/passionparfums.com\/en\/wp-json\/wp\/v2\/product_cat?post=16401"},{"taxonomy":"product_tag","embeddable":true,"href":"https:\/\/passionparfums.com\/en\/wp-json\/wp\/v2\/product_tag?post=16401"}],"curies":[{"name":"wp","href":"https:\/\/api.w.org\/{rel}","templated":true}]}}