{"id":16389,"date":"2025-08-08T10:56:12","date_gmt":"2025-08-08T10:56:12","guid":{"rendered":"https:\/\/passionparfums.com\/?post_type=product&#038;p=16389"},"modified":"2025-08-08T10:59:54","modified_gmt":"2025-08-08T10:59:54","slug":"extra-firming-cou-decollete-75-ml","status":"publish","type":"product","link":"https:\/\/passionparfums.com\/en\/product\/extra-firming-cou-decollete-75-ml\/","title":{"rendered":"EXTRA FIRMING COU &#038; DECOLLETE 75 ml"},"content":{"rendered":"<h3 id=\"accordion_title_wr2p9axzv8bme2pmix1\" class=\"section-title-js accordion-section__title \" tabindex=\"0\" role=\"button\" data-auto-id=\"what-is-it-title\" aria-expanded=\"true\" aria-controls=\"accordion_content_wr2p9axzv8bme2pmix1\">Ce que c&rsquo;est<\/h3>\n<div id=\"accordion_content_wr2p9axzv8bme2pmix1\" class=\"accordion-section__content\" aria-labelledby=\"accordion_title_wr2p9axzv8bme2pmix1\">\n<div class=\"inner-content-js inner-content\">\n<ul class=\"what-is-it-section__list\">\n<li class=\"mt-5\"><span class=\"what-is-it-section__text-medium\">Type de peau :\u00a0<\/span>Peau mixte, Peau s\u00e8che, Peau normale, Peau grasse<\/li>\n<li class=\"mt-5\"><span class=\"what-is-it-section__text-medium\">Texture :\u00a0<\/span>Cr\u00e8me<\/li>\n<li class=\"mt-5\"><span class=\"what-is-it-section__text-medium\">Utilisation :\u00a0<\/span>Appliquer chaque jour, matin et\/ou soir, en massages l\u00e9gers du menton vers le d\u00e9collet\u00e9.\u00a0<a class=\"what-is-it-accordion__how-to-link how-to-link-js link link--uppercase display-inline-block cba-link-style\" tabindex=\"0\" href=\"https:\/\/www.clarins.ca\/fr\/extra-firming-cou-decollete\/80056458.html\">En savoir plus<\/a><\/li>\n<\/ul>\n<div class=\"discover-more-benefit-section__title\">B\u00e9n\u00e9fices<\/div>\n<div class=\"discover-more-benefit-section__text\">\n<ul>\n<li>Lifte<\/li>\n<li>Regalbe<\/li>\n<li>Raffermit<\/li>\n<\/ul>\n<\/div>\n<div class=\"long-description-wrapper \">\n<h2 class=\"subtitle1 \">En savoir plus<\/h2>\n<div class=\"product-info__long-description\">Le cou et le d\u00e9collet\u00e9 sont des zones fragiles et souvent oubli\u00e9es dans la routine de soins quotidiens. Avec l&rsquo;\u00e2ge et l&rsquo;impact des mouvements quotidiens auxquels elle est soumise, la peau se ride et se plisse d&rsquo;autant plus facilement. Extra-Firming Cou &amp; D\u00e9collet\u00e9, un soin lift-regalbant, lissant, d\u00e9licieusement fondant et non gras, est id\u00e9al pour pr\u00e9server visiblement la jeunesse du cou et du d\u00e9collet\u00e9. Jour apr\u00e8s jour, cette zone mobile si fragile et d\u00e9licate retrouve allure, fermet\u00e9 et maintien.<\/div>\n<\/div>\n<div class=\"what-is-it-section__section\">\n<div class=\"what-is-it-section__title\">Le plus Clarins<\/div>\n<div class=\"what-is-it-section__text\">Le soin lift-regalbant et lissant id\u00e9al pour pr\u00e9server visiblement la jeunesse du cou et du d\u00e9collet\u00e9.<\/div>\n<div>\n<h3 id=\"accordion_title_op1ve2phgw9me2pmix2\" class=\"section-title-js accordion-section__title clicked\" tabindex=\"0\" role=\"button\" data-auto-id=\"composition-title\" aria-expanded=\"true\" aria-controls=\"accordion_content_op1ve2phgw9me2pmix2\">Ingr\u00e9dients<\/h3>\n<div id=\"accordion_content_op1ve2phgw9me2pmix2\" class=\"accordion-section__content\" aria-labelledby=\"accordion_title_op1ve2phgw9me2pmix2\">\n<div class=\"composition-accordion full-width display-inline-accordion\">\n<div class=\"text-uppercase\" data-gp-noloc=\"node\">INGREDIENTS : AQUA\/WATER\/EAU. COCO-CAPRYLATE\/CAPRATE. COCOGLYCERIDES. POLYGLYCERYL-6 DISTEARATE. GLYCERIN. COCOS NUCIFERA (COCONUT) OIL. JOJOBA ESTERS. 1,2-HEXANEDIOL. BEHENETH-25. BUTYROSPERMUM PARKII (SHEA) BUTTER. HELIANTHUS ANNUUS (SUNFLOWER) SEED OIL UNSAPONIFIABLES. POLYGLYCERIN-3. SODIUM POLYACRYLATE. PARFUM\/FRAGRANCE. GLYCERYL CAPRYLATE. XYLITYLGLUCOSIDE. SODIUM ACRYLATES COPOLYMER. ANIGOZANTHOS FLAVIDUS EXTRACT. ANHYDROXYLITOL. CETYL ALCOHOL. POLYGLYCERYL-3 BEESWAX. ETHYLHEXYLGLYCERIN. HYDROLYZED JOJOBA ESTERS. TOCOPHERYL ACETATE. LECITHIN. XYLITOL. AVENA SATIVA (OAT) KERNEL EXTRACT. DISODIUM EDTA. CAPRYLIC\/CAPRIC TRIGLYCERIDE. ACACIA DECURRENS FLOWER WAX. HELIANTHUS ANNUUS (SUNFLOWER) SEED WAX. BUTYLENE GLYCOL. BETAINE. SORBITOL. GLUCOSE. MARRUBIUM VULGARE EXTRACT. HELIANTHUS ANNUUS (SUNFLOWER) EXTRACT. KALANCHOE PINNATA LEAF EXTRACT. BALANITES ROXBURGHII SEED OIL. MITRACARPUS SCABER EXTRACT. SODIUM BENZOATE. PHENETHYL ALCOHOL. PHENOXYETHANOL. STEARETH-20. CITRIC ACID. FURCELLARIA LUMBRICALIS EXTRACT. POTASSIUM SORBATE. CI 15985\/YELLOW 6. LAPSANA COMMUNIS FLOWER\/LEAF\/STEM EXTRACT. MARIS SAL\/SEA SALT\/SEL MARIN [C3504A]<\/div>\n<div class=\"description-text mt-m\">*\u00c0 titre d\u2019information uniquement. Tout produit \u00e9tant susceptible d\u2019\u00eatre modifi\u00e9, veuillez \u00e9galement consulter la liste des ingr\u00e9dients figurant sur l&#8217;emballage du produit que vous recevrez.<\/div>\n<\/div>\n<\/div>\n<\/div>\n<\/div>\n<\/div>\n<\/div>\n","protected":false},"excerpt":{"rendered":"<p>Ce que c&rsquo;est Type de peau :\u00a0Peau mixte, Peau s\u00e8che, Peau normale, Peau grasse Texture :\u00a0Cr\u00e8me Utilisation :\u00a0Appliquer chaque jour, matin et\/ou soir, en massages l\u00e9gers du menton vers le d\u00e9collet\u00e9.\u00a0En savoir plus B\u00e9n\u00e9fices Lifte Regalbe Raffermit En savoir plus Le cou et le d\u00e9collet\u00e9 sont des zones fragiles et souvent oubli\u00e9es dans la routine &hellip; <br \/><a href=\"https:\/\/passionparfums.com\/en\/product\/extra-firming-cou-decollete-75-ml\/\" class=\"more-link\">Continue reading <span class=\"screen-reader-text\">EXTRA FIRMING COU &#038; DECOLLETE 75 ml<\/span><\/a><\/p>","protected":false},"featured_media":16394,"comment_status":"open","ping_status":"closed","template":"","meta":[],"product_brand":[],"product_cat":[15],"product_tag":[],"class_list":{"0":"post-16389","1":"product","2":"type-product","3":"status-publish","4":"has-post-thumbnail","6":"product_cat-autres","8":"first","9":"instock","10":"shipping-taxable","11":"purchasable","12":"product-type-simple"},"jetpack_sharing_enabled":true,"_links":{"self":[{"href":"https:\/\/passionparfums.com\/en\/wp-json\/wp\/v2\/product\/16389","targetHints":{"allow":["GET"]}}],"collection":[{"href":"https:\/\/passionparfums.com\/en\/wp-json\/wp\/v2\/product"}],"about":[{"href":"https:\/\/passionparfums.com\/en\/wp-json\/wp\/v2\/types\/product"}],"replies":[{"embeddable":true,"href":"https:\/\/passionparfums.com\/en\/wp-json\/wp\/v2\/comments?post=16389"}],"wp:featuredmedia":[{"embeddable":true,"href":"https:\/\/passionparfums.com\/en\/wp-json\/wp\/v2\/media\/16394"}],"wp:attachment":[{"href":"https:\/\/passionparfums.com\/en\/wp-json\/wp\/v2\/media?parent=16389"}],"wp:term":[{"taxonomy":"product_brand","embeddable":true,"href":"https:\/\/passionparfums.com\/en\/wp-json\/wp\/v2\/product_brand?post=16389"},{"taxonomy":"product_cat","embeddable":true,"href":"https:\/\/passionparfums.com\/en\/wp-json\/wp\/v2\/product_cat?post=16389"},{"taxonomy":"product_tag","embeddable":true,"href":"https:\/\/passionparfums.com\/en\/wp-json\/wp\/v2\/product_tag?post=16389"}],"curies":[{"name":"wp","href":"https:\/\/api.w.org\/{rel}","templated":true}]}}