{"id":16381,"date":"2025-08-06T15:23:19","date_gmt":"2025-08-06T15:23:19","guid":{"rendered":"https:\/\/passionparfums.com\/?post_type=product&#038;p=16381"},"modified":"2025-08-06T15:23:19","modified_gmt":"2025-08-06T15:23:19","slug":"extra-firming-jour-spf15-50-ml","status":"publish","type":"product","link":"https:\/\/passionparfums.com\/en\/product\/extra-firming-jour-spf15-50-ml\/","title":{"rendered":"EXTRA FIRMING JOUR SPF15 50 ml"},"content":{"rendered":"<h3 id=\"accordion_title_98o12o45e9cme045y5u\" class=\"section-title-js accordion-section__title\" tabindex=\"0\" role=\"button\" data-auto-id=\"what-is-it-title\" aria-expanded=\"true\" aria-controls=\"accordion_content_98o12o45e9cme045y5u\">Ce que c&rsquo;est<\/h3>\n<div id=\"accordion_content_98o12o45e9cme045y5u\" class=\"accordion-section__content\" aria-labelledby=\"accordion_title_98o12o45e9cme045y5u\">\n<div class=\"inner-content-js inner-content\">\n<ul class=\"what-is-it-section__list\">\n<li class=\"mt-5\"><span class=\"what-is-it-section__text-medium\">Type de peau :\u00a0<\/span>Peau normale, Peau grasse, Peau mixte, Peau s\u00e8che<\/li>\n<li class=\"mt-5\"><span class=\"what-is-it-section__text-medium\">Texture :\u00a0<\/span>Cr\u00e8me<\/li>\n<li class=\"mt-5\"><span class=\"what-is-it-section__text-medium\">Utilisation :\u00a0<\/span>Appliquer le matin sur peau propre et nette.\u00a0<a class=\"what-is-it-accordion__how-to-link how-to-link-js link link--uppercase display-inline-block cba-link-style\" tabindex=\"0\" href=\"https:\/\/www.clarins.ca\/fr\/extra-firming-jour-fps-15-%E2%80%93-toutes-peaux\/80084913.html\">En savoir plus<\/a><\/li>\n<\/ul>\n<div class=\"discover-more-benefit-section__title\">B\u00e9n\u00e9fices<\/div>\n<div class=\"discover-more-benefit-section__text\">\n<ul>\n<li>Raffermit et lifte visiblement.<\/li>\n<li>Lisse l&rsquo;apparence des lignes et des rides.<\/li>\n<li>Am\u00e9liore l&rsquo;\u00e9clat de la peau.<\/li>\n<li>Prot\u00e8ge des rayons UVA\/UVB gr\u00e2ce \u00e0 un \u00e9cran solaire SPF 15 \u00e0 large spectre.<\/li>\n<li>Le Complexe Anti-Pollution de Clarins aide \u00e0 prot\u00e9ger la peau des polluants int\u00e9rieurs et ext\u00e9rieurs.<\/li>\n<\/ul>\n<\/div>\n<div class=\"long-description-wrapper\">\n<h2 class=\"subtitle1\">En savoir plus<\/h2>\n<div class=\"product-info__long-description\">Cette onctueuse cr\u00e8me de jour anti-\u00e2ge raffermit, lifte et combat visiblement les rides gr\u00e2ce au pouvoir anti-\u00e2ge de l&rsquo;extrait de fleur de kangourou, qui donne \u00e0 la peau un aspect lisse, ferme, radieux et revitalis\u00e9 jour apr\u00e8s jour. Elle prot\u00e8ge des rayons UVA\/UVB responsables du vieillissement cutan\u00e9 gr\u00e2ce \u00e0 un \u00e9cran solaire SPF 15 \u00e0 large spectre. Formul\u00e9e avec le Complexe Anti-Pollution de Clarins pour aider \u00e0 combattre les effets de la pollution et des radicaux libres.<\/div>\n<\/div>\n<div class=\"what-is-it-section__section\">\n<div class=\"what-is-it-section__title\">Le plus Clarins<\/div>\n<div class=\"what-is-it-section__text\">Le r\u00e9sultat de plus de 40 ans d&rsquo;expertise en mati\u00e8re de raffermissement, les formules anti-rides avanc\u00e9es de CIarins favorisent la souplesse de la peau \u00e0 sa source pour une peau visiblement plus ferme, plus lisse et plus \u00e9clatante jour apr\u00e8s jour.<\/div>\n<div>\n<h3 id=\"accordion_title_8ujx90hs90ume045y5u\" class=\"section-title-js accordion-section__title clicked\" tabindex=\"0\" role=\"button\" data-auto-id=\"proven-results-title\" aria-expanded=\"true\" aria-controls=\"accordion_content_8ujx90hs90ume045y5u\">R\u00e9sultats<\/h3>\n<div id=\"accordion_content_8ujx90hs90ume045y5u\" class=\"accordion-section__content\" aria-labelledby=\"accordion_title_8ujx90hs90ume045y5u\">\n<div class=\"proven-results-accordion full-width display-inline-accordion display-inline-block\">\n<div id=\"proven-results\" class=\"proven-results display-flex flex-wrap justify-content-start\">\n<div class=\"proven-results-accordion\">\n<div>\n<div>91%*<\/div>\n<p>La peau para\u00eet visiblement r\u00e9g\u00e9n\u00e9r\u00e9e<\/p>\n<div>\n<ul>\n<li>89%* La peau semble visiblement plus ferme<\/li>\n<li>87%* La peau est visiblement plus lisse<\/li>\n<\/ul>\n<\/div>\n<\/div>\n<\/div>\n<\/div>\n<p>*Test de satisfaction &#8211; 107 femmes utilisant Extra-Firming Jour et Extra-Firming Nuit &#8211; 14 jours.<\/p><\/div>\n<\/div>\n<\/div>\n<\/div>\n<\/div>\n<\/div>","protected":false},"excerpt":{"rendered":"<p>Ce que c&rsquo;est Type de peau :\u00a0Peau normale, Peau grasse, Peau mixte, Peau s\u00e8che Texture :\u00a0Cr\u00e8me Utilisation :\u00a0Appliquer le matin sur peau propre et nette.\u00a0En savoir plus B\u00e9n\u00e9fices Raffermit et lifte visiblement. Lisse l&rsquo;apparence des lignes et des rides. Am\u00e9liore l&rsquo;\u00e9clat de la peau. Prot\u00e8ge des rayons UVA\/UVB gr\u00e2ce \u00e0 un \u00e9cran solaire SPF 15 &hellip; <br \/><a href=\"https:\/\/passionparfums.com\/en\/product\/extra-firming-jour-spf15-50-ml\/\" class=\"more-link\">Continue reading <span class=\"screen-reader-text\">EXTRA FIRMING JOUR SPF15 50 ml<\/span><\/a><\/p>","protected":false},"featured_media":16386,"comment_status":"open","ping_status":"closed","template":"","meta":[],"product_brand":[],"product_cat":[15],"product_tag":[],"class_list":{"0":"post-16381","1":"product","2":"type-product","3":"status-publish","4":"has-post-thumbnail","6":"product_cat-autres","8":"first","9":"instock","10":"shipping-taxable","11":"purchasable","12":"product-type-simple"},"jetpack_sharing_enabled":true,"_links":{"self":[{"href":"https:\/\/passionparfums.com\/en\/wp-json\/wp\/v2\/product\/16381","targetHints":{"allow":["GET"]}}],"collection":[{"href":"https:\/\/passionparfums.com\/en\/wp-json\/wp\/v2\/product"}],"about":[{"href":"https:\/\/passionparfums.com\/en\/wp-json\/wp\/v2\/types\/product"}],"replies":[{"embeddable":true,"href":"https:\/\/passionparfums.com\/en\/wp-json\/wp\/v2\/comments?post=16381"}],"wp:featuredmedia":[{"embeddable":true,"href":"https:\/\/passionparfums.com\/en\/wp-json\/wp\/v2\/media\/16386"}],"wp:attachment":[{"href":"https:\/\/passionparfums.com\/en\/wp-json\/wp\/v2\/media?parent=16381"}],"wp:term":[{"taxonomy":"product_brand","embeddable":true,"href":"https:\/\/passionparfums.com\/en\/wp-json\/wp\/v2\/product_brand?post=16381"},{"taxonomy":"product_cat","embeddable":true,"href":"https:\/\/passionparfums.com\/en\/wp-json\/wp\/v2\/product_cat?post=16381"},{"taxonomy":"product_tag","embeddable":true,"href":"https:\/\/passionparfums.com\/en\/wp-json\/wp\/v2\/product_tag?post=16381"}],"curies":[{"name":"wp","href":"https:\/\/api.w.org\/{rel}","templated":true}]}}