{"id":16376,"date":"2025-08-06T15:19:00","date_gmt":"2025-08-06T15:19:00","guid":{"rendered":"https:\/\/passionparfums.com\/?post_type=product&#038;p=16376"},"modified":"2025-08-06T15:19:00","modified_gmt":"2025-08-06T15:19:00","slug":"multi-active-creme-nuit-tp-50-ml","status":"publish","type":"product","link":"https:\/\/passionparfums.com\/en\/product\/multi-active-creme-nuit-tp-50-ml\/","title":{"rendered":"MULTI ACTIVE CREME NUIT TP 50 ml"},"content":{"rendered":"<h3 id=\"accordion_title_qp6hkvoeuu9me03zt78\" class=\"section-title-js accordion-section__title \" tabindex=\"0\" role=\"button\" data-auto-id=\"what-is-it-title\" aria-expanded=\"true\" aria-controls=\"accordion_content_qp6hkvoeuu9me03zt78\">Ce que c&rsquo;est<\/h3>\n<div id=\"accordion_content_qp6hkvoeuu9me03zt78\" class=\"accordion-section__content\" aria-labelledby=\"accordion_title_qp6hkvoeuu9me03zt78\">\n<div class=\"inner-content-js inner-content\">\n<ul class=\"what-is-it-section__list\">\n<li class=\"mt-5\"><span class=\"what-is-it-section__text-medium\">Type de peau :\u00a0<\/span>Peau mixte, Peau s\u00e8che, Peau normale, Peau grasse<\/li>\n<li class=\"mt-5\"><span class=\"what-is-it-section__text-medium\">Texture :\u00a0<\/span>Cr\u00e8me<\/li>\n<li class=\"mt-5\"><span class=\"what-is-it-section__text-medium\">Utilisation :\u00a0<\/span>S&rsquo;applique chaque soir.\u00a0<a class=\"what-is-it-accordion__how-to-link how-to-link-js link link--uppercase display-inline-block cba-link-style\" tabindex=\"0\" href=\"https:\/\/www.clarins.ca\/fr\/multi-active-creme-nuit---toutes-peaux\/80100572.html\">En savoir plus<\/a><\/li>\n<\/ul>\n<div class=\"discover-more-benefit-section__title\">B\u00e9n\u00e9fices<\/div>\n<div class=\"discover-more-benefit-section__text\">\n<ul>\n<li>Peau liss\u00e9e.<\/li>\n<li>Peau hydrat\u00e9e et douce.<\/li>\n<li>Peau \u00e9clatante et tonifi\u00e9e.<\/li>\n<li>Complexe anti-pollution Clarins.<\/li>\n<\/ul>\n<\/div>\n<div class=\"long-description-wrapper \">\n<h2 class=\"subtitle1 \">En savoir plus<\/h2>\n<div class=\"product-info__long-description\">La peau \u00e9tant particuli\u00e8rement sollicit\u00e9e la journ\u00e9e, la nuit lorsqu\u2019elle est au repos, est le moment optimal pour favoriser son renouvellement. Cette cr\u00e8me r\u00e9novatrice \u00e0 92% d&rsquo;ingr\u00e9dients d&rsquo;origine naturelle renferme une technologie in\u00e9dite :<\/p>\n<p>\u2022 [Complexe d\u2019actifs pour recharger la peau] : le Niacinamide, associ\u00e9 \u00e0 l\u2019extrait de Chardon des Dunes, forment un duo puissant qui aide \u00e0 r\u00e9duire les 1ers signes visibles de l\u2019\u00e2ge. La fonction barri\u00e8re de la peau est renforc\u00e9e, son \u00e9clat raviv\u00e9 et sa jeunesse pr\u00e9serv\u00e9e.<br \/>\n\u2022 Un t\u00e9trapeptide puissant aide la peau \u00e0 se renouveler durant la nuit.<\/p>\n<p>R\u00e9sultat : la peau parait repos\u00e9e, plus lisse, hydrat\u00e9e et \u00e9clatante au r\u00e9veil.<\/p><\/div>\n<\/div>\n<div class=\"what-is-it-section__section\">\n<div class=\"what-is-it-section__title\">Innovation et expertise des plantes<\/div>\n<div class=\"what-is-it-section__text\">Innovation technologique Clarins : le [Complexe d\u2019actifs pour recharger la peau]<br \/>\nUn duo d&rsquo;actifs puissants : \u200ble Niacinamide associ\u00e9 \u00e0 l\u2019extrait de Chardon des Dunes bio participe \u00e0 lisser la peau et \u00e0 renforcer sa r\u00e9sistance.<\/div>\n<\/div>\n<div class=\"what-is-it-section__section\">\n<div class=\"what-is-it-section__title\">Le plus Clarins<\/div>\n<div class=\"what-is-it-section__text\">La Recherche Clarins a mis en \u00e9vidence 8 signes de l\u2019\u00e2ge visibles sur la peau et accentu\u00e9s par une vie riche et intense, un stress quotidien.C&rsquo;est ce ph\u00e9nom\u00e8ne que nous avons nomm\u00e9 stress aging : l\u2019acc\u00e9l\u00e9ration du vieillissement cutan\u00e9 li\u00e9 au stress induit par le rythme de vie. Les soins Multi-Active vont cibler l&rsquo;apparence de jeunesse et favoriser sa r\u00e9sistance.<\/div>\n<div>\n<h3 id=\"accordion_title_yk9cocf6m9me03zt78\" class=\"section-title-js accordion-section__title clicked\" tabindex=\"0\" role=\"button\" data-auto-id=\"proven-results-title\" aria-expanded=\"true\" aria-controls=\"accordion_content_yk9cocf6m9me03zt78\">R\u00e9sultats<\/h3>\n<div id=\"accordion_content_yk9cocf6m9me03zt78\" class=\"accordion-section__content\" aria-labelledby=\"accordion_title_yk9cocf6m9me03zt78\">\n<div class=\"proven-results-accordion full-width display-inline-accordion display-inline-block\">\n<div id=\"proven-results\" class=\"proven-results display-flex flex-wrap justify-content-start\">\n<div class=\"proven-results-accordion\">\n<div>\n<div>92%*<\/div>\n<p>des femmes trouvent leur peau plus lisse.<\/p>\n<div>\n<ul>\n<li>83%* des femmes trouvent que leur peau est renforc\u00e9e.<\/li>\n<li>Les signes de fatigues et de stress sont divis\u00e9s par 2 avec le Duo Jour et Nuit.**<\/li>\n<\/ul>\n<\/div>\n<\/div>\n<\/div>\n<\/div>\n<p>*Test consommateurs, 100 femmes apr\u00e8s 28 jours, Multi-Active Nuit Toutes peaux.**Auto-\u00e9valuation, 106 femmes apr\u00e8s 28 jours, Multi-Active jour et Multi-Active Nuit Toutes peaux, utilis\u00e9s en duo, sur une \u00e9chelle scructur\u00e9e.<\/p><\/div>\n<div>\n<h3 id=\"accordion_title_tofjof4kp3me03zt78\" class=\"section-title-js accordion-section__title clicked\" tabindex=\"0\" role=\"button\" data-auto-id=\"composition-title\" aria-expanded=\"true\" aria-controls=\"accordion_content_tofjof4kp3me03zt78\">Ingr\u00e9dients<\/h3>\n<div id=\"accordion_content_tofjof4kp3me03zt78\" class=\"accordion-section__content\" aria-labelledby=\"accordion_title_tofjof4kp3me03zt78\">\n<div class=\"composition-accordion full-width display-inline-accordion\">\n<div class=\"text-uppercase\" data-gp-noloc=\"node\">AQUA\/WATER\/EAU. DICAPRYLYL ETHER. CAPRYLIC\/CAPRIC TRIGLYCERIDE. BETAINE. GLYCERIN. CETEARYL ALCOHOL. NIACINAMIDE. DIMETHICONE. AMMONIUM ACRYLOYLDIMETHYLTAURATE\/VP COPOLYMER. GLYCERYL STEARATE. PEG-100 STEARATE. PARFUM\/FRAGRANCE. PROPYLENE GLYCOL. CELLULOSE. CETEARYL GLUCOSIDE. CAPRYLYL GLYCOL.HYDROXYACETOPHENONE. BUTYLENE GLYCOL. POLYSILICONE-11. CHLORPHENESIN. TOCOPHERYL ACETATE. DISODIUM EDTA. ERYNGIUM MARITIMUM EXTRACT. MARRUBIUM VULGARE EXTRACT. PHENETHYL ALCOHOL. DECYL GLUCOSIDE. FURCELLARIA LUMBRICALIS EXTRACT. ARBUTUS UNEDO FRUIT EXTRACT. TOCOPHEROL. LAPSANA COMMUNIS FLOWER\/LEAF\/STEM EXTRACT. MARIS SAL\/SEA SALT\/SEL MARIN. ACETYL TETRAPEPTIDE-2. DEXTRAN. [V4299A]<\/div>\n<div class=\"description-text mt-m\">*\u00c0 titre d\u2019information uniquement. Tout produit \u00e9tant susceptible d\u2019\u00eatre modifi\u00e9, veuillez \u00e9galement consulter la liste des ingr\u00e9dients figurant sur l&#8217;emballage du produit que vous recevrez.<\/div>\n<\/div>\n<\/div>\n<\/div>\n<\/div>\n<\/div>\n<\/div>\n<\/div>\n<\/div>\n","protected":false},"excerpt":{"rendered":"<p>Ce que c&rsquo;est Type de peau :\u00a0Peau mixte, Peau s\u00e8che, Peau normale, Peau grasse Texture :\u00a0Cr\u00e8me Utilisation :\u00a0S&rsquo;applique chaque soir.\u00a0En savoir plus B\u00e9n\u00e9fices Peau liss\u00e9e. Peau hydrat\u00e9e et douce. Peau \u00e9clatante et tonifi\u00e9e. Complexe anti-pollution Clarins. En savoir plus La peau \u00e9tant particuli\u00e8rement sollicit\u00e9e la journ\u00e9e, la nuit lorsqu\u2019elle est au repos, est le moment &hellip; <br \/><a href=\"https:\/\/passionparfums.com\/en\/product\/multi-active-creme-nuit-tp-50-ml\/\" class=\"more-link\">Continue reading <span class=\"screen-reader-text\">MULTI ACTIVE CREME NUIT TP 50 ml<\/span><\/a><\/p>","protected":false},"featured_media":16380,"comment_status":"open","ping_status":"closed","template":"","meta":[],"product_brand":[],"product_cat":[15],"product_tag":[],"class_list":{"0":"post-16376","1":"product","2":"type-product","3":"status-publish","4":"has-post-thumbnail","6":"product_cat-autres","8":"first","9":"instock","10":"shipping-taxable","11":"purchasable","12":"product-type-simple"},"jetpack_sharing_enabled":true,"_links":{"self":[{"href":"https:\/\/passionparfums.com\/en\/wp-json\/wp\/v2\/product\/16376","targetHints":{"allow":["GET"]}}],"collection":[{"href":"https:\/\/passionparfums.com\/en\/wp-json\/wp\/v2\/product"}],"about":[{"href":"https:\/\/passionparfums.com\/en\/wp-json\/wp\/v2\/types\/product"}],"replies":[{"embeddable":true,"href":"https:\/\/passionparfums.com\/en\/wp-json\/wp\/v2\/comments?post=16376"}],"wp:featuredmedia":[{"embeddable":true,"href":"https:\/\/passionparfums.com\/en\/wp-json\/wp\/v2\/media\/16380"}],"wp:attachment":[{"href":"https:\/\/passionparfums.com\/en\/wp-json\/wp\/v2\/media?parent=16376"}],"wp:term":[{"taxonomy":"product_brand","embeddable":true,"href":"https:\/\/passionparfums.com\/en\/wp-json\/wp\/v2\/product_brand?post=16376"},{"taxonomy":"product_cat","embeddable":true,"href":"https:\/\/passionparfums.com\/en\/wp-json\/wp\/v2\/product_cat?post=16376"},{"taxonomy":"product_tag","embeddable":true,"href":"https:\/\/passionparfums.com\/en\/wp-json\/wp\/v2\/product_tag?post=16376"}],"curies":[{"name":"wp","href":"https:\/\/api.w.org\/{rel}","templated":true}]}}