{"id":16371,"date":"2025-08-06T15:14:16","date_gmt":"2025-08-06T15:14:16","guid":{"rendered":"https:\/\/passionparfums.com\/?post_type=product&#038;p=16371"},"modified":"2025-08-06T15:14:16","modified_gmt":"2025-08-06T15:14:16","slug":"multi-active-creme-jour-spf15-50-ml","status":"publish","type":"product","link":"https:\/\/passionparfums.com\/en\/product\/multi-active-creme-jour-spf15-50-ml\/","title":{"rendered":"MULTI ACTIVE CREME JOUR SPF15 50 ml"},"content":{"rendered":"<h3 id=\"accordion_title_87l8550k6egme03rbap\" class=\"section-title-js accordion-section__title \" tabindex=\"0\" role=\"button\" data-auto-id=\"what-is-it-title\" aria-expanded=\"true\" aria-controls=\"accordion_content_87l8550k6egme03rbap\">Ce que c&rsquo;est<\/h3>\n<div id=\"accordion_content_87l8550k6egme03rbap\" class=\"accordion-section__content\" aria-labelledby=\"accordion_title_87l8550k6egme03rbap\">\n<div class=\"inner-content-js inner-content\">\n<ul class=\"what-is-it-section__list\">\n<li class=\"mt-5\"><span class=\"what-is-it-section__text-medium\">Type de peau :\u00a0<\/span>Peau normale, Peau grasse, Peau mixte, Peau s\u00e8che<\/li>\n<li class=\"mt-5\"><span class=\"what-is-it-section__text-medium\">Texture :\u00a0<\/span>Cr\u00e8me<\/li>\n<li class=\"mt-5\"><span class=\"what-is-it-section__text-medium\">Utilisation :\u00a0<\/span>S&rsquo;applique chaque matin.\u00a0<a class=\"what-is-it-accordion__how-to-link how-to-link-js link link--uppercase display-inline-block cba-link-style\" tabindex=\"0\" href=\"https:\/\/www.clarins.ca\/fr\/multi-active-creme-jour---toutes-peaux\/80100567.html\">En savoir plus<\/a><\/li>\n<\/ul>\n<div class=\"discover-more-benefit-section__title\">B\u00e9n\u00e9fices<\/div>\n<div class=\"discover-more-benefit-section__text\">\n<ul>\n<li>Peau liss\u00e9e.<\/li>\n<li>Texture affin\u00e9e.<\/li>\n<li>\u00c9clat boost\u00e9.<\/li>\n<li>Complexe anti-pollution Clarins.<\/li>\n<\/ul>\n<\/div>\n<div class=\"long-description-wrapper \">\n<h2 class=\"subtitle1 \">En savoir plus<\/h2>\n<div class=\"product-info__long-description\">Expos\u00e9e \u00e0 une vie quotidienne intense, la peau a besoin de maintenir son niveau d\u2019\u00e9nergie et de r\u00e9sistance tout au long de la journ\u00e9e. Cette cr\u00e8me lissante et booster d\u2019\u00e9clat \u00e0 91% d&rsquo;ingr\u00e9dients d&rsquo;origine naturelle renferme une technologie in\u00e9dite :<\/p>\n<p>\u2022 [Complexe d\u2019actifs pour recharger la peau] : le niacinamide, associ\u00e9 \u00e0 l\u2019extrait de chardon des dunes, forment un duo puissant qui aide \u00e0 r\u00e9duire les premiers signes visibles de l\u2019\u00e2ge. La fonction barri\u00e8re de la peau est renforc\u00e9e, son \u00e9clat boost\u00e9 et sa jeunesse pr\u00e9serv\u00e9e.<br \/>\n\u2022 L\u2019extrait de card\u00e8re aux propri\u00e9t\u00e9s revitalisantes \u00e9nergise la peau.<br \/>\n\u2022 L\u2019extrait d\u2019arbouse contribue \u00e0 am\u00e9liorer la texture de la peau et \u00e0 r\u00e9duire l\u2019apparence des pores.<\/p>\n<p>R\u00e9sultat : La peau est comme \u00e9nergis\u00e9e, plus lisse et hydrat\u00e9e. La texture de la peau est am\u00e9lior\u00e9e, son \u00e9clat est raviv\u00e9.<\/p>\n<p>Ce produit a remport\u00e9 le Grand Prix Beaut\u00e9 ELLE 2024 dans la cat\u00e9gorie cr\u00e8me de jour anti-\u00e2ge, moins de 80 $.<\/p><\/div>\n<\/div>\n<div class=\"what-is-it-section__section\">\n<div class=\"what-is-it-section__title\">Innovation et expertise des plantes<\/div>\n<div class=\"what-is-it-section__text\">Innovation technologique Clarins : le [Complexe d\u2019actifs pour recharger la peau]<br \/>\nUn duo d&rsquo;actifs puissants : \u200ble Niacinamide associ\u00e9 \u00e0 l\u2019extrait de Chardon des Dunes bio participe \u00e0 lisser la peau et \u00e0 renforcer sa r\u00e9sistance.<\/div>\n<\/div>\n<div class=\"what-is-it-section__section\">\n<div class=\"what-is-it-section__title\">Le plus Clarins<\/div>\n<div class=\"what-is-it-section__text\">La Recherche Clarins a mis en \u00e9vidence 8 signes de l\u2019\u00e2ge visibles sur la peau et accentu\u00e9s par une vie riche et intense, un stress quotidien.C&rsquo;est ce ph\u00e9nom\u00e8ne que nous avons nomm\u00e9 stress aging : l\u2019acc\u00e9l\u00e9ration du vieillissement cutan\u00e9 li\u00e9 au stress induit par le rythme de vie. Les soins Multi-Active vont cibler l&rsquo;apparence de jeunesse et favoriser sa r\u00e9sistance.<\/div>\n<div>\n<h3 id=\"accordion_title_ict4vc827kme03rbap\" class=\"section-title-js accordion-section__title clicked\" tabindex=\"0\" role=\"button\" data-auto-id=\"proven-results-title\" aria-expanded=\"true\" aria-controls=\"accordion_content_ict4vc827kme03rbap\">R\u00e9sultats<\/h3>\n<div id=\"accordion_content_ict4vc827kme03rbap\" class=\"accordion-section__content\" aria-labelledby=\"accordion_title_ict4vc827kme03rbap\">\n<div class=\"proven-results-accordion full-width display-inline-accordion display-inline-block\">\n<div id=\"proven-results\" class=\"proven-results display-flex flex-wrap justify-content-start\">\n<div class=\"proven-results-accordion\">\n<div>\n<div>93%*<\/div>\n<p>des femmes trouvent leur peau plus lisse.<\/p>\n<div>\n<ul>\n<li>91%* des femmes trouvent leur peau plus lumineuse.<\/li>\n<li>Les signes de fatigues et de stress sont divis\u00e9s par 2 avec le Duo Jour et Nuit.**<\/li>\n<\/ul>\n<\/div>\n<\/div>\n<\/div>\n<\/div>\n<p>*Test consommateurs, 105 femmes apr\u00e8s 28 jours, Multi-Active Jour Toutes Peaux**Auto-\u00e9valuation, 106 femmes apr\u00e8s 28 jours, Multi-Active jour et Multi-Active Nuit Toutes peaux, utilis\u00e9s en duo, sur une \u00e9chelle scructur\u00e9e.<\/p><\/div>\n<div>\n<h3 id=\"accordion_title_kkbarrkk11sme03rbap\" class=\"section-title-js accordion-section__title clicked\" tabindex=\"0\" role=\"button\" data-auto-id=\"composition-title\" aria-expanded=\"true\" aria-controls=\"accordion_content_kkbarrkk11sme03rbap\">Ingr\u00e9dients<\/h3>\n<div id=\"accordion_content_kkbarrkk11sme03rbap\" class=\"accordion-section__content\" aria-labelledby=\"accordion_title_kkbarrkk11sme03rbap\">\n<div class=\"composition-accordion full-width display-inline-accordion\">\n<div class=\"text-uppercase\" data-gp-noloc=\"node\">AQUA\/WATER\/EAU. COCO-CAPRYLATE\/CAPRATE. GLYCERIN. BETAINE. CETEARYL ALCOHOL. NIACINAMIDE.DIMETHICONE. GLYCERYL STEARATE. PEG-100 STEARATE. CETEARYL ETHYLHEXANOATE. AMMONIUM ACRYLOYLDIMETHYLTAURATE\/VP COPOLYMER. CETEARYL GLUCOSIDE. PROPYLENE GLYCOL. PARFUM\/FRAGRANCE. CAPRYLYL GLYCOL. DIPSACUS SYLVESTRIS EXTRACT. HYDROXYACETOPHENONE. MICA. CI 77891\/TITANIUM DIOXIDE. POLYSILICONE-11. CHLORPHENESIN. TOCOPHERYL ACETATE. BUTYLENE GLYCOL. DISODIUM EDTA. CAPRYLIC\/CAPRIC TRIGLYCERIDE. CITRIC ACID. TOCOPHEROL. ERYNGIUM MARITIMUM EXTRACT. MARRUBIUM VULGARE EXTRACT. PHENETHYL ALCOHOL. DECYL GLUCOSIDE. FURCELLARIA LUMBRICALIS EXTRACT. SODIUM CITRATE. ARBUTUS UNEDO FRUIT EXTRACT. LAPSANA COMMUNIS FLOWER\/LEAF\/STEM EXTRACT. MARIS SAL\/SEA SALT\/SEL MARIN. CI 17200\/RED 33. [V4298A]<\/div>\n<div class=\"description-text mt-m\">*\u00c0 titre d\u2019information uniquement. Tout produit \u00e9tant susceptible d\u2019\u00eatre modifi\u00e9, veuillez \u00e9galement consulter la liste des ingr\u00e9dients figurant sur l&#8217;emballage du produit que vous recevrez.<\/div>\n<\/div>\n<\/div>\n<\/div>\n<\/div>\n<\/div>\n<\/div>\n<\/div>\n<\/div>\n","protected":false},"excerpt":{"rendered":"<p>Ce que c&rsquo;est Type de peau :\u00a0Peau normale, Peau grasse, Peau mixte, Peau s\u00e8che Texture :\u00a0Cr\u00e8me Utilisation :\u00a0S&rsquo;applique chaque matin.\u00a0En savoir plus B\u00e9n\u00e9fices Peau liss\u00e9e. Texture affin\u00e9e. \u00c9clat boost\u00e9. Complexe anti-pollution Clarins. En savoir plus Expos\u00e9e \u00e0 une vie quotidienne intense, la peau a besoin de maintenir son niveau d\u2019\u00e9nergie et de r\u00e9sistance tout au &hellip; <br \/><a href=\"https:\/\/passionparfums.com\/en\/product\/multi-active-creme-jour-spf15-50-ml\/\" class=\"more-link\">Continue reading <span class=\"screen-reader-text\">MULTI ACTIVE CREME JOUR SPF15 50 ml<\/span><\/a><\/p>","protected":false},"featured_media":16375,"comment_status":"open","ping_status":"closed","template":"","meta":[],"product_brand":[],"product_cat":[15],"product_tag":[],"class_list":{"0":"post-16371","1":"product","2":"type-product","3":"status-publish","4":"has-post-thumbnail","6":"product_cat-autres","8":"first","9":"instock","10":"shipping-taxable","11":"purchasable","12":"product-type-simple"},"jetpack_sharing_enabled":true,"_links":{"self":[{"href":"https:\/\/passionparfums.com\/en\/wp-json\/wp\/v2\/product\/16371","targetHints":{"allow":["GET"]}}],"collection":[{"href":"https:\/\/passionparfums.com\/en\/wp-json\/wp\/v2\/product"}],"about":[{"href":"https:\/\/passionparfums.com\/en\/wp-json\/wp\/v2\/types\/product"}],"replies":[{"embeddable":true,"href":"https:\/\/passionparfums.com\/en\/wp-json\/wp\/v2\/comments?post=16371"}],"wp:featuredmedia":[{"embeddable":true,"href":"https:\/\/passionparfums.com\/en\/wp-json\/wp\/v2\/media\/16375"}],"wp:attachment":[{"href":"https:\/\/passionparfums.com\/en\/wp-json\/wp\/v2\/media?parent=16371"}],"wp:term":[{"taxonomy":"product_brand","embeddable":true,"href":"https:\/\/passionparfums.com\/en\/wp-json\/wp\/v2\/product_brand?post=16371"},{"taxonomy":"product_cat","embeddable":true,"href":"https:\/\/passionparfums.com\/en\/wp-json\/wp\/v2\/product_cat?post=16371"},{"taxonomy":"product_tag","embeddable":true,"href":"https:\/\/passionparfums.com\/en\/wp-json\/wp\/v2\/product_tag?post=16371"}],"curies":[{"name":"wp","href":"https:\/\/api.w.org\/{rel}","templated":true}]}}