{"id":16366,"date":"2025-08-06T15:07:36","date_gmt":"2025-08-06T15:07:36","guid":{"rendered":"https:\/\/passionparfums.com\/?post_type=product&#038;p=16366"},"modified":"2025-08-06T15:07:36","modified_gmt":"2025-08-06T15:07:36","slug":"double-serum-light-new-2025-50-ml","status":"publish","type":"product","link":"https:\/\/passionparfums.com\/en\/product\/double-serum-light-new-2025-50-ml\/","title":{"rendered":"DOUBLE SERUM LIGHT NEW 2025 50 ml"},"content":{"rendered":"<h3 style=\"text-align: left;\"><strong><span style=\"background-color: #efefef;\">Description<\/span><\/strong><\/h3>\n<div class=\"accordion--text\">\n<p>Expos\u00e9e \u00e0 une vie quotidienne intense, la peau a besoin de maintenir son niveau d&rsquo;\u00e9nergie et de r\u00e9sistance tout au long de la journ\u00e9e. Recommand\u00e9 pour les femmes dans la trentaine, cette cr\u00e8me lissante et booster d&rsquo;\u00e9clat \u00e0 91% d&rsquo;ingr\u00e9dients d&rsquo;origine naturelle renferme une technologie in\u00e9dite.Complexe d&rsquo;actifs pour recharger la peau : le niacinamide, associ\u00e9 \u00e0 l&rsquo;extrait de chardon des dunes, forment un duo puissant qui aide \u00e0 r\u00e9duire les 1ers signes visibles de l&rsquo;\u00e2ge. La fonction barri\u00e8re de la peau est renforc\u00e9e, son \u00e9clat boost\u00e9 et sa jeunesse pr\u00e9serv\u00e9e.L&rsquo;extrait de card\u00e8re aux propri\u00e9t\u00e9s revitalisantes \u00e9nergise la peau.L&rsquo;extrait d&rsquo;arbouse contribue \u00e0 am\u00e9liorer la texture de la peau et \u00e0 r\u00e9duire l&rsquo;apparence des pores. R\u00e9sultat : La peau est comme \u00e9nergis\u00e9e, plus lisse et hydrat\u00e9e. La texture de la peau est am\u00e9lior\u00e9e, son \u00e9clat est raviv\u00e9. Peau liss\u00e9e. Texture affin\u00e9e. \u00c9clat boost\u00e9. Complexe anti-pollution Clarins.<\/p>\n<h3 style=\"text-align: left;\"><strong><span style=\"background-color: #efefef;\">Conseils d&rsquo;application<\/span><\/strong><\/h3>\n<p>Appliquer sur une peau nettoy\u00e9e, effectuer des pressions pour favoriser le drainage et l&rsquo;\u00e9clat de la peau. Pour completer votre rituel, appliquer votre cr\u00e8me nuit chaque soir.<\/p>\n<h3><strong>Ingr\u00e9dients\u00a0<\/strong><\/h3>\n<p>Aqua\/water\/eau. Coco-caprylate\/caprate. Glycerin. Betaine. Cetearyl alcohol. Niacinamide. Dimethicone. Glyceryl stearate. Peg-100 stearate. Cetearyl ethylhexanoate. Ammonium acryloyldimethyltaurate\/vp, copolymer. Cetearyl glucoside. Propylene glycol. Parfum\/fragrance. Caprylyl glycol. Dipsacus sylvestris extract. Hydroxyacetophenone. Mica. Ci 77891\/titanium dioxide. Polysilicone-11. Chlorphenesin. Tocopheryl acetate. Butylene glycol. Disodium edta. Caprylic\/capric triglyceride. Citric acid. Tocopherol. Eryngium maritimum extract. Marrubium vulgare extract. Phenethyl alcohol. Decyl glucoside. Furcellaria lumbricalis extract. Sodium citrate. Arbutus unedo fruit extract. Lapsana communis flower\/ leaf\/stem extract. Maris sal\/sea salt\/sel marin. CI 17200\/red 33. [V4298A]<\/p>\n<\/div>\n","protected":false},"excerpt":{"rendered":"<p>Description Expos\u00e9e \u00e0 une vie quotidienne intense, la peau a besoin de maintenir son niveau d&rsquo;\u00e9nergie et de r\u00e9sistance tout au long de la journ\u00e9e. Recommand\u00e9 pour les femmes dans la trentaine, cette cr\u00e8me lissante et booster d&rsquo;\u00e9clat \u00e0 91% d&rsquo;ingr\u00e9dients d&rsquo;origine naturelle renferme une technologie in\u00e9dite.Complexe d&rsquo;actifs pour recharger la peau : le niacinamide, &hellip; <br \/><a href=\"https:\/\/passionparfums.com\/en\/product\/double-serum-light-new-2025-50-ml\/\" class=\"more-link\">Continue reading <span class=\"screen-reader-text\">DOUBLE SERUM LIGHT NEW 2025 50 ml<\/span><\/a><\/p>","protected":false},"featured_media":16370,"comment_status":"open","ping_status":"closed","template":"","meta":[],"product_brand":[],"product_cat":[15],"product_tag":[],"class_list":{"0":"post-16366","1":"product","2":"type-product","3":"status-publish","4":"has-post-thumbnail","6":"product_cat-autres","8":"first","9":"instock","10":"shipping-taxable","11":"purchasable","12":"product-type-simple"},"jetpack_sharing_enabled":true,"_links":{"self":[{"href":"https:\/\/passionparfums.com\/en\/wp-json\/wp\/v2\/product\/16366","targetHints":{"allow":["GET"]}}],"collection":[{"href":"https:\/\/passionparfums.com\/en\/wp-json\/wp\/v2\/product"}],"about":[{"href":"https:\/\/passionparfums.com\/en\/wp-json\/wp\/v2\/types\/product"}],"replies":[{"embeddable":true,"href":"https:\/\/passionparfums.com\/en\/wp-json\/wp\/v2\/comments?post=16366"}],"wp:featuredmedia":[{"embeddable":true,"href":"https:\/\/passionparfums.com\/en\/wp-json\/wp\/v2\/media\/16370"}],"wp:attachment":[{"href":"https:\/\/passionparfums.com\/en\/wp-json\/wp\/v2\/media?parent=16366"}],"wp:term":[{"taxonomy":"product_brand","embeddable":true,"href":"https:\/\/passionparfums.com\/en\/wp-json\/wp\/v2\/product_brand?post=16366"},{"taxonomy":"product_cat","embeddable":true,"href":"https:\/\/passionparfums.com\/en\/wp-json\/wp\/v2\/product_cat?post=16366"},{"taxonomy":"product_tag","embeddable":true,"href":"https:\/\/passionparfums.com\/en\/wp-json\/wp\/v2\/product_tag?post=16366"}],"curies":[{"name":"wp","href":"https:\/\/api.w.org\/{rel}","templated":true}]}}