{"id":16357,"date":"2025-08-06T14:59:46","date_gmt":"2025-08-06T14:59:46","guid":{"rendered":"https:\/\/passionparfums.com\/?post_type=product&#038;p=16357"},"modified":"2025-08-06T15:02:39","modified_gmt":"2025-08-06T15:02:39","slug":"new-double-serum-9th-gen-30-ml","status":"publish","type":"product","link":"https:\/\/passionparfums.com\/en\/product\/new-double-serum-9th-gen-30-ml\/","title":{"rendered":"NEW DOUBLE SERUM 9TH GEN"},"content":{"rendered":"<h3 id=\"accordion_title_kpy9nlmdhkme0394kx\" class=\"section-title-js accordion-section__title \" tabindex=\"0\" role=\"button\" data-auto-id=\"what-is-it-title\" aria-expanded=\"true\" aria-controls=\"accordion_content_kpy9nlmdhkme0394kx\">Ce que c&rsquo;est<\/h3>\n<div id=\"accordion_content_kpy9nlmdhkme0394kx\" class=\"accordion-section__content\" aria-labelledby=\"accordion_title_kpy9nlmdhkme0394kx\">\n<div class=\"inner-content-js inner-content\">\n<ul class=\"what-is-it-section__list\">\n<li class=\"mt-5\"><span class=\"what-is-it-section__text-medium\">Type de peau :\u00a0<\/span>Peau mixte, Peau s\u00e8che, Peau normale, Peau grasse<\/li>\n<li class=\"mt-5\"><span class=\"what-is-it-section__text-medium\">Texture :\u00a0<\/span>S\u00e9rum<\/li>\n<li class=\"mt-5\"><span class=\"what-is-it-section__text-medium\">Utilisation :\u00a0<\/span>Appliquer Double Serum Light Texture le matin pour son fini imperceptible et sa sensation peau nue &amp; Double Serum le soir pour sa texture soyeuse et son effet enveloppant.\u00a0<a class=\"what-is-it-accordion__how-to-link how-to-link-js link link--uppercase display-inline-block cba-link-style\" tabindex=\"0\" href=\"https:\/\/www.clarins.ca\/fr\/double-serum-light-texture\/80112930.html\">En savoir plus<\/a><\/li>\n<\/ul>\n<div class=\"discover-more-benefit-section__title\">B\u00e9n\u00e9fices<\/div>\n<div class=\"discover-more-benefit-section__text\">\n<ul>\n<li>Rides visiblement liss\u00e9es.<\/li>\n<li>Peau raffermie, rebondie et plus \u00e9clatante.<\/li>\n<li>Grain de peau affin\u00e9, apparence des pores att\u00e9nu\u00e9s.<\/li>\n<li>Effet peau nue.<\/li>\n<\/ul>\n<\/div>\n<div class=\"long-description-wrapper \">\n<h2 class=\"subtitle1 \">En savoir plus<\/h2>\n<div class=\"product-info__long-description\">\n<p>Inspir\u00e9 par la science de l\u2019\u00e9pig\u00e9n\u00e9tique, Clarins r\u00e9invente Double Serum Light Texture avec une nouvelle g\u00e9n\u00e9ration de sa double formule, sp\u00e9cialement con\u00e7ue pour les peaux mixtes \u00e0 grasses.<\/p>\n<p>Plus compl\u00e8te et plus l\u00e9g\u00e8re que jamais, sa phase lipidique int\u00e8gre la Technologie Lightweight Tri-Oil, un trio d\u2019huiles d&rsquo;origine 100 % naturelles soigneusement s\u00e9lectionn\u00e9es pour leur propri\u00e9t\u00e9s l\u00e9g\u00e8ret\u00e9.<\/p>\n<p>Avec une texture 50 % plus l\u00e9g\u00e8re*, ce s\u00e9rum offre une exp\u00e9rience sensorielle unique : il glisse sur la peau, s\u2019y fond instantan\u00e9ment et ne laisse aucun fini gras. R\u00e9sultat ? Un effet peau nue et un fini imperceptible.<\/p>\n<p>Sp\u00e9cialement con\u00e7u pour une hydratation intense tout en offrant une sensation de l\u00e9g\u00e8ret\u00e9, Double Serum Light Texture offre une puissante action anti-\u00e2ge. Il est id\u00e9al pour :<br \/>\n&#8211; les peaux mixtes \u00e0 grasses<br \/>\n&#8211; les peaux jeunes**<br \/>\n&#8211; les hommes<br \/>\n&#8211; les climats chauds<br \/>\nNon com\u00e9dog\u00e8ne.<\/p>\n<p>Son nouvel emballage contient 94%*** de mat\u00e9riaux recyclables et a \u00e9t\u00e9 repens\u00e9 pour procurer une exp\u00e9rience totalement sur mesure. Le syst\u00e8me de dosage du bouton poussoir est con\u00e7u pour r\u00e9pondre \u00e0 tous les besoins, tout en limitant la surconsommation grace \u00e0 son syst\u00e8me de verrouillage.<\/p>\n<p>*Test d\u2019analyse sensorielle comparatif vs. Double Serum, 12 experts sensoriels.<br \/>\n**Sauf les enfants.<br \/>\n***Base format 50ml.<\/p>\n<\/div>\n<\/div>\n<div class=\"what-is-it-section__section\">\n<div class=\"what-is-it-section__title\">Innovation et expertise des plantes<\/div>\n<div class=\"what-is-it-section__text\">\n<p>Au c\u0153ur de Double Serum Light Texture, une s\u00e9lection de 27 puissants ingr\u00e9dients, dont la Technologie Epi-Ageing Defense qui aident \u00e0 booster les 5 fonctions vitales de la peau et d&rsquo;am\u00e9liorer l&rsquo;apparence des signes de l&rsquo;\u00e2ge sur la peau.<\/p>\n<p>L\u2019extrait exclusif de grand roseau de Provence aide \u00e0 neutraliser les impacts de l&rsquo;\u00e9pig\u00e9n\u00e9tique sur la peau.<\/p>\n<p>Cet extrait est un d\u00e9veloppement exclusif Clarins et 100% con\u00e7u en France.<\/p>\n<\/div>\n<\/div>\n<div class=\"what-is-it-section__section\">\n<div class=\"what-is-it-section__title\">Le plus Clarins<\/div>\n<div class=\"what-is-it-section__text\">Pour la premi\u00e8re fois, une \u00e9tude clinique exclusive de Clarins, men\u00e9e sur plus de 60 jumelles, a mesur\u00e9 l&rsquo;impact du mode de vie sur les signes de l&rsquo;\u00e2ge de la peau. Ce ph\u00e9nom\u00e8ne, appel\u00e9 \u00e9pig\u00e9n\u00e9tique, d\u00e9montre qu\u2019un mode de vie \u00ab\u00a0d\u00e9s\u00e9quilibr\u00e9\u00a0\u00bb acc\u00e9l\u00e8re le vieillissement cutan\u00e9.<\/div>\n<div>\n<h3 id=\"accordion_title_55nk43og43me0394kx\" class=\"section-title-js accordion-section__title clicked\" tabindex=\"0\" role=\"button\" data-auto-id=\"proven-results-title\" aria-expanded=\"true\" aria-controls=\"accordion_content_55nk43og43me0394kx\">R\u00e9sultats<\/h3>\n<div id=\"accordion_content_55nk43og43me0394kx\" class=\"accordion-section__content\" aria-labelledby=\"accordion_title_55nk43og43me0394kx\">\n<div class=\"proven-results-accordion full-width display-inline-accordion display-inline-block\">\n<div id=\"proven-results\" class=\"proven-results display-flex flex-wrap justify-content-start\">\n<div class=\"proven-results-accordion\">\n<div>\n<div>1 goutte*<\/div>\n<p>Les femmes constatent qu&rsquo;une seule goutte suffit pour une peau lisse et \u00e9clatante de jeunesse.<\/p>\n<div>\n<h5><strong>Les femmes per\u00e7oivent :<\/strong><\/h5>\n<ul>\n<li>-15%** Visibilit\u00e9 des rides<\/li>\n<li>+20%** Peau plus ferme<\/li>\n<li>+38%** Peau plus \u00e9clatante<\/li>\n<li>-21%** Visibilit\u00e9 des pores<\/li>\n<li>96%*** des femmes d\u00e9clarent que Double Serum Light Texture procure un effet peau nue.<\/li>\n<li>98%*** des femmes d\u00e9clarent que la texture est ultra-l\u00e9g\u00e8re.<\/li>\n<\/ul>\n<\/div>\n<\/div>\n<\/div>\n<\/div>\n<p>*Test consommateurs, panel multi-ethnique, 380 femmes \u2013 d\u00e8s la premi\u00e8re utilisation.**Auto-\u00e9valuation, panel multi-ethnique, 406 femmes \u2013 d\u00e8s 7 jours.***Test consommateurs, panel multi-ethnique, 380 femmes \u2013 d\u00e8s 28 jours.<\/p>\n<\/div>\n<div>\n<h3 id=\"accordion_title_1rd4kgjwcwyme0394kx\" class=\"section-title-js accordion-section__title clicked\" tabindex=\"0\" role=\"button\" data-auto-id=\"composition-title\" aria-expanded=\"true\" aria-controls=\"accordion_content_1rd4kgjwcwyme0394kx\">Ingr\u00e9dients<\/h3>\n<div id=\"accordion_content_1rd4kgjwcwyme0394kx\" class=\"accordion-section__content\" aria-labelledby=\"accordion_title_1rd4kgjwcwyme0394kx\">\n<div class=\"composition-accordion full-width display-inline-accordion\">\n<div class=\"text-uppercase\" data-gp-noloc=\"node\">AQUA\/WATER\/EAU. C9-12 ALKANE. GLYCERIN. UNDECANE. CETEARYL ISONONANOATE. ISONONYL ISONONANOATE. PENTYLENE GLYCOL. TRIDECANE. PROPANEDIOL. SILYBUM MARIANUM SEED OIL. SQUALANE. BUTYLENE GLYCOL. FRUCTOSE. ETHYLENE\/PROPYLENE\/STYRENE COPOLYMER. PARFUM\/FRAGRANCE. TROMETHAMINE. HYDROXYACETOPHENONE. AVENA SATIVA (OAT) KERNEL EXTRACT. TOCOPHERYL ACETATE. ESCIN. CARBOMER. ETHYLHEXYLGLYCERIN. ALOE BARBADENSIS LEAF JUICE POWDER. SODIUM ACETYLATED HYALURONATE. THEOBROMA CACAO (COCOA) EXTRACT. CAPRYLIC\/CAPRIC TRIGLYCERIDE. AESCULUS HIPPOCASTANUM (HORSE CHESTNUT) EXTRACT. LEONTOPODIUM ALPINUM FLOWER\/LEAF EXTRACT. BUTYLENE\/ETHYLENE\/STYRENE COPOLYMER. DISODIUM EDTA. MALTODEXTRIN. XANTHAN GUM. CURCUMA LONGA (TURMERIC) ROOT EXTRACT. PERSEA GRATISSIMA (AVOCADO) OIL UNSAPONIFIABLES. MELISSA OFFICINALIS LEAF EXTRACT. CARAMEL. HIPPOPHAE RHAMNOIDES KERNEL EXTRACT. SODIUM LACTATE. MUSA SAPIENTUM (BANANA) FRUIT EXTRACT. OENOTHERA BIENNIS (EVENING PRIMROSE) FLOWER\/LEAF\/STEM EXTRACT. HARUNGANA MADAGASCARIENSIS EXTRACT. KALANCHOE PINNATA LEAF EXTRACT. MANGIFERA INDICA (MANGO) LEAF EXTRACT. SODIUM BENZOATE. TOCOPHEROL. CITRIC ACID. CENTAUREA CYANUS FLOWER EXTRACT. HEDYCHIUM CORONARIUM ROOT EXTRACT. COCO-GLUCOSIDE. DIPSACUS SYLVESTRIS EXTRACT. ARUNDO DONAX STEM EXTRACT. JANIA RUBENS EXTRACT. PENTAERYTHRITYL TETRA-DI-T-BUTYL HYDROXYHYDROCINNAMATE. POTASSIUM SORBATE. SODIUM CITRATE. MALPIGHIA EMARGINATA (ACEROLA) SEED EXTRACT. ARBUTUS UNEDO FRUIT EXTRACT. HELIANTHUS ANNUUS (SUNFLOWER) SEED OIL. PALMITOYL TRIPEPTIDE-1. CI 14700\/RED 4. PALMITOYL TETRAPEPTIDE-7. [V4467A]<\/div>\n<div data-gp-noloc=\"node\"><\/div>\n<div class=\"description-text mt-m\">*\u00c0 titre d\u2019information uniquement. Tout produit \u00e9tant susceptible d\u2019\u00eatre modifi\u00e9, veuillez \u00e9galement consulter la liste des ingr\u00e9dients figurant sur l&#8217;emballage du produit que vous recevrez.<\/div>\n<\/div>\n<\/div>\n<\/div>\n<\/div>\n<\/div>\n<\/div>\n<\/div>\n<\/div>\n","protected":false},"excerpt":{"rendered":"<p>Ce que c&rsquo;est Type de peau :\u00a0Peau mixte, Peau s\u00e8che, Peau normale, Peau grasse Texture :\u00a0S\u00e9rum Utilisation :\u00a0Appliquer Double Serum Light Texture le matin pour son fini imperceptible et sa sensation peau nue &amp; Double Serum le soir pour sa texture soyeuse et son effet enveloppant.\u00a0En savoir plus B\u00e9n\u00e9fices Rides visiblement liss\u00e9es. Peau raffermie, rebondie &hellip; <br \/><a href=\"https:\/\/passionparfums.com\/en\/product\/new-double-serum-9th-gen-30-ml\/\" class=\"more-link\">Continue reading <span class=\"screen-reader-text\">NEW DOUBLE SERUM 9TH GEN<\/span><\/a><\/p>","protected":false},"featured_media":16362,"comment_status":"open","ping_status":"closed","template":"","meta":[],"product_brand":[],"product_cat":[15],"product_tag":[],"class_list":{"0":"post-16357","1":"product","2":"type-product","3":"status-publish","4":"has-post-thumbnail","6":"product_cat-autres","8":"first","9":"instock","10":"shipping-taxable","11":"purchasable","12":"product-type-variable"},"jetpack_sharing_enabled":true,"_links":{"self":[{"href":"https:\/\/passionparfums.com\/en\/wp-json\/wp\/v2\/product\/16357","targetHints":{"allow":["GET"]}}],"collection":[{"href":"https:\/\/passionparfums.com\/en\/wp-json\/wp\/v2\/product"}],"about":[{"href":"https:\/\/passionparfums.com\/en\/wp-json\/wp\/v2\/types\/product"}],"replies":[{"embeddable":true,"href":"https:\/\/passionparfums.com\/en\/wp-json\/wp\/v2\/comments?post=16357"}],"wp:featuredmedia":[{"embeddable":true,"href":"https:\/\/passionparfums.com\/en\/wp-json\/wp\/v2\/media\/16362"}],"wp:attachment":[{"href":"https:\/\/passionparfums.com\/en\/wp-json\/wp\/v2\/media?parent=16357"}],"wp:term":[{"taxonomy":"product_brand","embeddable":true,"href":"https:\/\/passionparfums.com\/en\/wp-json\/wp\/v2\/product_brand?post=16357"},{"taxonomy":"product_cat","embeddable":true,"href":"https:\/\/passionparfums.com\/en\/wp-json\/wp\/v2\/product_cat?post=16357"},{"taxonomy":"product_tag","embeddable":true,"href":"https:\/\/passionparfums.com\/en\/wp-json\/wp\/v2\/product_tag?post=16357"}],"curies":[{"name":"wp","href":"https:\/\/api.w.org\/{rel}","templated":true}]}}