{"id":16351,"date":"2025-08-06T14:53:01","date_gmt":"2025-08-06T14:53:01","guid":{"rendered":"https:\/\/passionparfums.com\/?post_type=product&#038;p=16351"},"modified":"2025-08-06T14:53:01","modified_gmt":"2025-08-06T14:53:01","slug":"cryo-flash-cream-mask-75-ml","status":"publish","type":"product","link":"https:\/\/passionparfums.com\/en\/product\/cryo-flash-cream-mask-75-ml\/","title":{"rendered":"CRYO-FLASH CREAM MASK  75 ml"},"content":{"rendered":"<h3 id=\"accordion_title_cwnmvwwtb7ume0374e5\" class=\"section-title-js accordion-section__title \" tabindex=\"0\" role=\"button\" data-auto-id=\"what-is-it-title\" aria-expanded=\"true\" aria-controls=\"accordion_content_cwnmvwwtb7ume0374e5\">Ce que c&rsquo;est<\/h3>\n<div id=\"accordion_content_cwnmvwwtb7ume0374e5\" class=\"accordion-section__content\" aria-labelledby=\"accordion_title_cwnmvwwtb7ume0374e5\">\n<div class=\"inner-content-js inner-content\">\n<ul class=\"what-is-it-section__list\">\n<li class=\"mt-5\"><span class=\"what-is-it-section__text-medium\">Type de peau :\u00a0<\/span>Peau mixte, Peau s\u00e8che, Peau normale, Peau grasse<\/li>\n<li class=\"mt-5\"><span class=\"what-is-it-section__text-medium\">Texture :\u00a0<\/span>Cr\u00e8me<\/li>\n<li class=\"mt-5\"><span class=\"what-is-it-section__text-medium\">Utilisation :\u00a0<\/span>1 \u00e0 2 fois par semaine.\u00a0<a class=\"what-is-it-accordion__how-to-link how-to-link-js link link--uppercase display-inline-block cba-link-style\" tabindex=\"0\" href=\"https:\/\/www.clarins.ca\/fr\/cryo-flash-masque-visage-anti-%C3%A2ge\/80095401.html\">En savoir plus<\/a><\/li>\n<\/ul>\n<div class=\"discover-more-benefit-section__title\">B\u00e9n\u00e9fices<\/div>\n<div class=\"discover-more-benefit-section__text\">\n<ul>\n<li>Effet lift, peau retendue<\/li>\n<li>Effet perfecteur, peau liss\u00e9e et sublim\u00e9e.<\/li>\n<li>Effet booster d&rsquo;\u00e9clat<\/li>\n<\/ul>\n<\/div>\n<div class=\"long-description-wrapper \">\n<h2 class=\"subtitle1 \">En savoir plus<\/h2>\n<div class=\"product-info__long-description\">Ce masque visage haute performance inspir\u00e9 de la cryoth\u00e9rapie et du savoir-faire professionnel Clarins reproduit les bienfaits du froid sur la peau pour pr\u00e9venir et lutter contre les signes de l\u2019\u00e2ge. Sa formule combine de puissants actifs, tels que la mol\u00e9cule M.G.A., un d\u00e9riv\u00e9 de menthol et l&rsquo;extrait d&rsquo;onagre bio, pour une peau comme lift\u00e9e, raffermie et \u00e9clatante de jeunesse. Sa texture cr\u00e8me onctueuse et ultra-fra\u00eeche couleur bleu-vert glisse sur la peau comme un gla\u00e7on et procure un effet cryo intense et imm\u00e9diat. Efficacit\u00e9 visible d\u00e8s la 1re application.<\/div>\n<\/div>\n<div class=\"what-is-it-section__section\">\n<div class=\"what-is-it-section__title\">Innovation et expertise des plantes<\/div>\n<div class=\"what-is-it-section__text\">INNOVATION CRYO-STARTER TECHNOLOGY : les Laboratoires Clarins ont mis au point une double technologie mol\u00e9culaire et v\u00e9g\u00e9tale capable de reproduire les m\u00e9canismes du froid sur la peau : mol\u00e9cule M.G.A., d\u00e9riv\u00e9 de menthol + extrait d\u2019onagre, plante bio exclusive Clarins.<\/div>\n<\/div>\n<div class=\"what-is-it-section__section\">\n<div class=\"what-is-it-section__title\">Le plus Clarins<\/div>\n<div class=\"what-is-it-section__text\">Une texture cryo-active au double effet froid imm\u00e9diat et r\u00e9manent.<\/div>\n<div>\n<h3 id=\"accordion_title_v221hk7w3kpme0374e5\" class=\"section-title-js accordion-section__title clicked\" tabindex=\"0\" role=\"button\" data-auto-id=\"proven-results-title\" aria-expanded=\"true\" aria-controls=\"accordion_content_v221hk7w3kpme0374e5\">R\u00e9sultats<\/h3>\n<div id=\"accordion_content_v221hk7w3kpme0374e5\" class=\"accordion-section__content\" aria-labelledby=\"accordion_title_v221hk7w3kpme0374e5\">\n<div class=\"proven-results-accordion full-width display-inline-accordion display-inline-block\">\n<div id=\"proven-results\" class=\"proven-results display-flex flex-wrap justify-content-start\">\n<div class=\"proven-results-accordion\">\n<div>\n<div>-4\u00b0C*<\/div>\n<p>sur la temp\u00e9rature de la peau.<\/p>\n<div>\n<ul>\n<li>2 X plus qu&rsquo;un soin de cryoth\u00e9rapie.*<\/li>\n<li>97%** des femmes d\u00e9clarent que le masque procure un effet \u00abcoup de frais\u00bb en un flash<\/li>\n<\/ul>\n<\/div>\n<\/div>\n<\/div>\n<\/div>\n<p>* Test clinique r\u00e9alis\u00e9 en moyennant les r\u00e9sultats obtenus sur 3 outils de cryoth\u00e9rapie de beaut\u00e9 esth\u00e9tique parmi les plus vendus en France, temp\u00e9rature moyenne apr\u00e8s une application de 10 minutes, sur 60 volontaires.** Test consomateurs, Cryo-Flash Cream-Mask, 109 femmes, 28 jours.<\/p><\/div>\n<div>\n<h3 id=\"accordion_title_4xvuy4dizyme0374e5\" class=\"section-title-js accordion-section__title clicked\" tabindex=\"0\" role=\"button\" data-auto-id=\"composition-title\" aria-expanded=\"true\" aria-controls=\"accordion_content_4xvuy4dizyme0374e5\">Ingr\u00e9dients<\/h3>\n<div id=\"accordion_content_4xvuy4dizyme0374e5\" class=\"accordion-section__content\" aria-labelledby=\"accordion_title_4xvuy4dizyme0374e5\">\n<div class=\"composition-accordion full-width display-inline-accordion\">\n<div class=\"text-uppercase\" data-gp-noloc=\"node\">AQUA\/WATER\/EAU. GLYCERIN. BUTYROSPERMUM PARKII (SHEA) BUTTER. OCTYLDODECANOL. COCOCAPRYLATE\/ CAPRATE. 1,2-HEXANEDIOL. AMMONIUM ACRYLOYLDIMETHYLTAURATE\/VP COPOLYMER. PROPANEDIOL. MENTHONE GLYCERIN ACETAL. ACRYLATES\/C10-30 ALKYL ACRYLATE CROSSPOLYMER. POLYACRYLATE CROSSPOLYMER-6. BORON NITRIDE. HYDROXYACETOPHENONE. SODIUM HYDROXIDE. ESCIN. ETHYLHEXYLGLYCERIN. TOCOPHERYL ACETATE. CHENOPODIUM QUINOA SEED EXTRACT. PARFUM\/FRAGRANCE. DISODIUM EDTA. INULIN LAURYL CARBAMATE. LEONTOPODIUM ALPINUM FLOWER\/LEAF EXTRACT. OENOTHERA BIENNIS (EVENING PRIMROSE) FLOWER\/LEAF\/STEM EXTRACT. HYDROXYSTEARIC ACID. T-BUTYL ALCOHOL. SODIUM BENZOATE. CITRIC ACID. CI 42090\/BLUE 1. CI 19140\/YELLOW 5. TOCOPHEROL. [V4240A]<\/div>\n<div class=\"description-text mt-m\">*\u00c0 titre d\u2019information uniquement. Tout produit \u00e9tant susceptible d\u2019\u00eatre modifi\u00e9, veuillez \u00e9galement consulter la liste des ingr\u00e9dients figurant sur l&#8217;emballage du produit que vous recevrez.<\/div>\n<\/div>\n<\/div>\n<\/div>\n<\/div>\n<\/div>\n<\/div>\n<\/div>\n<\/div>\n","protected":false},"excerpt":{"rendered":"<p>Ce que c&rsquo;est Type de peau :\u00a0Peau mixte, Peau s\u00e8che, Peau normale, Peau grasse Texture :\u00a0Cr\u00e8me Utilisation :\u00a01 \u00e0 2 fois par semaine.\u00a0En savoir plus B\u00e9n\u00e9fices Effet lift, peau retendue Effet perfecteur, peau liss\u00e9e et sublim\u00e9e. Effet booster d&rsquo;\u00e9clat En savoir plus Ce masque visage haute performance inspir\u00e9 de la cryoth\u00e9rapie et du savoir-faire professionnel &hellip; <br \/><a href=\"https:\/\/passionparfums.com\/en\/product\/cryo-flash-cream-mask-75-ml\/\" class=\"more-link\">Continue reading <span class=\"screen-reader-text\">CRYO-FLASH CREAM MASK  75 ml<\/span><\/a><\/p>","protected":false},"featured_media":16356,"comment_status":"open","ping_status":"closed","template":"","meta":[],"product_brand":[],"product_cat":[15],"product_tag":[],"class_list":{"0":"post-16351","1":"product","2":"type-product","3":"status-publish","4":"has-post-thumbnail","6":"product_cat-autres","8":"first","9":"instock","10":"shipping-taxable","11":"purchasable","12":"product-type-simple"},"jetpack_sharing_enabled":true,"_links":{"self":[{"href":"https:\/\/passionparfums.com\/en\/wp-json\/wp\/v2\/product\/16351","targetHints":{"allow":["GET"]}}],"collection":[{"href":"https:\/\/passionparfums.com\/en\/wp-json\/wp\/v2\/product"}],"about":[{"href":"https:\/\/passionparfums.com\/en\/wp-json\/wp\/v2\/types\/product"}],"replies":[{"embeddable":true,"href":"https:\/\/passionparfums.com\/en\/wp-json\/wp\/v2\/comments?post=16351"}],"wp:featuredmedia":[{"embeddable":true,"href":"https:\/\/passionparfums.com\/en\/wp-json\/wp\/v2\/media\/16356"}],"wp:attachment":[{"href":"https:\/\/passionparfums.com\/en\/wp-json\/wp\/v2\/media?parent=16351"}],"wp:term":[{"taxonomy":"product_brand","embeddable":true,"href":"https:\/\/passionparfums.com\/en\/wp-json\/wp\/v2\/product_brand?post=16351"},{"taxonomy":"product_cat","embeddable":true,"href":"https:\/\/passionparfums.com\/en\/wp-json\/wp\/v2\/product_cat?post=16351"},{"taxonomy":"product_tag","embeddable":true,"href":"https:\/\/passionparfums.com\/en\/wp-json\/wp\/v2\/product_tag?post=16351"}],"curies":[{"name":"wp","href":"https:\/\/api.w.org\/{rel}","templated":true}]}}