{"id":16345,"date":"2025-08-06T14:46:39","date_gmt":"2025-08-06T14:46:39","guid":{"rendered":"https:\/\/passionparfums.com\/?post_type=product&#038;p=16345"},"modified":"2025-08-06T14:47:44","modified_gmt":"2025-08-06T14:47:44","slug":"peeling-beaute-eclair-50-ml","status":"publish","type":"product","link":"https:\/\/passionparfums.com\/en\/product\/peeling-beaute-eclair-50-ml\/","title":{"rendered":"PEELING BEAUTE ECLAIR 50 ML"},"content":{"rendered":"<h3 id=\"accordion_title_ngs2ntyocmme02v55f\" class=\"section-title-js accordion-section__title \" tabindex=\"0\" role=\"button\" data-auto-id=\"what-is-it-title\" aria-expanded=\"true\" aria-controls=\"accordion_content_ngs2ntyocmme02v55f\">Ce que c&rsquo;est<\/h3>\n<div id=\"accordion_content_ngs2ntyocmme02v55f\" class=\"accordion-section__content\" aria-labelledby=\"accordion_title_ngs2ntyocmme02v55f\">\n<div class=\"inner-content-js inner-content\">\n<ul class=\"what-is-it-section__list\">\n<li class=\"mt-5\"><span class=\"what-is-it-section__text-medium\">Type de peau :\u00a0<\/span>Peau mixte, Peau s\u00e8che, Peau normale, Peau grasse<\/li>\n<li class=\"mt-5\"><span class=\"what-is-it-section__text-medium\">Texture :\u00a0<\/span>Gel<\/li>\n<li class=\"mt-5\"><span class=\"what-is-it-section__text-medium\">Utilisation :\u00a0<\/span>2 \u00e0 3 fois par semaine, le soir. \u00c9viter d&rsquo;appliquer 2 soirs cons\u00e9cutifs.\u00a0<a class=\"what-is-it-accordion__how-to-link how-to-link-js link link--uppercase display-inline-block cba-link-style\" tabindex=\"0\" href=\"https:\/\/www.clarins.ca\/fr\/peeling-beaute-eclair\/80087596.html\">En savoir plus<\/a><\/li>\n<\/ul>\n<div class=\"discover-more-benefit-section__title\">B\u00e9n\u00e9fices<\/div>\n<div class=\"discover-more-benefit-section__text\">\n<ul>\n<li>Effet coup d\u2019\u00e9clat instantan\u00e9.<\/li>\n<li>Effet d\u00e9fatigant \u00e9clair.<\/li>\n<\/ul>\n<\/div>\n<div class=\"long-description-wrapper \">\n<h2 class=\"subtitle1 \">En savoir plus<\/h2>\n<div class=\"product-info__long-description\">Le Peeling Beaut\u00e9 \u00c9clair agit \u00e0 tous les niveaux de la peau pour cibler efficacement et visiblement le manque de d&rsquo;\u00e9clat, les irr\u00e9gularit\u00e9s cutan\u00e9es et les rides apparentes. Il exfolie la peau pour acc\u00e9l\u00e9rer la r\u00e9g\u00e9n\u00e9ration cutan\u00e9e et lui redonner \u00e9clat et souplesse. C\u2019est le nouveau geste rapide, pratique et efficace pour faire peau neuve \u00e0 la maison.<br \/>\nMise en garde : Ce produit contient de l&rsquo;acide alpha-hydroxyl\u00e9 (AAH) qui peut augmenter la sensibilit\u00e9 au soleil et entra\u00eener une br\u00fblure de la peau. Utiliser un \u00e9cran solaire, des v\u00eatements de protection et r\u00e9duire l&rsquo;exposition au soleil pendant l&rsquo;utilisation du produit et pour la semaine suivant son utilisation. Suivre le mode d&#8217;emploi. \u00c9viter tout contact avec les yeux, si l&rsquo;irritation persiste, cesser l&rsquo;utilisation et consulter un m\u00e9decin.<\/div>\n<\/div>\n<div class=\"what-is-it-section__section\">\n<div class=\"what-is-it-section__title\">Le plus Clarins<\/div>\n<div class=\"what-is-it-section__text\">Les essences aromatiques d&rsquo;extraits de plantes pures dont l&rsquo;amande, le freesia, la poire, le magnolia, la pivoine, la violette, le c\u00e8dre et le musc en font votre traitement spa \u00e0 domicile de pr\u00e9dilection pour une peau \u00e9clatante. C&rsquo;est le moyen id\u00e9al pour redonner de l&rsquo;\u00e9clat \u00e0 une peau terne et fatigu\u00e9e par la pollution, le stress, le manque de sommeil, les toxines et les agressions ext\u00e9rieures.<\/div>\n<\/div>\n<div>\n<h3 id=\"accordion_title_jar7u8ocxpme02v55f\" class=\"section-title-js accordion-section__title clicked\" tabindex=\"0\" role=\"button\" data-auto-id=\"proven-results-title\" aria-expanded=\"true\" aria-controls=\"accordion_content_jar7u8ocxpme02v55f\">R\u00e9sultats<\/h3>\n<div id=\"accordion_content_jar7u8ocxpme02v55f\" class=\"accordion-section__content\" aria-labelledby=\"accordion_title_jar7u8ocxpme02v55f\">\n<div class=\"proven-results-accordion full-width display-inline-accordion display-inline-block\">\n<div id=\"proven-results\" class=\"proven-results display-flex flex-wrap justify-content-start\">\n<div class=\"proven-results-accordion\">\n<div>\n<div>93%*<\/div>\n<p>des femmes constatent un effet peau neuve.<\/p>\n<div>\n<ul>\n<li>91%** des femmes d\u00e9clarent que l\u2019\u00e9clat du teint est raviv\u00e9.<\/li>\n<\/ul>\n<\/div>\n<\/div>\n<\/div>\n<\/div>\n<p>*Test consommateurs &#8211; 103 femmes, apr\u00e8s 14 jours d\u2019utilisation. ** Test consommateurs &#8211; 103 femmes, apr\u00e8s 28 jours d\u2019utilisation.<\/p><\/div>\n<\/div>\n<div>\n<h3 id=\"accordion_title_cz1hs0hsg8me02v55f\" class=\"section-title-js accordion-section__title clicked\" tabindex=\"0\" role=\"button\" data-auto-id=\"composition-title\" aria-expanded=\"true\" aria-controls=\"accordion_content_cz1hs0hsg8me02v55f\">Ingr\u00e9dients<\/h3>\n<div id=\"accordion_content_cz1hs0hsg8me02v55f\" class=\"accordion-section__content\" aria-labelledby=\"accordion_title_cz1hs0hsg8me02v55f\">\n<div class=\"composition-accordion full-width display-inline-accordion\">\n<div class=\"text-uppercase\" data-gp-noloc=\"node\">AQUA\/WATER\/EAU. ALCOHOL. BUTYLENE GLYCOL. GLYCOLIC ACID. HYDROXYETHYLCELLULOSE. SODIUM HYDROXIDE. SALICYLIC ACID. PPG-26-BUTETH-26. PEG-40 HYDROGENATED CASTOR OIL. PARFUM\/FRAGRANCE. SODIUM GLYCOLATE. ETHYLENE BRASSYLATE [V4219A]<\/div>\n<div class=\"description-text mt-m\">*\u00c0 titre d\u2019information uniquement. Tout produit \u00e9tant susceptible d\u2019\u00eatre modifi\u00e9, veuillez \u00e9galement consulter la liste des ingr\u00e9dients figurant sur l&#8217;emballage du produit que vous recevrez.<\/div>\n<\/div>\n<\/div>\n<\/div>\n<\/div>\n<\/div>\n<\/div>\n","protected":false},"excerpt":{"rendered":"<p>Ce que c&rsquo;est Type de peau :\u00a0Peau mixte, Peau s\u00e8che, Peau normale, Peau grasse Texture :\u00a0Gel Utilisation :\u00a02 \u00e0 3 fois par semaine, le soir. \u00c9viter d&rsquo;appliquer 2 soirs cons\u00e9cutifs.\u00a0En savoir plus B\u00e9n\u00e9fices Effet coup d\u2019\u00e9clat instantan\u00e9. Effet d\u00e9fatigant \u00e9clair. En savoir plus Le Peeling Beaut\u00e9 \u00c9clair agit \u00e0 tous les niveaux de la peau &hellip; <br \/><a href=\"https:\/\/passionparfums.com\/en\/product\/peeling-beaute-eclair-50-ml\/\" class=\"more-link\">Continue reading <span class=\"screen-reader-text\">PEELING BEAUTE ECLAIR 50 ML<\/span><\/a><\/p>","protected":false},"featured_media":16350,"comment_status":"open","ping_status":"closed","template":"","meta":[],"product_brand":[],"product_cat":[15],"product_tag":[],"class_list":{"0":"post-16345","1":"product","2":"type-product","3":"status-publish","4":"has-post-thumbnail","6":"product_cat-autres","8":"first","9":"instock","10":"sale","11":"shipping-taxable","12":"purchasable","13":"product-type-simple"},"jetpack_sharing_enabled":true,"_links":{"self":[{"href":"https:\/\/passionparfums.com\/en\/wp-json\/wp\/v2\/product\/16345","targetHints":{"allow":["GET"]}}],"collection":[{"href":"https:\/\/passionparfums.com\/en\/wp-json\/wp\/v2\/product"}],"about":[{"href":"https:\/\/passionparfums.com\/en\/wp-json\/wp\/v2\/types\/product"}],"replies":[{"embeddable":true,"href":"https:\/\/passionparfums.com\/en\/wp-json\/wp\/v2\/comments?post=16345"}],"wp:featuredmedia":[{"embeddable":true,"href":"https:\/\/passionparfums.com\/en\/wp-json\/wp\/v2\/media\/16350"}],"wp:attachment":[{"href":"https:\/\/passionparfums.com\/en\/wp-json\/wp\/v2\/media?parent=16345"}],"wp:term":[{"taxonomy":"product_brand","embeddable":true,"href":"https:\/\/passionparfums.com\/en\/wp-json\/wp\/v2\/product_brand?post=16345"},{"taxonomy":"product_cat","embeddable":true,"href":"https:\/\/passionparfums.com\/en\/wp-json\/wp\/v2\/product_cat?post=16345"},{"taxonomy":"product_tag","embeddable":true,"href":"https:\/\/passionparfums.com\/en\/wp-json\/wp\/v2\/product_tag?post=16345"}],"curies":[{"name":"wp","href":"https:\/\/api.w.org\/{rel}","templated":true}]}}