{"id":16317,"date":"2025-07-28T17:20:35","date_gmt":"2025-07-28T17:20:35","guid":{"rendered":"https:\/\/passionparfums.com\/?post_type=product&#038;p=16317"},"modified":"2025-07-28T17:20:35","modified_gmt":"2025-07-28T17:20:35","slug":"baume-beaute-eclair-50-ml","status":"publish","type":"product","link":"https:\/\/passionparfums.com\/en\/product\/baume-beaute-eclair-50-ml\/","title":{"rendered":"BAUME BEAUTE ECLAIR 50 ml"},"content":{"rendered":"<h3 id=\"accordion_title_wwg8vtrec09mdndenw0\" class=\"section-title-js accordion-section__title \" tabindex=\"0\" role=\"button\" data-auto-id=\"what-is-it-title\" aria-expanded=\"true\" aria-controls=\"accordion_content_wwg8vtrec09mdndenw0\">Ce que c&rsquo;est<\/h3>\n<div id=\"accordion_content_wwg8vtrec09mdndenw0\" class=\"accordion-section__content\" aria-labelledby=\"accordion_title_wwg8vtrec09mdndenw0\">\n<div class=\"inner-content-js inner-content\">\n<ul class=\"what-is-it-section__list\">\n<li class=\"mt-5\"><span class=\"what-is-it-section__text-medium\">Type de peau :\u00a0<\/span>Peau mixte, Peau s\u00e8che, Peau normale, Peau grasse<\/li>\n<li class=\"mt-5\"><span class=\"what-is-it-section__text-medium\">Texture :\u00a0<\/span>Cr\u00e8me<\/li>\n<li class=\"mt-5\"><span class=\"what-is-it-section__text-medium\">Utilisation :\u00a0<\/span>Tous les matins.\u00a0<a class=\"what-is-it-accordion__how-to-link how-to-link-js link link--uppercase display-inline-block cba-link-style\" tabindex=\"0\" href=\"https:\/\/www.clarins.ca\/fr\/baume-beaute-eclair---hydratant-et-revelateur-d-eclat\/80087595.html\">En savoir plus<\/a><\/li>\n<\/ul>\n<div class=\"long-description-wrapper \">\n<h2 class=\"subtitle1 \">En savoir plus<\/h2>\n<div class=\"product-info__long-description\">Comment retrouver une peau radieuse ? Baume Beaut\u00e9 \u00c9clair ! Un cocktail puissant d\u2019ingr\u00e9dients d\u2019origine naturelle \u00e0 96\u202f% pour raviver l\u2019\u00e9clat. L\u2019extrait de graines d\u2019ac\u00e9rola aide \u00e0 revitaliser la peau et l\u2019extrait de figue de Barbarie stimule le renouvellement cellulaire pour restaurer l\u2019\u00e9clat de la peau. Il est aussi enrichi en sucres d\u2019avoine bio \u00e0 l\u2019action tonifiante, qui permettent de lisser et de raffermir instantan\u00e9ment le visage. Les signes de fatigue et les rides sont att\u00e9nu\u00e9s. Utilisez-le seul en soin de jour avec votre cr\u00e8me habituelle, m\u00e9lang\u00e9 \u00e0 votre fond de teint liquide Clarins, ou en masque.<\/div>\n<\/div>\n<div class=\"what-is-it-section__section\">\n<div class=\"what-is-it-section__title\">Le plus Clarins<\/div>\n<div class=\"what-is-it-section__text\">Rehausse instantan\u00e9ment le teint pour une peau lisse et radieuse.<\/div>\n<div>\n<h3 id=\"accordion_title_rr85ylgt0gmmdndenw0\" class=\"section-title-js accordion-section__title clicked\" tabindex=\"0\" role=\"button\" data-auto-id=\"proven-results-title\" aria-expanded=\"true\" aria-controls=\"accordion_content_rr85ylgt0gmmdndenw0\">R\u00e9sultats<\/h3>\n<div id=\"accordion_content_rr85ylgt0gmmdndenw0\" class=\"accordion-section__content\" aria-labelledby=\"accordion_title_rr85ylgt0gmmdndenw0\">\n<div class=\"proven-results-accordion full-width display-inline-accordion display-inline-block\">\n<div id=\"proven-results\" class=\"proven-results display-flex flex-wrap justify-content-start\">\n<div class=\"proven-results-accordion\">\n<div>\n<div>86\u202f%*<\/div>\n<p>des femmes estiment que leurs traits semblent plus repos\u00e9s.<\/p>\n<div>\n<ul>\n<li>92%** des femmes d\u00e9clarent que leur teint est raviv\u00e9.<\/li>\n<\/ul>\n<\/div>\n<\/div>\n<\/div>\n<\/div>\n<p>*Test consommateurs \u2013 101 femmes, apr\u00e8s l\u2019application comme soin de jour.** Test consommateurs \u2013 101 femmes, apr\u00e8s 28 jours d\u2019utilisation.<\/p><\/div>\n<\/div>\n<div>\n<h3 id=\"accordion_title_3kydqm8vw7vmdndenw0\" class=\"section-title-js accordion-section__title clicked\" tabindex=\"0\" role=\"button\" data-auto-id=\"composition-title\" aria-expanded=\"true\" aria-controls=\"accordion_content_3kydqm8vw7vmdndenw0\">Ingr\u00e9dients<\/h3>\n<div id=\"accordion_content_3kydqm8vw7vmdndenw0\" class=\"accordion-section__content\" aria-labelledby=\"accordion_title_3kydqm8vw7vmdndenw0\">\n<div class=\"composition-accordion full-width display-inline-accordion\">\n<div class=\"text-uppercase\" data-gp-noloc=\"node\">AQUA\/WATER\/EAU. CAPRYLIC\/CAPRIC TRIGLYCERIDE. GLYCERIN. BUTYROSPERMUM PARKII (SHEA) BUTTER. PROPANEDIOL. C15-19 ALKANE. SILICA SILYLATE. AMMONIUM ACRYLOYLDIMETHYLTAURATE\/VP COPOLYMER. SORBITAN STEARATE. POLYACRYLATE CROSSPOLYMER-6. BUTYLENE GLYCOL. HYDROXYACETOPHENONE. PARFUM\/FRAGRANCE. AVENA SATIVA (OAT) KERNEL EXTRACT. ETHYLHEXYLGLYCERIN. TOCOPHERYL ACETATE. ALOE BARBADENSIS LEAF JUICE POWDER. DISODIUM EDTA. SUCROSE COCOATE. HYDROLYZED OPUNTIA FICUS-INDICA FLOWER EXTRACT. SODIUM HYDROXIDE. MARRUBIUM VULGARE EXTRACT. SODIUM BENZOATE. T-BUTYL ALCOHOL. 1,2-HEXANEDIOL. CAPRYLYL GLYCOL. MALPIGHIA EMARGINATA (ACEROLA) SEED EXTRACT. PHENETHYL ALCOHOL. CAPSICUM ANNUUM FRUIT EXTRACT. FURCELLARIA LUMBRICALIS EXTRACT. CI 14700\/RED 4. LAPSANA COMMUNIS FLOWER\/LEAF\/STEM EXTRACT. MARIS SAL\/SEA SALT\/SEL MARIN. HELIANTHUS ANNUUS (SUNFLOWER) SEED OIL. TOCOPHEROL. ROSMARINUS OFFICINALIS (ROSEMARY) LEAF EXTRACT [V3977A]<\/div>\n<\/div>\n<\/div>\n<\/div>\n<\/div>\n<\/div>\n<\/div>\n<\/div>\n","protected":false},"excerpt":{"rendered":"<p>Ce que c&rsquo;est Type de peau :\u00a0Peau mixte, Peau s\u00e8che, Peau normale, Peau grasse Texture :\u00a0Cr\u00e8me Utilisation :\u00a0Tous les matins.\u00a0En savoir plus En savoir plus Comment retrouver une peau radieuse ? Baume Beaut\u00e9 \u00c9clair ! Un cocktail puissant d\u2019ingr\u00e9dients d\u2019origine naturelle \u00e0 96\u202f% pour raviver l\u2019\u00e9clat. L\u2019extrait de graines d\u2019ac\u00e9rola aide \u00e0 revitaliser la peau &hellip; <br \/><a href=\"https:\/\/passionparfums.com\/en\/product\/baume-beaute-eclair-50-ml\/\" class=\"more-link\">Continue reading <span class=\"screen-reader-text\">BAUME BEAUTE ECLAIR 50 ml<\/span><\/a><\/p>","protected":false},"featured_media":16318,"comment_status":"open","ping_status":"closed","template":"","meta":[],"product_brand":[],"product_cat":[15],"product_tag":[],"class_list":{"0":"post-16317","1":"product","2":"type-product","3":"status-publish","4":"has-post-thumbnail","6":"product_cat-autres","8":"first","9":"instock","10":"shipping-taxable","11":"purchasable","12":"product-type-simple"},"jetpack_sharing_enabled":true,"_links":{"self":[{"href":"https:\/\/passionparfums.com\/en\/wp-json\/wp\/v2\/product\/16317","targetHints":{"allow":["GET"]}}],"collection":[{"href":"https:\/\/passionparfums.com\/en\/wp-json\/wp\/v2\/product"}],"about":[{"href":"https:\/\/passionparfums.com\/en\/wp-json\/wp\/v2\/types\/product"}],"replies":[{"embeddable":true,"href":"https:\/\/passionparfums.com\/en\/wp-json\/wp\/v2\/comments?post=16317"}],"wp:featuredmedia":[{"embeddable":true,"href":"https:\/\/passionparfums.com\/en\/wp-json\/wp\/v2\/media\/16318"}],"wp:attachment":[{"href":"https:\/\/passionparfums.com\/en\/wp-json\/wp\/v2\/media?parent=16317"}],"wp:term":[{"taxonomy":"product_brand","embeddable":true,"href":"https:\/\/passionparfums.com\/en\/wp-json\/wp\/v2\/product_brand?post=16317"},{"taxonomy":"product_cat","embeddable":true,"href":"https:\/\/passionparfums.com\/en\/wp-json\/wp\/v2\/product_cat?post=16317"},{"taxonomy":"product_tag","embeddable":true,"href":"https:\/\/passionparfums.com\/en\/wp-json\/wp\/v2\/product_tag?post=16317"}],"curies":[{"name":"wp","href":"https:\/\/api.w.org\/{rel}","templated":true}]}}