{"id":16309,"date":"2025-07-28T17:16:31","date_gmt":"2025-07-28T17:16:31","guid":{"rendered":"https:\/\/passionparfums.com\/?post_type=product&#038;p=16309"},"modified":"2025-07-28T17:16:31","modified_gmt":"2025-07-28T17:16:31","slug":"lift-affine-visage-serum-50-ml","status":"publish","type":"product","link":"https:\/\/passionparfums.com\/en\/product\/lift-affine-visage-serum-50-ml\/","title":{"rendered":"LIFT AFFINE VISAGE SERUM 50 ml"},"content":{"rendered":"<h3 id=\"accordion_title_vgmch7pt4kmmdnd858f\" class=\"section-title-js accordion-section__title \" tabindex=\"0\" role=\"button\" data-auto-id=\"what-is-it-title\" aria-expanded=\"true\" aria-controls=\"accordion_content_vgmch7pt4kmmdnd858f\">Ce que c&rsquo;est<\/h3>\n<div id=\"accordion_content_vgmch7pt4kmmdnd858f\" class=\"accordion-section__content\" aria-labelledby=\"accordion_title_vgmch7pt4kmmdnd858f\">\n<div class=\"inner-content-js inner-content\">\n<ul class=\"what-is-it-section__list\">\n<li class=\"mt-5\"><span class=\"what-is-it-section__text-medium\">Type de peau :\u00a0<\/span>Peau mixte, Peau s\u00e8che, Peau normale, Peau grasse<\/li>\n<li class=\"mt-5\"><span class=\"what-is-it-section__text-medium\">Texture :\u00a0<\/span>Fluide<\/li>\n<li class=\"mt-5\"><span class=\"what-is-it-section__text-medium\">Utilisation :\u00a0<\/span>Appliquer par pressions l\u00e9g\u00e8res sur l\u2019ensemble de la zone regard, de tempe \u00e0 tempe. chaque matin et\/ ou soir.\u00a0<a class=\"what-is-it-accordion__how-to-link how-to-link-js link link--uppercase display-inline-block cba-link-style\" tabindex=\"0\" href=\"https:\/\/www.clarins.ca\/fr\/double-serum-eye---creme-contour-des-yeux\/80077133.html\">En savoir plus<\/a><\/li>\n<\/ul>\n<div class=\"discover-more-benefit-section__title\">B\u00e9n\u00e9fices<\/div>\n<div class=\"discover-more-benefit-section__text\">\n<ul>\n<li>Lisse les rides.<\/li>\n<li>R\u00e9duit les poches et les cernes.<\/li>\n<li>Fortifie la peau.<\/li>\n<\/ul>\n<\/div>\n<div class=\"long-description-wrapper \">\n<h2 class=\"subtitle1 \">En savoir plus<\/h2>\n<div class=\"product-info__long-description\">Tout le pouvoir de l&rsquo;iconique Double Serum maintenant pour vos yeux.<br \/>\nUne double formule anti-\u00e2ge pour la zone regard en parfaite bio affinit\u00e9 avec la peau du contour de l\u2019oeil, qui puise sa force dans une grande richesse en plantes (13 extraits de plantes dont le puissant duo d\u2019extraits de cerfeuil des bois bio &amp; curcuma).<br \/>\nUn s\u00e9rum complet \u00e0 96% d\u2019origine naturelle pour une efficacit\u00e9 visible sur tous les signes de l\u2019\u00e2ge : il lisse les rides, r\u00e9duit les poches et les cernes, fortifie la peau du contour des yeux.<br \/>\nInstantan\u00e9ment, le regard est rayonnant de jeunesse.<\/div>\n<\/div>\n<div class=\"what-is-it-section__section\">\n<div class=\"what-is-it-section__title\">Le plus Clarins<\/div>\n<div class=\"what-is-it-section__text\">Le secret de Double Serum Eye : l\u2019extrait fortifiant de cerfeuil des bois bio est associ\u00e9 \u00e0 l&rsquo;ingr\u00e9dient star de Double Serum, le curcuma, et aide ainsi \u00e0 pr\u00e9server les 5 fonctions vitales de la peau du contour de l\u2019oeil.<\/div>\n<div>\n<h3 id=\"accordion_title_4l1x5oeqtkfmdnd858f\" class=\"section-title-js accordion-section__title clicked\" tabindex=\"0\" role=\"button\" data-auto-id=\"proven-results-title\" aria-expanded=\"true\" aria-controls=\"accordion_content_4l1x5oeqtkfmdnd858f\">R\u00e9sultats<\/h3>\n<div id=\"accordion_content_4l1x5oeqtkfmdnd858f\" class=\"accordion-section__content\" aria-labelledby=\"accordion_title_4l1x5oeqtkfmdnd858f\">\n<div class=\"proven-results-accordion full-width display-inline-accordion display-inline-block\">\n<div id=\"proven-results\" class=\"proven-results display-flex flex-wrap justify-content-start\">\n<div class=\"proven-results-accordion\">\n<div>\n<div>7* jours seulement pour un regard qui para\u00eet plus jeune.<\/div>\n<div>\n<ul>\n<li>89%** des femmes le disent : avec Double Serum Eye, les rides sont liss\u00e9es, la peau est fortifi\u00e9e, le regard para\u00eet plus jeune.<\/li>\n<li>90%*** des utilisatrices trouvent que leur peau est plus lisse apr\u00e8s 7 jours d&rsquo;application<\/li>\n<li>85%*** des utilisatrices trouvent que la peau du contour de l&rsquo;\u0153il est fortifi\u00e9e apr\u00e8s 7 jours d&rsquo;application<\/li>\n<li>84%*** des utilisatrices trouvent que la peau est plus ferme et unifi\u00e9e apr\u00e8s 7 jours d&rsquo;application<\/li>\n<\/ul>\n<\/div>\n<\/div>\n<\/div>\n<\/div>\n<p>*Test de satisfaction &#8211; panel multi-ethnique &#8211; 7 jours d\u2019utilisation, 375 femmes.**Test de satisfaction &#8211; panel multi-ethnique &#8211; 28 jours d\u2019utilisation, 264 femmes.***Test de satisfaction &#8211; panel multi-ethnique -7 jours d\u2019utilisation, 377 femmes.<\/p><\/div>\n<div>\n<h3 id=\"accordion_title_vah283vzfxmdnd858f\" class=\"section-title-js accordion-section__title clicked\" tabindex=\"0\" role=\"button\" data-auto-id=\"composition-title\" aria-expanded=\"true\" aria-controls=\"accordion_content_vah283vzfxmdnd858f\">Ingr\u00e9dients<\/h3>\n<div id=\"accordion_content_vah283vzfxmdnd858f\" class=\"accordion-section__content\" aria-labelledby=\"accordion_title_vah283vzfxmdnd858f\">\n<div class=\"composition-accordion full-width display-inline-accordion\">\n<div class=\"text-uppercase\" data-gp-noloc=\"node\">AQUA\/WATER\/EAU. PROPANEDIOL. GLYCERIN. SQUALANE. BORON NITRIDE. CAFFEINE. POLYACRYLATE CROSSPOLYMER-6. CAPRYLYL\/CAPRYL GLUCOSIDE. HYDROXYETHYL ACRYLATE\/SODIUM ACRYLOYLDIMETHYL TAURATE COPOLYMER. 1,2-HEXANEDIOL. PARFUM\/FRAGRANCE. PENTYLENE GLYCOL. AVENA SATIVA (OAT) KERNEL EXTRACT. TOCOPHERYL ACETATE. ETHYLHEXYLGLYCERIN. PPG-26-BUTETH-26. ESCIN. PERSEA GRATISSIMA (AVOCADO) OIL UNSAPONIFIABLES. DISODIUM EDTA. PEG-40 HYDROGENATED CASTOR OIL. AMMONIUM ACRYLOYLDIMETHYLTAURATE\/VP COPOLYMER. CURCUMA LONGA (TURMERIC) ROOT EXTRACT. CARAMEL. BUTYLENE GLYCOL. ACTINIDIA CHINENSIS (KIWI) FRUIT EXTRACT. KALANCHOE PINNATA LEAF EXTRACT. SODIUM HYDROXIDE. MARRUBIUM VULGARE EXTRACT. SODIUM BENZOATE. ANTHRISCUS SYLVESTRIS EXTRACT. HEDYCHIUM CORONARIUM ROOT EXTRACT. T-BUTYL ALCOHOL. CITRIC ACID. PHENETHYL ALCOHOL. FURCELLARIA LUMBRICALIS EXTRACT. POTASSIUM SORBATE. MARIS SAL\/SEA SALT\/SEL MARIN. LAPSANA COMMUNIS FLOWER\/LEAF\/STEM EXTRACT [V3818A]<\/div>\n<\/div>\n<\/div>\n<\/div>\n<\/div>\n<\/div>\n<\/div>\n<\/div>\n<\/div>\n","protected":false},"excerpt":{"rendered":"<p>Ce que c&rsquo;est Type de peau :\u00a0Peau mixte, Peau s\u00e8che, Peau normale, Peau grasse Texture :\u00a0Fluide Utilisation :\u00a0Appliquer par pressions l\u00e9g\u00e8res sur l\u2019ensemble de la zone regard, de tempe \u00e0 tempe. chaque matin et\/ ou soir.\u00a0En savoir plus B\u00e9n\u00e9fices Lisse les rides. R\u00e9duit les poches et les cernes. Fortifie la peau. En savoir plus Tout &hellip; <br \/><a href=\"https:\/\/passionparfums.com\/en\/product\/lift-affine-visage-serum-50-ml\/\" class=\"more-link\">Continue reading <span class=\"screen-reader-text\">LIFT AFFINE VISAGE SERUM 50 ml<\/span><\/a><\/p>","protected":false},"featured_media":16315,"comment_status":"open","ping_status":"closed","template":"","meta":[],"product_brand":[],"product_cat":[15],"product_tag":[],"class_list":{"0":"post-16309","1":"product","2":"type-product","3":"status-publish","4":"has-post-thumbnail","6":"product_cat-autres","8":"first","9":"instock","10":"shipping-taxable","11":"purchasable","12":"product-type-simple"},"jetpack_sharing_enabled":true,"_links":{"self":[{"href":"https:\/\/passionparfums.com\/en\/wp-json\/wp\/v2\/product\/16309","targetHints":{"allow":["GET"]}}],"collection":[{"href":"https:\/\/passionparfums.com\/en\/wp-json\/wp\/v2\/product"}],"about":[{"href":"https:\/\/passionparfums.com\/en\/wp-json\/wp\/v2\/types\/product"}],"replies":[{"embeddable":true,"href":"https:\/\/passionparfums.com\/en\/wp-json\/wp\/v2\/comments?post=16309"}],"wp:featuredmedia":[{"embeddable":true,"href":"https:\/\/passionparfums.com\/en\/wp-json\/wp\/v2\/media\/16315"}],"wp:attachment":[{"href":"https:\/\/passionparfums.com\/en\/wp-json\/wp\/v2\/media?parent=16309"}],"wp:term":[{"taxonomy":"product_brand","embeddable":true,"href":"https:\/\/passionparfums.com\/en\/wp-json\/wp\/v2\/product_brand?post=16309"},{"taxonomy":"product_cat","embeddable":true,"href":"https:\/\/passionparfums.com\/en\/wp-json\/wp\/v2\/product_cat?post=16309"},{"taxonomy":"product_tag","embeddable":true,"href":"https:\/\/passionparfums.com\/en\/wp-json\/wp\/v2\/product_tag?post=16309"}],"curies":[{"name":"wp","href":"https:\/\/api.w.org\/{rel}","templated":true}]}}