{"id":16304,"date":"2025-07-28T17:09:35","date_gmt":"2025-07-28T17:09:35","guid":{"rendered":"https:\/\/passionparfums.com\/?post_type=product&#038;p=16304"},"modified":"2025-07-28T17:09:35","modified_gmt":"2025-07-28T17:09:35","slug":"uv-plus-transparent-30-ml","status":"publish","type":"product","link":"https:\/\/passionparfums.com\/en\/product\/uv-plus-transparent-30-ml\/","title":{"rendered":"UV PLUS TRANSPARENT 30 ml"},"content":{"rendered":"<h3 id=\"accordion_title_832ne28kab8mdnd151q\" class=\"section-title-js accordion-section__title \" tabindex=\"0\" role=\"button\" data-auto-id=\"what-is-it-title\" aria-expanded=\"true\" aria-controls=\"accordion_content_832ne28kab8mdnd151q\">Description<\/h3>\n<div id=\"accordion_content_832ne28kab8mdnd151q\" class=\"accordion-section__content\" aria-labelledby=\"accordion_title_832ne28kab8mdnd151q\">\n<div class=\"inner-content-js inner-content\">\n<ul class=\"what-is-it-section__list\">\n<li class=\"mt-5\"><span class=\"what-is-it-section__text-medium\">Type de peau :\u00a0<\/span>Peau mixte, Peau s\u00e8che, Peau normale, Peau grasse<\/li>\n<li class=\"mt-5\"><span class=\"what-is-it-section__text-medium\">Texture :\u00a0<\/span>Gel \/ Fluide<\/li>\n<li class=\"mt-5\"><span class=\"what-is-it-section__text-medium\">Utilisation :\u00a0<\/span>\u00c0 appliquer apr\u00e8s avoir termin\u00e9 votre routine de soin et avant de vous maquiller.\u00a0<a class=\"what-is-it-accordion__how-to-link how-to-link-js link link--uppercase display-inline-block cba-link-style\" tabindex=\"0\" href=\"https:\/\/www.clarins.fr\/ecran-multi-protection-hydratant-uv-plus-5p-anti-pollution-neutre\/80071265.html\">En savoir plus<\/a><\/li>\n<\/ul>\n<div class=\"discover-more-benefit-section__title\">Un produit pas comme les autres<\/div>\n<div class=\"discover-more-benefit-section__text\">\n<ul>\n<li>Prot\u00e8ge contre les rayons UV et cinq types de pollution. Hydrate la peau.<\/li>\n<\/ul>\n<\/div>\n<div class=\"long-description-wrapper \">\n<h2 class=\"subtitle1 \">En savoir plus<\/h2>\n<div class=\"product-info__long-description\">Ce 1er \u00e9cran anti-UV et anti-pollution Clarins prot\u00e8ge contre les 5\u00a0polluants les plus courants de la vie quotidienne\u00a0: atmosph\u00e9rique, int\u00e9rieur, pollen, lumi\u00e8re bleue et photo-pollution. Une cr\u00e8me-gel l\u00e9g\u00e8re \u00e0 l\u2019absorption facile pour une finition parfaitement invisible. \u00c0 base d\u2019extrait de feuille de manguier bio, il renforce le pouvoir d\u2019auto-d\u00e9fense de la peau de 64\u00a0%*. Hydrate et prend soin de la peau gr\u00e2ce \u00e0 74\u00a0% ** d&rsquo;ingr\u00e9dients d\u00e9di\u00e9s au soin de la peau.<\/p>\n<p>*\u00a0Test ex vivo sur la photo-pollution, mesure de la loricrine.<br \/>\n**\u00a0Exclus les filtres, conservateurs et colorants qui composent 26\u00a0% de la formule.<\/p><\/div>\n<\/div>\n<div class=\"what-is-it-section__section\">\n<div class=\"what-is-it-section__title\">Le plus Clarins<\/div>\n<div class=\"what-is-it-section__text\">Notre \u00e9cran de ville innovant est d\u00e9sormais plus avanc\u00e9 que jamais. Formul\u00e9 \u00e0 partir de 30\u00a0ans d&rsquo;expertise dans la protection contre les UV et la pollution.<\/div>\n<div>\n<h3 id=\"accordion_title_wfqm3chv61kmdnd151q\" class=\"section-title-js accordion-section__title clicked\" tabindex=\"0\" role=\"button\" data-auto-id=\"proven-results-title\" aria-expanded=\"true\" aria-controls=\"accordion_content_wfqm3chv61kmdnd151q\">Des r\u00e9sultats prouv\u00e9s<\/h3>\n<div id=\"accordion_content_wfqm3chv61kmdnd151q\" class=\"accordion-section__content\" aria-labelledby=\"accordion_title_wfqm3chv61kmdnd151q\">\n<div class=\"proven-results-accordion full-width display-inline-accordion display-inline-block\">\n<div id=\"proven-results\" class=\"proven-results display-flex flex-wrap justify-content-start\">\n<div class=\"proven-results-accordion\">\n<div>\n<div>86%*<\/div>\n<p>des femmes ont d\u00e9clar\u00e9 que UV Plus prot\u00e8ge la peau contre tous les types de pollution.<\/p>\n<div>\n<ul>\n<li>55%** de r\u00e9duction des dommages cutan\u00e9s dus \u00e0 la lumi\u00e8re bleue.<\/li>\n<li>66%*** de r\u00e9duction des dommages cutan\u00e9s dus \u00e0 la pollution \u00e0 l&rsquo;int\u00e9rieur et \u00e0 l&rsquo;ext\u00e9rieur.<\/li>\n<li>100%** de r\u00e9duction des dommages cutan\u00e9s dus \u00e0 la photo-pollution.<\/li>\n<li>57%**** de r\u00e9duction des dommages cutan\u00e9s dus au pollen.<\/li>\n<\/ul>\n<\/div>\n<\/div>\n<\/div>\n<\/div>\n<p>*\u00a0Test de satisfaction \u2013 112\u00a0femmes \u2013 28\u00a0jours.**\u00a0Test ex vivo \u2013 mesure des prot\u00e9ines oxyd\u00e9es &#8211; UV PLUS Transparent, Rose &amp; Lavande.***\u00a0Test ex vivo, mesure de prot\u00e9ines oxyd\u00e9es, UV PLUS Transparent et Rose.****\u00a0Test in vitro sur \u00e9piderme reconstitu\u00e9, mesure sur la production d&rsquo;IL-8, UV PLUS Transparent et Rose.<\/p><\/div>\n<\/div>\n<div>\n<h3 id=\"accordion_title_i2h8p4y91pmdnd151q\" class=\"section-title-js accordion-section__title clicked\" tabindex=\"0\" role=\"button\" data-auto-id=\"composition-title\" aria-expanded=\"true\" aria-controls=\"accordion_content_i2h8p4y91pmdnd151q\">Composition<\/h3>\n<div id=\"accordion_content_i2h8p4y91pmdnd151q\" class=\"accordion-section__content\" aria-labelledby=\"accordion_title_i2h8p4y91pmdnd151q\">\n<div class=\"composition-accordion full-width display-inline-accordion\">\n<div class=\"text-uppercase\" data-gp-noloc=\"node\">AQUA\/WATER\/EAU. DIISOPROPYL ADIPATE. HOMOSALATE. ETHYLHEXYL SALICYLATE. DIETHYLAMINO HYDROXYBENZOYL HEXYL BENZOATE. BUTYLENE GLYCOL. DIISOPROPYL SEBACATE. ETHYLHEXYL TRIAZONE. POLYGLYCERYL-6 STEARATE. BIS-ETHYLHEXYLOXYPHENOL METHOXYPHENYL TRIAZINE. TITANIUM DIOXIDE [NANO]. POTASSIUM CETYL PHOSPHATE. 1,2-HEXANEDIOL. CELLULOSE. TALC. TRIACONTANYL PVP. GLYCERIN. CI 77891\/TITANIUM DIOXIDE. PARFUM\/FRAGRANCE. GLYCERYL CAPRYLATE. POLYACRYLATE CROSSPOLYMER-6. SILICA. SYNTHETIC FLUORPHLOGOPITE. POLYGLYCERYL-6 BEHENATE. ETHYLHEXYLGLYCERIN. TOCOPHERYL ACETATE. C30-45 OLEFIN. DISODIUM EDTA. TOCOPHEROL. DIMETHICONE. MANGIFERA INDICA (MANGO) LEAF EXTRACT. MARRUBIUM VULGARE EXTRACT. KALANCHOE PINNATA LEAF EXTRACT. T-BUTYL ALCOHOL. PHENETHYL ALCOHOL. TIN OXIDE. CITRIC ACID. FURCELLARIA LUMBRICALIS EXTRACT. SODIUM BENZOATE. POTASSIUM SORBATE. LAPSANA COMMUNIS FLOWER\/LEAF\/STEM EXTRACT. MARIS SAL\/SEA SALT\/SEL MARIN [S3682A]<\/div>\n<\/div>\n<\/div>\n<\/div>\n<\/div>\n<\/div>\n<\/div>\n<\/div>\n","protected":false},"excerpt":{"rendered":"<p>Description Type de peau :\u00a0Peau mixte, Peau s\u00e8che, Peau normale, Peau grasse Texture :\u00a0Gel \/ Fluide Utilisation :\u00a0\u00c0 appliquer apr\u00e8s avoir termin\u00e9 votre routine de soin et avant de vous maquiller.\u00a0En savoir plus Un produit pas comme les autres Prot\u00e8ge contre les rayons UV et cinq types de pollution. Hydrate la peau. En savoir plus &hellip; <br \/><a href=\"https:\/\/passionparfums.com\/en\/product\/uv-plus-transparent-30-ml\/\" class=\"more-link\">Continue reading <span class=\"screen-reader-text\">UV PLUS TRANSPARENT 30 ml<\/span><\/a><\/p>","protected":false},"featured_media":16308,"comment_status":"open","ping_status":"closed","template":"","meta":[],"product_brand":[],"product_cat":[15],"product_tag":[],"class_list":{"0":"post-16304","1":"product","2":"type-product","3":"status-publish","4":"has-post-thumbnail","6":"product_cat-autres","8":"first","9":"instock","10":"shipping-taxable","11":"product-type-simple"},"jetpack_sharing_enabled":true,"_links":{"self":[{"href":"https:\/\/passionparfums.com\/en\/wp-json\/wp\/v2\/product\/16304","targetHints":{"allow":["GET"]}}],"collection":[{"href":"https:\/\/passionparfums.com\/en\/wp-json\/wp\/v2\/product"}],"about":[{"href":"https:\/\/passionparfums.com\/en\/wp-json\/wp\/v2\/types\/product"}],"replies":[{"embeddable":true,"href":"https:\/\/passionparfums.com\/en\/wp-json\/wp\/v2\/comments?post=16304"}],"wp:featuredmedia":[{"embeddable":true,"href":"https:\/\/passionparfums.com\/en\/wp-json\/wp\/v2\/media\/16308"}],"wp:attachment":[{"href":"https:\/\/passionparfums.com\/en\/wp-json\/wp\/v2\/media?parent=16304"}],"wp:term":[{"taxonomy":"product_brand","embeddable":true,"href":"https:\/\/passionparfums.com\/en\/wp-json\/wp\/v2\/product_brand?post=16304"},{"taxonomy":"product_cat","embeddable":true,"href":"https:\/\/passionparfums.com\/en\/wp-json\/wp\/v2\/product_cat?post=16304"},{"taxonomy":"product_tag","embeddable":true,"href":"https:\/\/passionparfums.com\/en\/wp-json\/wp\/v2\/product_tag?post=16304"}],"curies":[{"name":"wp","href":"https:\/\/api.w.org\/{rel}","templated":true}]}}