{"id":16299,"date":"2025-07-28T17:05:19","date_gmt":"2025-07-28T17:05:19","guid":{"rendered":"https:\/\/passionparfums.com\/?post_type=product&#038;p=16299"},"modified":"2025-07-28T17:05:19","modified_gmt":"2025-07-28T17:05:19","slug":"exfoliant-huile-nourrissante-50-ml","status":"publish","type":"product","link":"https:\/\/passionparfums.com\/en\/product\/exfoliant-huile-nourrissante-50-ml\/","title":{"rendered":"EXFOLIANT HUILE NOURRISSANTE 50 ml"},"content":{"rendered":"<h3 id=\"accordion_title_jstdt8xjftmdncumjh\" class=\"section-title-js accordion-section__title \" tabindex=\"0\" role=\"button\" data-auto-id=\"what-is-it-title\" aria-expanded=\"true\" aria-controls=\"accordion_content_jstdt8xjftmdncumjh\">Ce que c&rsquo;est<\/h3>\n<div id=\"accordion_content_jstdt8xjftmdncumjh\" class=\"accordion-section__content\" aria-labelledby=\"accordion_title_jstdt8xjftmdncumjh\">\n<div class=\"inner-content-js inner-content\">\n<ul class=\"what-is-it-section__list\">\n<li class=\"mt-5\"><span class=\"what-is-it-section__text-medium\">Type de peau :\u00a0<\/span>Peau s\u00e8che<\/li>\n<li class=\"mt-5\"><span class=\"what-is-it-section__text-medium\">Texture :\u00a0<\/span>Cr\u00e8me Avec Micrograins<\/li>\n<li class=\"mt-5\"><span class=\"what-is-it-section__text-medium\">Utilisation :\u00a0<\/span>Le matin ou le soir, 1 \u00e0 2 fois par semaine.\u00a0<a class=\"what-is-it-accordion__how-to-link how-to-link-js link link--uppercase display-inline-block cba-link-style\" tabindex=\"0\" href=\"https:\/\/www.clarins.ca\/fr\/comfort-scrub\/80116277.html\">En savoir plus<\/a><\/li>\n<\/ul>\n<div class=\"discover-more-benefit-section__title\">B\u00e9n\u00e9fices<\/div>\n<div class=\"discover-more-benefit-section__text\">\n<ul>\n<li>Elimine les impuret\u00e9s et les cellules mortes.<\/li>\n<li>Affine le grain de peau.<\/li>\n<li>Nourrit la peau.<\/li>\n<li>Aide \u00e0 retrouver une peau soyeuse et souple.<\/li>\n<\/ul>\n<\/div>\n<div class=\"long-description-wrapper \">\n<h2 class=\"subtitle1 \">En savoir plus<\/h2>\n<div class=\"product-info__long-description\">Avec l&rsquo;exfoliant Comfort Scrub, la peau est parfaitement chouchout\u00e9e. Ce gel-huile nourrissant exfolie en douceur tout en apportant \u00e0 la peau un confort absolu en un seul geste.<br \/>\nSes microcristaux de sucre \u00e9liminent d\u00e9licatement les cellules mortes du visage et des l\u00e8vres. Id\u00e9al pour les peaux s\u00e8ches, il laisse la peau douce, souple et revitalis\u00e9e.<\/div>\n<\/div>\n<div class=\"what-is-it-section__section\">\n<div class=\"what-is-it-section__title\">Le plus Clarins<\/div>\n<div class=\"what-is-it-section__text\">Peut aussi s&rsquo;appliquer sur les l\u00e8vres.<\/div>\n<div>\n<h3 id=\"accordion_title_fedkmt8rkk5mdncumjh\" class=\"section-title-js accordion-section__title clicked\" tabindex=\"0\" role=\"button\" data-auto-id=\"proven-results-title\" aria-expanded=\"true\" aria-controls=\"accordion_content_fedkmt8rkk5mdncumjh\">R\u00e9sultats<\/h3>\n<div id=\"accordion_content_fedkmt8rkk5mdncumjh\" class=\"accordion-section__content\" aria-labelledby=\"accordion_title_fedkmt8rkk5mdncumjh\">\n<div class=\"proven-results-accordion full-width display-inline-accordion display-inline-block\">\n<div id=\"proven-results\" class=\"proven-results display-flex flex-wrap justify-content-start\">\n<div class=\"proven-results-accordion\">\n<div>\n<div>98%*<\/div>\n<p>La peau est douce<\/p>\n<div>\n<ul>\n<li>94%* La peau est soyeuse<\/li>\n<li>91%* La peau est confortable<\/li>\n<\/ul>\n<\/div>\n<\/div>\n<\/div>\n<\/div>\n<p>*Test consommateurs, 98 femmes, apr\u00e8s 1 application<\/p><\/div>\n<div>\n<h3 id=\"accordion_title_1xpkhczks0smdncumjh\" class=\"section-title-js accordion-section__title clicked\" tabindex=\"0\" role=\"button\" data-auto-id=\"composition-title\" aria-expanded=\"true\" aria-controls=\"accordion_content_1xpkhczks0smdncumjh\">Ingr\u00e9dients<\/h3>\n<div id=\"accordion_content_1xpkhczks0smdncumjh\" class=\"accordion-section__content\" aria-labelledby=\"accordion_title_1xpkhczks0smdncumjh\">\n<div class=\"composition-accordion full-width display-inline-accordion\">\n<div class=\"text-uppercase\" data-gp-noloc=\"node\">SQUALANE. CAPRYLIC\/CAPRIC TRIGLYCERIDE. GLYCERIN. SUCROSE LAURATE. MICROCRYSTALLINE CELLULOSE. PROPANEDIOL. AQUA\/WATER\/EAU. SUCROSE. SUCROSE STEARATE. OCTYLDODECANOL. IRVINGIA GABONENSIS KERNEL BUTTER. HYDROGENATED COCO-GLYCERIDES. DISODIUM EDTA. PARFUM\/FRAGRANCE. VANILLIN. CAPSICUM ANNUUM FRUIT EXTRACT. HELIANTHUS ANNUUS (SUNFLOWER) SEED OIL. TOCOPHEROL. ROSMARINUS OFFICINALIS (ROSEMARY) LEAF EXTRACT. [V3236B]<\/div>\n<\/div>\n<\/div>\n<\/div>\n<div><\/div>\n<\/div>\n<\/div>\n<\/div>\n<\/div>\n<\/div>\n","protected":false},"excerpt":{"rendered":"<p>Ce que c&rsquo;est Type de peau :\u00a0Peau s\u00e8che Texture :\u00a0Cr\u00e8me Avec Micrograins Utilisation :\u00a0Le matin ou le soir, 1 \u00e0 2 fois par semaine.\u00a0En savoir plus B\u00e9n\u00e9fices Elimine les impuret\u00e9s et les cellules mortes. Affine le grain de peau. Nourrit la peau. Aide \u00e0 retrouver une peau soyeuse et souple. En savoir plus Avec l&rsquo;exfoliant &hellip; <br \/><a href=\"https:\/\/passionparfums.com\/en\/product\/exfoliant-huile-nourrissante-50-ml\/\" class=\"more-link\">Continue reading <span class=\"screen-reader-text\">EXFOLIANT HUILE NOURRISSANTE 50 ml<\/span><\/a><\/p>","protected":false},"featured_media":16303,"comment_status":"open","ping_status":"closed","template":"","meta":[],"product_brand":[],"product_cat":[15],"product_tag":[],"class_list":{"0":"post-16299","1":"product","2":"type-product","3":"status-publish","4":"has-post-thumbnail","6":"product_cat-autres","8":"first","9":"instock","10":"shipping-taxable","11":"purchasable","12":"product-type-simple"},"jetpack_sharing_enabled":true,"_links":{"self":[{"href":"https:\/\/passionparfums.com\/en\/wp-json\/wp\/v2\/product\/16299","targetHints":{"allow":["GET"]}}],"collection":[{"href":"https:\/\/passionparfums.com\/en\/wp-json\/wp\/v2\/product"}],"about":[{"href":"https:\/\/passionparfums.com\/en\/wp-json\/wp\/v2\/types\/product"}],"replies":[{"embeddable":true,"href":"https:\/\/passionparfums.com\/en\/wp-json\/wp\/v2\/comments?post=16299"}],"wp:featuredmedia":[{"embeddable":true,"href":"https:\/\/passionparfums.com\/en\/wp-json\/wp\/v2\/media\/16303"}],"wp:attachment":[{"href":"https:\/\/passionparfums.com\/en\/wp-json\/wp\/v2\/media?parent=16299"}],"wp:term":[{"taxonomy":"product_brand","embeddable":true,"href":"https:\/\/passionparfums.com\/en\/wp-json\/wp\/v2\/product_brand?post=16299"},{"taxonomy":"product_cat","embeddable":true,"href":"https:\/\/passionparfums.com\/en\/wp-json\/wp\/v2\/product_cat?post=16299"},{"taxonomy":"product_tag","embeddable":true,"href":"https:\/\/passionparfums.com\/en\/wp-json\/wp\/v2\/product_tag?post=16299"}],"curies":[{"name":"wp","href":"https:\/\/api.w.org\/{rel}","templated":true}]}}