{"id":16294,"date":"2025-07-28T17:01:04","date_gmt":"2025-07-28T17:01:04","guid":{"rendered":"https:\/\/passionparfums.com\/?post_type=product&#038;p=16294"},"modified":"2025-07-28T17:01:04","modified_gmt":"2025-07-28T17:01:04","slug":"demaquillant-express-yeux-125-ml","status":"publish","type":"product","link":"https:\/\/passionparfums.com\/en\/product\/demaquillant-express-yeux-125-ml\/","title":{"rendered":"DEMAQUILLANT EXPRESS YEUX 125 ml"},"content":{"rendered":"<h3 id=\"accordion_title_ap3vfebo2aemdncq5wa\" class=\"section-title-js accordion-section__title \" tabindex=\"0\" role=\"button\" data-auto-id=\"what-is-it-title\" aria-expanded=\"true\" aria-controls=\"accordion_content_ap3vfebo2aemdncq5wa\">Ce que c&rsquo;est<\/h3>\n<div id=\"accordion_content_ap3vfebo2aemdncq5wa\" class=\"accordion-section__content\" aria-labelledby=\"accordion_title_ap3vfebo2aemdncq5wa\">\n<div class=\"inner-content-js inner-content\">\n<ul class=\"what-is-it-section__list\">\n<li class=\"mt-5\"><span class=\"what-is-it-section__text-medium\">Type de peau :\u00a0<\/span>Peau normale, Peau grasse, Peau mixte, Peau s\u00e8che<\/li>\n<li class=\"mt-5\"><span class=\"what-is-it-section__text-medium\">Texture :\u00a0<\/span>Lotion<\/li>\n<li class=\"mt-5\"><span class=\"what-is-it-section__text-medium\">Utilisation :\u00a0<\/span>Tous les soirs.\u00a0<a class=\"what-is-it-accordion__how-to-link how-to-link-js link link--uppercase display-inline-block cba-link-style\" tabindex=\"0\" href=\"https:\/\/www.clarins.ca\/fr\/demaquillant-express-yeux\/80082062.html\">En savoir plus<\/a><\/li>\n<\/ul>\n<div class=\"discover-more-benefit-section__title\">B\u00e9n\u00e9fices<\/div>\n<div class=\"discover-more-benefit-section__text\">\n<ul>\n<li>D\u00e9maquille le maquillage r\u00e9sistant \u00e0 l&rsquo;eau<\/li>\n<li>Elimine r\u00e9sidus et impuret\u00e9s<\/li>\n<li>Apaise, adoucit la peau du contour de l&rsquo;oeil<\/li>\n<li>Prot\u00e8ge les cils<\/li>\n<\/ul>\n<\/div>\n<div class=\"long-description-wrapper \">\n<h2 class=\"subtitle1 \">En savoir plus<\/h2>\n<div class=\"product-info__long-description\">Ce d\u00e9maquillant express pour les yeux s&rsquo;adresse aux adeptes du maquillage intense ou r\u00e9sistant \u00e0 l&rsquo;eau qui veulent prendre soin de leurs yeux. Sa formule bi-phase sans effet gras \u00e9limine en douceur le maquillage waterproof. Il est enrichi en extrait de gentiane jaune des Alpes bio r\u00e9colt\u00e9 au c\u0153ur du Domaine Clarins et en extrait de bleuet bio pour une peau du contour de l&rsquo;oeil apais\u00e9e.<br \/>\nSon plus : il est enrichi en panth\u00e9nol connu pour aider \u00e0 prot\u00e9ger les cils.<br \/>\nPour minimiser son empreinte environnementale, Clarins repense ce produit dans un flacon encore plus \u00e9co-con\u00e7u avec une capsule all\u00e9g\u00e9e.<\/div>\n<\/div>\n<div class=\"what-is-it-section__section\">\n<div class=\"what-is-it-section__title\">Le plus Clarins<\/div>\n<div class=\"what-is-it-section__text\">Texture bi-phase sans effet gras.<\/div>\n<div>\n<h3 id=\"accordion_title_q144g74udfmdncq5wa\" class=\"section-title-js accordion-section__title clicked\" tabindex=\"0\" role=\"button\" data-auto-id=\"proven-results-title\" aria-expanded=\"true\" aria-controls=\"accordion_content_q144g74udfmdncq5wa\">R\u00e9sultats<\/h3>\n<div id=\"accordion_content_q144g74udfmdncq5wa\" class=\"accordion-section__content\" aria-labelledby=\"accordion_title_q144g74udfmdncq5wa\">\n<div class=\"proven-results-accordion full-width display-inline-accordion display-inline-block\">\n<div id=\"proven-results\" class=\"proven-results display-flex flex-wrap justify-content-start\">\n<div class=\"proven-results-accordion\">\n<div>\n<div>100%*<\/div>\n<p>des femmes d\u00e9clarent que le produit est efficace sur les maquillages waterproof.<\/p>\n<\/div>\n<\/div>\n<\/div>\n<p>*Test consommateur, 53 femmes, apr\u00e8s le d\u00e9maquillage, test\u00e9 pendant 14 jours.<\/p><\/div>\n<div>\n<h3 id=\"accordion_title_vj09ae9wo4mdncq5wa\" class=\"section-title-js accordion-section__title clicked\" tabindex=\"0\" role=\"button\" data-auto-id=\"composition-title\" aria-expanded=\"true\" aria-controls=\"accordion_content_vj09ae9wo4mdncq5wa\">Ingr\u00e9dients<\/h3>\n<div id=\"accordion_content_vj09ae9wo4mdncq5wa\" class=\"accordion-section__content\" aria-labelledby=\"accordion_title_vj09ae9wo4mdncq5wa\">\n<div class=\"composition-accordion full-width display-inline-accordion\">\n<div class=\"text-uppercase\" data-gp-noloc=\"node\">AQUA\/WATER\/EAU. C9-12 ALKANE. METHYL TRIMETHICONE. BUTYLENE GLYCOL. PANTHENOL. GLYCERIN. SODIUM CHLORIDE. PHENETHYL ALCOHOL. PARFUM\/FRAGRANCE. PROPANEDIOL. DISODIUM EDTA. POTASSIUM SORBATE. XANTHAN GUM. TETRASODIUM EDTA. CENTAUREA CYANUS FLOWER EXTRACT. GENTIANA LUTEA EXTRACT. DISODIUM COCOYL GLUTAMATE. SODIUM COCOYL GLUTAMATE. CI 42090\/BLUE 1. [V3911A]<\/div>\n<\/div>\n<\/div>\n<\/div>\n<\/div>\n<\/div>\n<\/div>\n<\/div>\n<\/div>\n","protected":false},"excerpt":{"rendered":"<p>Ce que c&rsquo;est Type de peau :\u00a0Peau normale, Peau grasse, Peau mixte, Peau s\u00e8che Texture :\u00a0Lotion Utilisation :\u00a0Tous les soirs.\u00a0En savoir plus B\u00e9n\u00e9fices D\u00e9maquille le maquillage r\u00e9sistant \u00e0 l&rsquo;eau Elimine r\u00e9sidus et impuret\u00e9s Apaise, adoucit la peau du contour de l&rsquo;oeil Prot\u00e8ge les cils En savoir plus Ce d\u00e9maquillant express pour les yeux s&rsquo;adresse aux &hellip; <br \/><a href=\"https:\/\/passionparfums.com\/en\/product\/demaquillant-express-yeux-125-ml\/\" class=\"more-link\">Continue reading <span class=\"screen-reader-text\">DEMAQUILLANT EXPRESS YEUX 125 ml<\/span><\/a><\/p>","protected":false},"featured_media":16298,"comment_status":"open","ping_status":"closed","template":"","meta":[],"product_brand":[],"product_cat":[15],"product_tag":[],"class_list":{"0":"post-16294","1":"product","2":"type-product","3":"status-publish","4":"has-post-thumbnail","6":"product_cat-autres","8":"first","9":"instock","10":"shipping-taxable","11":"purchasable","12":"product-type-simple"},"jetpack_sharing_enabled":true,"_links":{"self":[{"href":"https:\/\/passionparfums.com\/en\/wp-json\/wp\/v2\/product\/16294","targetHints":{"allow":["GET"]}}],"collection":[{"href":"https:\/\/passionparfums.com\/en\/wp-json\/wp\/v2\/product"}],"about":[{"href":"https:\/\/passionparfums.com\/en\/wp-json\/wp\/v2\/types\/product"}],"replies":[{"embeddable":true,"href":"https:\/\/passionparfums.com\/en\/wp-json\/wp\/v2\/comments?post=16294"}],"wp:featuredmedia":[{"embeddable":true,"href":"https:\/\/passionparfums.com\/en\/wp-json\/wp\/v2\/media\/16298"}],"wp:attachment":[{"href":"https:\/\/passionparfums.com\/en\/wp-json\/wp\/v2\/media?parent=16294"}],"wp:term":[{"taxonomy":"product_brand","embeddable":true,"href":"https:\/\/passionparfums.com\/en\/wp-json\/wp\/v2\/product_brand?post=16294"},{"taxonomy":"product_cat","embeddable":true,"href":"https:\/\/passionparfums.com\/en\/wp-json\/wp\/v2\/product_cat?post=16294"},{"taxonomy":"product_tag","embeddable":true,"href":"https:\/\/passionparfums.com\/en\/wp-json\/wp\/v2\/product_tag?post=16294"}],"curies":[{"name":"wp","href":"https:\/\/api.w.org\/{rel}","templated":true}]}}