{"id":16289,"date":"2025-07-28T16:57:24","date_gmt":"2025-07-28T16:57:24","guid":{"rendered":"https:\/\/passionparfums.com\/?post_type=product&#038;p=16289"},"modified":"2025-07-28T16:57:24","modified_gmt":"2025-07-28T16:57:24","slug":"lotion-douce-demaquillante-yeux-125-ml","status":"publish","type":"product","link":"https:\/\/passionparfums.com\/en\/product\/lotion-douce-demaquillante-yeux-125-ml\/","title":{"rendered":"LOTION DOUCE DEMAQUILLANTE YEUX 125 ml"},"content":{"rendered":"<h3 id=\"accordion_title_35kpiyjgn1lmdnclj02\" class=\"section-title-js accordion-section__title \" tabindex=\"0\" role=\"button\" data-auto-id=\"what-is-it-title\" aria-expanded=\"true\" aria-controls=\"accordion_content_35kpiyjgn1lmdnclj02\">Ce que c&rsquo;est<\/h3>\n<div id=\"accordion_content_35kpiyjgn1lmdnclj02\" class=\"accordion-section__content\" aria-labelledby=\"accordion_title_35kpiyjgn1lmdnclj02\">\n<div class=\"inner-content-js inner-content\">\n<ul class=\"what-is-it-section__list\">\n<li class=\"mt-5\"><span class=\"what-is-it-section__text-medium\">Type de peau :\u00a0<\/span>Peau normale, Peau grasse, Peau mixte, Peau s\u00e8che<\/li>\n<li class=\"mt-5\"><span class=\"what-is-it-section__text-medium\">Texture :\u00a0<\/span>Lotion<\/li>\n<li class=\"mt-5\"><span class=\"what-is-it-section__text-medium\">Utilisation :\u00a0<\/span>Tous les soirs.\u00a0<a class=\"what-is-it-accordion__how-to-link how-to-link-js link link--uppercase display-inline-block cba-link-style\" tabindex=\"0\" href=\"https:\/\/www.clarins.ca\/fr\/demaquillant-douceur-yeux\/80082061.html\">En savoir plus<\/a><\/li>\n<\/ul>\n<div class=\"discover-more-benefit-section__title\">B\u00e9n\u00e9fices<\/div>\n<div class=\"discover-more-benefit-section__text\">\n<ul>\n<li>Elimine le maquillage et les impuret\u00e9s en douceur.<\/li>\n<li>Apaise, adoucit la peau du contour de l&rsquo;oeil<\/li>\n<\/ul>\n<\/div>\n<div class=\"long-description-wrapper \">\n<h2 class=\"subtitle1 \">En savoir plus<\/h2>\n<div class=\"product-info__long-description\">Cette lotion d\u00e9maquillante fra\u00eeche adapt\u00e9e aux yeux sensibles \u00e9limine parfaitement et en douceur le maquillage et les impuret\u00e9s tout en apaisant les paupi\u00e8res. Ce d\u00e9maquillant est enrichi en extrait de gentiane jaune des Alpes bio r\u00e9colt\u00e9 au c\u0153ur du Domaine Clarins et en extrait de bleuet bio pour une peau du contour de l&rsquo;oeil apais\u00e9e. Id\u00e9al pour la peau fragile du contour de l\u2019\u0153il.<br \/>\nSon plus : il est enrichi en panth\u00e9nol connu pour aider \u00e0 prot\u00e9ger les cils.<\/p>\n<p>Pour son empreinte environnementale, Clarins repense ce produit dans un flacon encore plus \u00e9co-con\u00e7u avec une capsule all\u00e9g\u00e9e.<\/p><\/div>\n<\/div>\n<div class=\"what-is-it-section__section\">\n<div class=\"what-is-it-section__title\">Le plus Clarins<\/div>\n<div class=\"what-is-it-section__text\">Texture fraiche et douce.<\/div>\n<div>\n<h3 id=\"accordion_title_rh1yo8njh5jmdnclj02\" class=\"section-title-js accordion-section__title clicked\" tabindex=\"0\" role=\"button\" data-auto-id=\"proven-results-title\" aria-expanded=\"true\" aria-controls=\"accordion_content_rh1yo8njh5jmdnclj02\">R\u00e9sultats<\/h3>\n<div id=\"accordion_content_rh1yo8njh5jmdnclj02\" class=\"accordion-section__content\" aria-labelledby=\"accordion_title_rh1yo8njh5jmdnclj02\">\n<div class=\"proven-results-accordion full-width display-inline-accordion display-inline-block\">\n<div id=\"proven-results\" class=\"proven-results display-flex flex-wrap justify-content-start\">\n<div class=\"proven-results-accordion\">\n<div>\n<div>82%*<\/div>\n<p>des femmes d\u00e9clarent que la zone du contour des yeux est apais\u00e9e.<\/p>\n<\/div>\n<\/div>\n<\/div>\n<p>*Test consommateur, 57 femmes, apr\u00e8s le d\u00e9maquillage test\u00e9 pendant 14 jours<\/p><\/div>\n<div>\n<h3 id=\"accordion_title_kyrwiy3fqsmdnclj02\" class=\"section-title-js accordion-section__title clicked\" tabindex=\"0\" role=\"button\" data-auto-id=\"composition-title\" aria-expanded=\"true\" aria-controls=\"accordion_content_kyrwiy3fqsmdnclj02\">Ingr\u00e9dients<\/h3>\n<div id=\"accordion_content_kyrwiy3fqsmdnclj02\" class=\"accordion-section__content\" aria-labelledby=\"accordion_title_kyrwiy3fqsmdnclj02\">\n<div class=\"composition-accordion full-width display-inline-accordion\">\n<div class=\"text-uppercase\" data-gp-noloc=\"node\">AQUA\/WATER\/EAU. PROPANEDIOL. POLOXAMER 184. PANTHENOL. GLYCERIN. SODIUM CITRATE. PPG-26-BUTETH-26. CHLORPHENESIN. ETHYLHEXYLGLYCERIN. PEG-40 HYDROGENATED CASTOR OIL. PARFUM\/FRAGRANCE. DISODIUM EDTA. CENTAUREA CYANUS FLOWER EXTRACT. CITRIC ACID. PANTOLACTONE. SODIUM HYDROXIDE. GENTIANA LUTEA EXTRACT. [V3912A]<\/div>\n<\/div>\n<\/div>\n<\/div>\n<\/div>\n<\/div>\n<\/div>\n<\/div>\n<\/div>\n","protected":false},"excerpt":{"rendered":"<p>Ce que c&rsquo;est Type de peau :\u00a0Peau normale, Peau grasse, Peau mixte, Peau s\u00e8che Texture :\u00a0Lotion Utilisation :\u00a0Tous les soirs.\u00a0En savoir plus B\u00e9n\u00e9fices Elimine le maquillage et les impuret\u00e9s en douceur. Apaise, adoucit la peau du contour de l&rsquo;oeil En savoir plus Cette lotion d\u00e9maquillante fra\u00eeche adapt\u00e9e aux yeux sensibles \u00e9limine parfaitement et en douceur &hellip; <br \/><a href=\"https:\/\/passionparfums.com\/en\/product\/lotion-douce-demaquillante-yeux-125-ml\/\" class=\"more-link\">Continue reading <span class=\"screen-reader-text\">LOTION DOUCE DEMAQUILLANTE YEUX 125 ml<\/span><\/a><\/p>","protected":false},"featured_media":16293,"comment_status":"open","ping_status":"closed","template":"","meta":[],"product_brand":[],"product_cat":[15],"product_tag":[],"class_list":{"0":"post-16289","1":"product","2":"type-product","3":"status-publish","4":"has-post-thumbnail","6":"product_cat-autres","8":"first","9":"instock","10":"shipping-taxable","11":"purchasable","12":"product-type-simple"},"jetpack_sharing_enabled":true,"_links":{"self":[{"href":"https:\/\/passionparfums.com\/en\/wp-json\/wp\/v2\/product\/16289","targetHints":{"allow":["GET"]}}],"collection":[{"href":"https:\/\/passionparfums.com\/en\/wp-json\/wp\/v2\/product"}],"about":[{"href":"https:\/\/passionparfums.com\/en\/wp-json\/wp\/v2\/types\/product"}],"replies":[{"embeddable":true,"href":"https:\/\/passionparfums.com\/en\/wp-json\/wp\/v2\/comments?post=16289"}],"wp:featuredmedia":[{"embeddable":true,"href":"https:\/\/passionparfums.com\/en\/wp-json\/wp\/v2\/media\/16293"}],"wp:attachment":[{"href":"https:\/\/passionparfums.com\/en\/wp-json\/wp\/v2\/media?parent=16289"}],"wp:term":[{"taxonomy":"product_brand","embeddable":true,"href":"https:\/\/passionparfums.com\/en\/wp-json\/wp\/v2\/product_brand?post=16289"},{"taxonomy":"product_cat","embeddable":true,"href":"https:\/\/passionparfums.com\/en\/wp-json\/wp\/v2\/product_cat?post=16289"},{"taxonomy":"product_tag","embeddable":true,"href":"https:\/\/passionparfums.com\/en\/wp-json\/wp\/v2\/product_tag?post=16289"}],"curies":[{"name":"wp","href":"https:\/\/api.w.org\/{rel}","templated":true}]}}