{"id":16284,"date":"2025-07-28T16:54:03","date_gmt":"2025-07-28T16:54:03","guid":{"rendered":"https:\/\/passionparfums.com\/?post_type=product&#038;p=16284"},"modified":"2025-07-28T16:54:03","modified_gmt":"2025-07-28T16:54:03","slug":"total-eye-smooth-15-ml","status":"publish","type":"product","link":"https:\/\/passionparfums.com\/en\/product\/total-eye-smooth-15-ml\/","title":{"rendered":"TOTAL EYE SMOOTH 15 ml"},"content":{"rendered":"<h3 id=\"accordion_title_y1bgi1ey5akmdncjz19\" class=\"section-title-js accordion-section__title \" tabindex=\"0\" role=\"button\" data-auto-id=\"what-is-it-title\" aria-expanded=\"true\" aria-controls=\"accordion_content_y1bgi1ey5akmdncjz19\">Ce que c&rsquo;est<\/h3>\n<div id=\"accordion_content_y1bgi1ey5akmdncjz19\" class=\"accordion-section__content\" aria-labelledby=\"accordion_title_y1bgi1ey5akmdncjz19\">\n<div class=\"action-link-wrapper action-link full-width text-center text-uppercase\"><\/div>\n<div class=\"inner-content-js inner-content\">\n<ul class=\"what-is-it-section__list\">\n<li class=\"mt-5\"><span class=\"what-is-it-section__text-medium\">Type de peau :\u00a0<\/span>Peau normale, Peau grasse, Peau mixte, Peau s\u00e8che<\/li>\n<li class=\"mt-5\"><span class=\"what-is-it-section__text-medium\">Texture :\u00a0<\/span>Baume\u00a0<a class=\"what-is-it-accordion__how-to-link how-to-link-js link link--uppercase display-inline-block cba-link-style\" tabindex=\"0\" href=\"https:\/\/www.clarins.ca\/fr\/total-eye-smooth\/80081843.html\">En savoir plus<\/a><\/li>\n<\/ul>\n<div class=\"discover-more-benefit-section__title\">B\u00e9n\u00e9fices<\/div>\n<div class=\"discover-more-benefit-section__text\">\n<ul>\n<li>Anti-rides et fermet\u00e9.<\/li>\n<li>Poches et cernes visiblement att\u00e9nu\u00e9s.<\/li>\n<li>Regard \u00e9clatant.<\/li>\n<li>Protection anti-pollution.<\/li>\n<\/ul>\n<\/div>\n<div class=\"long-description-wrapper \">\n<h2 class=\"subtitle1 \">En savoir plus<\/h2>\n<div class=\"product-info__long-description\">Enrichi en extraits de plantes raffermissants, ce soin contour de l&rsquo;oeil associe l\u2019effet lissant d\u2019un se\u0301rum au confort d\u2019un baume. Il cibles les poches et les cernes pour retrouver un regard p\u00e9tillant de jeunesse. Avec en plus un effet d\u00e9fatigant gr\u00e2ce \u00e0 une nouvelle g\u00e9n\u00e9ration de nacres qui apportent de la luminosit\u00e9 au regard et une texture lissante. Son parfum aux douces notes de rose et de cam\u00e9lia laisse une agr\u00e9able sensation de fra\u00eecheur sur la peau. Enfin, le complexe anti-pollution Clarins prot\u00e8ge la peau des m\u00e9faits des pollutions int\u00e9rieures et atmosph\u00e9riques, et des dommages de la lumi\u00e8re bleue.<\/div>\n<div>\n<h3 id=\"accordion_title_7tuqxp6mf7rmdncjz19\" class=\"section-title-js accordion-section__title clicked\" tabindex=\"0\" role=\"button\" data-auto-id=\"proven-results-title\" aria-expanded=\"true\" aria-controls=\"accordion_content_7tuqxp6mf7rmdncjz19\">R\u00e9sultats<\/h3>\n<div id=\"accordion_content_7tuqxp6mf7rmdncjz19\" class=\"accordion-section__content\" aria-labelledby=\"accordion_title_7tuqxp6mf7rmdncjz19\">\n<div class=\"proven-results-accordion full-width display-inline-accordion display-inline-block\">\n<div id=\"proven-results\" class=\"proven-results display-flex flex-wrap justify-content-start\">\n<div class=\"proven-results-accordion\">\n<div>\n<div>81%*<\/div>\n<p>des femmes trouvent que le contour des yeux est r\u00e9g\u00e9n\u00e9r\u00e9<\/p>\n<div>\n<ul>\n<li>75%* des femmes trouvent que le contour des yeux est raffermi<\/li>\n<li>90%** des femmes trouvent que le contour des yeux est nourri<\/li>\n<\/ul>\n<\/div>\n<\/div>\n<\/div>\n<\/div>\n<p>*Test de satisfaction &#8211; 28 jours d&rsquo;utilisation &#8211; 104 femmes**Test de satisfaction &#8211; Directement apr\u00e8s l&rsquo;application &#8211; 104 femmes<\/p><\/div>\n<div>\n<h3 id=\"accordion_title_88s1eqp6ynnmdncjz19\" class=\"section-title-js accordion-section__title clicked\" tabindex=\"0\" role=\"button\" data-auto-id=\"composition-title\" aria-expanded=\"true\" aria-controls=\"accordion_content_88s1eqp6ynnmdncjz19\">Ingr\u00e9dients<\/h3>\n<div id=\"accordion_content_88s1eqp6ynnmdncjz19\" class=\"accordion-section__content\" aria-labelledby=\"accordion_title_88s1eqp6ynnmdncjz19\">\n<div class=\"composition-accordion full-width display-inline-accordion\">\n<div class=\"text-uppercase\" data-gp-noloc=\"node\">AQUA\/WATER\/EAU. DIMETHICONE. GLYCERIN. ISONONYL ISONONANOATE. BETAINE. CETEARYL ALCOHOL. DICAPRYLYL CARBONATE. CI 77891\/TITANIUM DIOXIDE. CELLULOSE. GLYCERYL STEARATE. PEG-100 STEARATE. PRUNUS AMYGDALUS DULCIS (SWEET ALMOND) OIL. STEAROXYMETHICONE\/DIMETHICONE COPOLYMER. SYNTHETIC FLUORPHLOGOPITE. ALBIZIA JULIBRISSIN BARK EXTRACT. CAFFEINE. CETEARYL GLUCOSIDE. SODIUM POLYACRYLATE. ANIGOZANTHOS FLAVIDUS EXTRACT. CAPRYLYL GLYCOL. ETHYLHEXYLGLYCERIN. PARFUM\/FRAGRANCE. TOCOPHERYL ACETATE. ACRYLATES\/C10-30 ALKYL ACRYLATE CROSSPOLYMER. AVENA SATIVA (OAT) KERNEL EXTRACT. DISODIUM EDTA. ESCIN. DIMETHICONOL. BUTYLENE GLYCOL. SORBITOL. TOCOPHEROL. MARRUBIUM VULGARE EXTRACT. SODIUM HYDROXIDE. TIN OXIDE. SODIUM BENZOATE. MITRACARPUS SCABER EXTRACT. CAPSICUM ANNUUM FRUIT EXTRACT. PHENETHYL ALCOHOL. FURCELLARIA LUMBRICALIS EXTRACT. HELIANTHUS ANNUUS (SUNFLOWER) SEED OIL. LAPSANA COMMUNIS FLOWER\/LEAF\/STEM EXTRACT. MARIS SAL\/SEA SALT\/SEL MARIN. ROSMARINUS OFFICINALIS (ROSEMARY) LEAF EXTRACT [V3932A]<\/div>\n<\/div>\n<\/div>\n<\/div>\n<\/div>\n<\/div>\n<\/div>\n<\/div>\n<\/div>\n","protected":false},"excerpt":{"rendered":"<p>Ce que c&rsquo;est Type de peau :\u00a0Peau normale, Peau grasse, Peau mixte, Peau s\u00e8che Texture :\u00a0Baume\u00a0En savoir plus B\u00e9n\u00e9fices Anti-rides et fermet\u00e9. Poches et cernes visiblement att\u00e9nu\u00e9s. Regard \u00e9clatant. Protection anti-pollution. En savoir plus Enrichi en extraits de plantes raffermissants, ce soin contour de l&rsquo;oeil associe l\u2019effet lissant d\u2019un se\u0301rum au confort d\u2019un baume. Il &hellip; <br \/><a href=\"https:\/\/passionparfums.com\/en\/product\/total-eye-smooth-15-ml\/\" class=\"more-link\">Continue reading <span class=\"screen-reader-text\">TOTAL EYE SMOOTH 15 ml<\/span><\/a><\/p>","protected":false},"featured_media":16288,"comment_status":"open","ping_status":"closed","template":"","meta":[],"product_brand":[],"product_cat":[15],"product_tag":[],"class_list":{"0":"post-16284","1":"product","2":"type-product","3":"status-publish","4":"has-post-thumbnail","6":"product_cat-autres","8":"first","9":"instock","10":"shipping-taxable","11":"purchasable","12":"product-type-simple"},"jetpack_sharing_enabled":true,"_links":{"self":[{"href":"https:\/\/passionparfums.com\/en\/wp-json\/wp\/v2\/product\/16284","targetHints":{"allow":["GET"]}}],"collection":[{"href":"https:\/\/passionparfums.com\/en\/wp-json\/wp\/v2\/product"}],"about":[{"href":"https:\/\/passionparfums.com\/en\/wp-json\/wp\/v2\/types\/product"}],"replies":[{"embeddable":true,"href":"https:\/\/passionparfums.com\/en\/wp-json\/wp\/v2\/comments?post=16284"}],"wp:featuredmedia":[{"embeddable":true,"href":"https:\/\/passionparfums.com\/en\/wp-json\/wp\/v2\/media\/16288"}],"wp:attachment":[{"href":"https:\/\/passionparfums.com\/en\/wp-json\/wp\/v2\/media?parent=16284"}],"wp:term":[{"taxonomy":"product_brand","embeddable":true,"href":"https:\/\/passionparfums.com\/en\/wp-json\/wp\/v2\/product_brand?post=16284"},{"taxonomy":"product_cat","embeddable":true,"href":"https:\/\/passionparfums.com\/en\/wp-json\/wp\/v2\/product_cat?post=16284"},{"taxonomy":"product_tag","embeddable":true,"href":"https:\/\/passionparfums.com\/en\/wp-json\/wp\/v2\/product_tag?post=16284"}],"curies":[{"name":"wp","href":"https:\/\/api.w.org\/{rel}","templated":true}]}}