{"id":16279,"date":"2025-07-28T16:50:18","date_gmt":"2025-07-28T16:50:18","guid":{"rendered":"https:\/\/passionparfums.com\/?post_type=product&#038;p=16279"},"modified":"2025-07-28T16:50:47","modified_gmt":"2025-07-28T16:50:47","slug":"total-eye-revive-15-ml","status":"publish","type":"product","link":"https:\/\/passionparfums.com\/en\/product\/total-eye-revive-15-ml\/","title":{"rendered":"TOTAL EYE REVIVE 15 ml"},"content":{"rendered":"<h3 id=\"accordion_title_68gp54rl93nmdncd564\" class=\"section-title-js accordion-section__title \" tabindex=\"0\" role=\"button\" data-auto-id=\"what-is-it-title\" aria-expanded=\"true\" aria-controls=\"accordion_content_68gp54rl93nmdncd564\">Ce que c&rsquo;est<\/h3>\n<div id=\"accordion_content_68gp54rl93nmdncd564\" class=\"accordion-section__content\" aria-labelledby=\"accordion_title_68gp54rl93nmdncd564\">\n<div class=\"inner-content-js inner-content\">\n<ul class=\"what-is-it-section__list\">\n<li class=\"mt-5\"><span class=\"what-is-it-section__text-medium\">Type de peau :\u00a0<\/span>Peau normale, Peau grasse, Peau mixte, Peau s\u00e8che<\/li>\n<li class=\"mt-5\"><span class=\"what-is-it-section__text-medium\">Texture :\u00a0<\/span>Cr\u00e8me-Gel\u00a0<a class=\"what-is-it-accordion__how-to-link how-to-link-js link link--uppercase display-inline-block cba-link-style\" tabindex=\"0\" href=\"https:\/\/www.clarins.ca\/fr\/total-eye-revive\/80081842.html\">En savoir plus<\/a><\/li>\n<\/ul>\n<div class=\"discover-more-benefit-section__title\">B\u00e9n\u00e9fices<\/div>\n<div class=\"discover-more-benefit-section__text\">\n<ul>\n<li>Premi\u00e8res rides du contour de l&rsquo;\u0153il visiblement liss\u00e9es.<\/li>\n<li>Poches et cernes estomp\u00e9s.<\/li>\n<li>Regard \u00e9clair\u00e9.<\/li>\n<li>Protection anti-pollution.<\/li>\n<\/ul>\n<\/div>\n<div class=\"long-description-wrapper \">\n<h2 class=\"subtitle1 \">En savoir plus<\/h2>\n<div class=\"product-info__long-description\">En plus de cibler les premi\u00e8res rides du contour de l&rsquo;oeil, ce gel-cr\u00e8me pour les yeux att\u00e9nue visiblement les signes de fatigue (poches et cernes) instantan\u00e9ment et jour apr\u00e8s jour. Sa texture gel associ\u00e9e \u00e0 son embout cryo-m\u00e9tallique cr\u00e9ent un effet frais d\u00e9congestionnant imm\u00e9diat, parfaitement adpat\u00e9 \u00e0 cette zone souvent \u00ab\u00a0gonfl\u00e9e\u00a0\u00bb. Les marques de fatigue s&rsquo;estompent, les premi\u00e8res rides sont visiblement liss\u00e9es. Enfin, le complexe anti-pollution Clarins prot\u00e8ge la peau des m\u00e9faits des pollutions int\u00e9rieures et atmosph\u00e9riques, et des dommages de la lumi\u00e8re bleue.<\/div>\n<\/div>\n<div class=\"what-is-it-section__section\">\n<div class=\"what-is-it-section__title\">Le plus Clarins<\/div>\n<div class=\"what-is-it-section__text\">Des pigments \u00ab\u00a0lumi\u00e8re\u00a0\u00bb ont \u00e9t\u00e9 ajout\u00e9s pour un effet lumineux instantan\u00e9.<\/div>\n<div>\n<h3 id=\"accordion_title_9he4gydfz14mdncd564\" class=\"section-title-js accordion-section__title clicked\" tabindex=\"0\" role=\"button\" data-auto-id=\"proven-results-title\" aria-expanded=\"true\" aria-controls=\"accordion_content_9he4gydfz14mdncd564\">R\u00e9sultats<\/h3>\n<div id=\"accordion_content_9he4gydfz14mdncd564\" class=\"accordion-section__content\" aria-labelledby=\"accordion_title_9he4gydfz14mdncd564\">\n<div class=\"proven-results-accordion full-width display-inline-accordion display-inline-block\">\n<div id=\"proven-results\" class=\"proven-results display-flex flex-wrap justify-content-start\">\n<div class=\"proven-results-accordion\">\n<div>\n<div>82%*<\/div>\n<p>des femmes trouvent que le contour des yeux parait plus beau<\/p>\n<div>\n<ul>\n<li>89%** des femmes trouvent que le contour des yeux est hydrat\u00e9<\/li>\n<li>82%*** des femmes trouvent que les paupi\u00e8res sont moins gonfl\u00e9es<\/li>\n<li>82%** des femmes trouvent que le contour des yeux est moins terne<\/li>\n<\/ul>\n<\/div>\n<\/div>\n<\/div>\n<\/div>\n<p>*Test de satisfaction &#8211; Directly after application &#8211; 100 femmes**Test de satisfaction &#8211; 28 jours d&rsquo;utilisation &#8211; 99 femmes***Test de satisfaction &#8211; 7 jours d&rsquo;utilisation &#8211; 92 femmes<\/p>\n<\/div>\n<div>\n<h3 id=\"accordion_title_hpheuc57aaamdncd564\" class=\"section-title-js accordion-section__title clicked\" tabindex=\"0\" role=\"button\" data-auto-id=\"composition-title\" aria-expanded=\"true\" aria-controls=\"accordion_content_hpheuc57aaamdncd564\">Ingr\u00e9dients<\/h3>\n<div id=\"accordion_content_hpheuc57aaamdncd564\" class=\"accordion-section__content\" aria-labelledby=\"accordion_title_hpheuc57aaamdncd564\">\n<div class=\"composition-accordion full-width display-inline-accordion\">\n<div class=\"text-uppercase\" data-gp-noloc=\"node\">AQUA\/WATER\/EAU. DIMETHICONE. PROPANEDIOL. BETAINE. PPG-5-CETETH-20. DIMETHICONE\/VINYL DIMETHICONE CROSSPOLYMER. GLYCERIN. AMMONIUM ACRYLOYLDIMETHYLTAURATE\/VP COPOLYMER. CELLULOSE. CAFFEINE. GLYCERYL CAPRYLATE. HYDROXYETHYL ACRYLATE\/SODIUM ACRYLOYLDIMETHYL TAURATE COPOLYMER. DIPSACUS SYLVESTRIS EXTRACT. HYDROXYACETOPHENONE. CI 77891\/TITANIUM DIOXIDE. SYNTHETIC FLUORPHLOGOPITE. TOCOPHERYL ACETATE. DISODIUM EDTA. AVENA SATIVA (OAT) KERNEL EXTRACT. ESCIN. PARFUM\/FRAGRANCE. BUTYLENE GLYCOL. MARRUBIUM VULGARE EXTRACT. MYROTHAMNUS FLABELLIFOLIA LEAF\/STEM EXTRACT. SODIUM HYDROXIDE. SODIUM BENZOATE. PHENETHYL ALCOHOL. FURCELLARIA LUMBRICALIS EXTRACT. CITRIC ACID. SODIUM CITRATE. ASCORBIC ACID. LACTIC ACID\/GLYCOLIC ACID COPOLYMER. LAPSANA COMMUNIS FLOWER\/LEAF\/STEM EXTRACT. MARIS SAL\/SEA SALT\/SEL MARIN. HEPTAPEPTIDE-15 PALMITATE. POLYVINYL ALCOHOL. COPPER PALMITOYL HEPTAPEPTIDE-14 [V3933A]<\/div>\n<\/div>\n<\/div>\n<\/div>\n<\/div>\n<\/div>\n<\/div>\n<\/div>\n<\/div>\n","protected":false},"excerpt":{"rendered":"<p>Ce que c&rsquo;est Type de peau :\u00a0Peau normale, Peau grasse, Peau mixte, Peau s\u00e8che Texture :\u00a0Cr\u00e8me-Gel\u00a0En savoir plus B\u00e9n\u00e9fices Premi\u00e8res rides du contour de l&rsquo;\u0153il visiblement liss\u00e9es. Poches et cernes estomp\u00e9s. Regard \u00e9clair\u00e9. Protection anti-pollution. En savoir plus En plus de cibler les premi\u00e8res rides du contour de l&rsquo;oeil, ce gel-cr\u00e8me pour les yeux att\u00e9nue &hellip; <br \/><a href=\"https:\/\/passionparfums.com\/en\/product\/total-eye-revive-15-ml\/\" class=\"more-link\">Continue reading <span class=\"screen-reader-text\">TOTAL EYE REVIVE 15 ml<\/span><\/a><\/p>","protected":false},"featured_media":16283,"comment_status":"open","ping_status":"closed","template":"","meta":[],"product_brand":[],"product_cat":[15],"product_tag":[],"class_list":{"0":"post-16279","1":"product","2":"type-product","3":"status-publish","4":"has-post-thumbnail","6":"product_cat-autres","8":"first","9":"instock","10":"shipping-taxable","11":"purchasable","12":"product-type-simple"},"jetpack_sharing_enabled":true,"_links":{"self":[{"href":"https:\/\/passionparfums.com\/en\/wp-json\/wp\/v2\/product\/16279","targetHints":{"allow":["GET"]}}],"collection":[{"href":"https:\/\/passionparfums.com\/en\/wp-json\/wp\/v2\/product"}],"about":[{"href":"https:\/\/passionparfums.com\/en\/wp-json\/wp\/v2\/types\/product"}],"replies":[{"embeddable":true,"href":"https:\/\/passionparfums.com\/en\/wp-json\/wp\/v2\/comments?post=16279"}],"wp:featuredmedia":[{"embeddable":true,"href":"https:\/\/passionparfums.com\/en\/wp-json\/wp\/v2\/media\/16283"}],"wp:attachment":[{"href":"https:\/\/passionparfums.com\/en\/wp-json\/wp\/v2\/media?parent=16279"}],"wp:term":[{"taxonomy":"product_brand","embeddable":true,"href":"https:\/\/passionparfums.com\/en\/wp-json\/wp\/v2\/product_brand?post=16279"},{"taxonomy":"product_cat","embeddable":true,"href":"https:\/\/passionparfums.com\/en\/wp-json\/wp\/v2\/product_cat?post=16279"},{"taxonomy":"product_tag","embeddable":true,"href":"https:\/\/passionparfums.com\/en\/wp-json\/wp\/v2\/product_tag?post=16279"}],"curies":[{"name":"wp","href":"https:\/\/api.w.org\/{rel}","templated":true}]}}