{"id":16273,"date":"2025-07-28T16:46:03","date_gmt":"2025-07-28T16:46:03","guid":{"rendered":"https:\/\/passionparfums.com\/?post_type=product&#038;p=16273"},"modified":"2025-07-28T16:46:11","modified_gmt":"2025-07-28T16:46:11","slug":"total-eye-hydra-20-ml","status":"publish","type":"product","link":"https:\/\/passionparfums.com\/en\/product\/total-eye-hydra-20-ml\/","title":{"rendered":"TOTAL EYE HYDRA 20 ml"},"content":{"rendered":"<h3 id=\"accordion_title_gu37rgqd5ypmdnc9uck\" class=\"section-title-js accordion-section__title\" tabindex=\"0\" role=\"button\" data-auto-id=\"what-is-it-title\" aria-expanded=\"true\" aria-controls=\"accordion_content_gu37rgqd5ypmdnc9uck\">Ce que c&rsquo;est<\/h3>\n<div id=\"accordion_content_gu37rgqd5ypmdnc9uck\" class=\"accordion-section__content\" aria-labelledby=\"accordion_title_gu37rgqd5ypmdnc9uck\">\n<div class=\"inner-content-js inner-content\">\n<ul class=\"what-is-it-section__list\">\n<li class=\"mt-5\"><span class=\"what-is-it-section__text-medium\">Type de peau :\u00a0<\/span>Tous types de peaux\u00a0<a class=\"what-is-it-accordion__how-to-link how-to-link-js link link--uppercase display-inline-block cba-link-style\" tabindex=\"0\" href=\"https:\/\/www.clarins.ca\/fr\/total-eye-hydrate\/80081841.html\">En savoir plus<\/a><\/li>\n<\/ul>\n<div class=\"discover-more-benefit-section__title\">B\u00e9n\u00e9fices<\/div>\n<div class=\"discover-more-benefit-section__text\">\n<ul>\n<li>Ridules de d\u00e9shydratation visiblement liss\u00e9es.<\/li>\n<li>La peau est souple et confortable.<\/li>\n<li>Cernes estomp\u00e9s, regard all\u00e9g\u00e9, frais et repos\u00e9.<\/li>\n<li>Protection anti-pollution.<\/li>\n<\/ul>\n<\/div>\n<div class=\"long-description-wrapper\">\n<h2 class=\"subtitle1\">En savoir plus<\/h2>\n<div class=\"product-info__long-description\">En pose express 10\u00a0minutes ou pendant toute la nuit, ce masque hydratant yeux \u00e0 la texture cr\u00e8me-gel fra\u00eeche et douce offre ses actifs hydratants, d\u00e9fatigants et apaisants pour retrouver un regard p\u00e9tillant. Enfin, le complexe anti-pollution Clarins prot\u00e8ge la peau des m\u00e9faits des pollutions int\u00e9rieures et atmosph\u00e9riques, et des dommages de la lumi\u00e8re bleue.<\/div>\n<\/div>\n<div class=\"what-is-it-section__section\">\n<div class=\"what-is-it-section__title\">Le plus Clarins<\/div>\n<div class=\"what-is-it-section__text\">Une texture \u00e0 sensation unique qui adh\u00e8re parfaitement au contour de l&rsquo;\u0153il, m\u00eame pendant toute une nuit.<\/div>\n<\/div>\n<\/div>\n<\/div>","protected":false},"excerpt":{"rendered":"<p>Ce que c&rsquo;est Type de peau :\u00a0Tous types de peaux\u00a0En savoir plus B\u00e9n\u00e9fices Ridules de d\u00e9shydratation visiblement liss\u00e9es. La peau est souple et confortable. Cernes estomp\u00e9s, regard all\u00e9g\u00e9, frais et repos\u00e9. Protection anti-pollution. En savoir plus En pose express 10\u00a0minutes ou pendant toute la nuit, ce masque hydratant yeux \u00e0 la texture cr\u00e8me-gel fra\u00eeche et &hellip; <br \/><a href=\"https:\/\/passionparfums.com\/en\/product\/total-eye-hydra-20-ml\/\" class=\"more-link\">Continue reading <span class=\"screen-reader-text\">TOTAL EYE HYDRA 20 ml<\/span><\/a><\/p>","protected":false},"featured_media":16278,"comment_status":"open","ping_status":"closed","template":"","meta":[],"product_brand":[],"product_cat":[15],"product_tag":[],"class_list":{"0":"post-16273","1":"product","2":"type-product","3":"status-publish","4":"has-post-thumbnail","6":"product_cat-autres","8":"first","9":"instock","10":"shipping-taxable","11":"purchasable","12":"product-type-simple"},"jetpack_sharing_enabled":true,"_links":{"self":[{"href":"https:\/\/passionparfums.com\/en\/wp-json\/wp\/v2\/product\/16273","targetHints":{"allow":["GET"]}}],"collection":[{"href":"https:\/\/passionparfums.com\/en\/wp-json\/wp\/v2\/product"}],"about":[{"href":"https:\/\/passionparfums.com\/en\/wp-json\/wp\/v2\/types\/product"}],"replies":[{"embeddable":true,"href":"https:\/\/passionparfums.com\/en\/wp-json\/wp\/v2\/comments?post=16273"}],"wp:featuredmedia":[{"embeddable":true,"href":"https:\/\/passionparfums.com\/en\/wp-json\/wp\/v2\/media\/16278"}],"wp:attachment":[{"href":"https:\/\/passionparfums.com\/en\/wp-json\/wp\/v2\/media?parent=16273"}],"wp:term":[{"taxonomy":"product_brand","embeddable":true,"href":"https:\/\/passionparfums.com\/en\/wp-json\/wp\/v2\/product_brand?post=16273"},{"taxonomy":"product_cat","embeddable":true,"href":"https:\/\/passionparfums.com\/en\/wp-json\/wp\/v2\/product_cat?post=16273"},{"taxonomy":"product_tag","embeddable":true,"href":"https:\/\/passionparfums.com\/en\/wp-json\/wp\/v2\/product_tag?post=16273"}],"curies":[{"name":"wp","href":"https:\/\/api.w.org\/{rel}","templated":true}]}}