{"id":16266,"date":"2025-07-28T16:36:26","date_gmt":"2025-07-28T16:36:26","guid":{"rendered":"https:\/\/passionparfums.com\/?post_type=product&#038;p=16266"},"modified":"2025-07-28T16:36:26","modified_gmt":"2025-07-28T16:36:26","slug":"total-eye-gel-20ml","status":"publish","type":"product","link":"https:\/\/passionparfums.com\/en\/product\/total-eye-gel-20ml\/","title":{"rendered":"TOTAL EYE GEL 20ML"},"content":{"rendered":"<h3 id=\"accordion_title_vdzbm4umsxomdnbq5tz\" class=\"section-title-js accordion-section__title \" tabindex=\"0\" role=\"button\" data-auto-id=\"what-is-it-title\" aria-expanded=\"true\" aria-controls=\"accordion_content_vdzbm4umsxomdnbq5tz\">Ce que c&rsquo;est<\/h3>\n<div id=\"accordion_content_vdzbm4umsxomdnbq5tz\" class=\"accordion-section__content\" aria-labelledby=\"accordion_title_vdzbm4umsxomdnbq5tz\">\n<div class=\"inner-content-js inner-content\">\n<ul class=\"what-is-it-section__list\">\n<li class=\"mt-5\"><span class=\"what-is-it-section__text-medium\">Type de peau :\u00a0<\/span>Peau mixte, Peau s\u00e8che, Peau normale, Peau grasse<\/li>\n<li class=\"mt-5\"><span class=\"what-is-it-section__text-medium\">Texture :\u00a0<\/span>Gel\u00a0<a class=\"what-is-it-accordion__how-to-link how-to-link-js link link--uppercase display-inline-block cba-link-style\" tabindex=\"0\" href=\"https:\/\/www.clarins.ca\/fr\/total-eye-contour-gel\/80081840.html\">En savoir plus<\/a><\/li>\n<\/ul>\n<div class=\"discover-more-benefit-section__title\">B\u00e9n\u00e9fices<\/div>\n<div class=\"discover-more-benefit-section__text\">\n<ul>\n<li>Poches d\u00e9gonfl\u00e9es.<\/li>\n<li>Cernes att\u00e9nu\u00e9s.<\/li>\n<li>Regard plus lumineux.<\/li>\n<li>Protection anti-pollution.<\/li>\n<\/ul>\n<\/div>\n<div class=\"long-description-wrapper \">\n<h2 class=\"subtitle1 \">En savoir plus<\/h2>\n<div class=\"product-info__long-description\">Ultra-l\u00e9ger, tr\u00e8s frais et non gras, ce gel contour des yeux r\u00e9duit visiblement cernes et poches pour \u00e9clairer et reposer le regard. Enrichie en extraits de plantes d\u00e9congestionnantes associ\u00e9s \u00e0 de la caf\u00e9ine, sa formule aide \u00e0 lutter contre les signes de la fatigue : le regard est tonifi\u00e9 et retrouve son \u00e9clat. Ce soin anti cernes convient \u00e0 tous les yeux, m\u00eame les plus sensibles. Enfin, le complexe anti-pollution Clarins prot\u00e8ge la peau des m\u00e9faits des pollutions int\u00e9rieures et atmosph\u00e9riques, et des dommages de la lumi\u00e8re bleue.<\/div>\n<\/div>\n<div class=\"what-is-it-section__section\">\n<div class=\"what-is-it-section__title\">Le plus Clarins<\/div>\n<div class=\"what-is-it-section__text\">S&rsquo;applique \u00e0 tout moment de la journ\u00e9e pour un \u00ab\u00a0effet gla\u00e7on\u00a0\u00bb anti-fatigue.<\/div>\n<div>\n<h3 id=\"accordion_title_ifnqjeuy357mdnbq5tz\" class=\"section-title-js accordion-section__title clicked\" tabindex=\"0\" role=\"button\" data-auto-id=\"proven-results-title\" aria-expanded=\"true\" aria-controls=\"accordion_content_ifnqjeuy357mdnbq5tz\">R\u00e9sultats<\/h3>\n<div id=\"accordion_content_ifnqjeuy357mdnbq5tz\" class=\"accordion-section__content\" aria-labelledby=\"accordion_title_ifnqjeuy357mdnbq5tz\">\n<div class=\"proven-results-accordion full-width display-inline-accordion display-inline-block\">\n<div id=\"proven-results\" class=\"proven-results display-flex flex-wrap justify-content-start\">\n<div class=\"proven-results-accordion\">\n<div>\n<div>88%*<\/div>\n<p>des femmes trouvent que le contour des yeux est apais\u00e9<\/p>\n<div>\n<ul>\n<li>78%* des femmes trouvent que la sensation de paupi\u00e8res lourdes est att\u00e9nu\u00e9e<\/li>\n<li>83%** des femmes trouvent que le contour des yeux est plus confortable<\/li>\n<li>72%* des femmes trouvent c&rsquo;est un tr\u00e8s bon produit \u00ab\u00a0SOS\u00a0\u00bb pour les yeux marqu\u00e9s ou gonfl\u00e9s par la fatigue<\/li>\n<\/ul>\n<\/div>\n<\/div>\n<\/div>\n<\/div>\n<p>*Test de satisfaction &#8211; Directly after application &#8211; 105 femmes**Test de satisfaction &#8211; 28 jours d&rsquo;utilisation &#8211; 105 femmes<\/p><\/div>\n<h3><strong>Ingr\u00e9dients<\/strong><\/h3>\n<div>AQUA\/WATER\/EAU. ROSA DAMASCENA FLOWER WATER. CITRUS AURANTIUM AMARA (BITTER ORANGE) FLOWER WATER. BUTYLENE GLYCOL. GLYCERIN. CARBOMER. CAFFEINE. PROPYLENE GLYCOL. PHENOXYETHANOL. ETHYLHEXYLGLYCERIN. SODIUM HYDROXIDE. ALOE BARBADENSIS LEAF JUICE POWDER. CITRIC ACID. GINKGO BILOBA LEAF EXTRACT. BENZYL ALCOHOL. CENTAUREA CYANUS FLOWER EXTRACT. MARRUBIUM VULGARE EXTRACT. SODIUM BENZOATE. POTASSIUM SORBATE. CHAMOMILLA RECUTITA (MATRICARIA) FLOWER EXTRACT. PHENETHYL ALCOHOL. DEHYDROACETIC ACID. FURCELLARIA LUMBRICALIS EXTRACT. CI 42090\/BLUE 1. LAPSANA COMMUNIS FLOWER\/LEAF\/STEM EXTRACT. MARIS SAL\/SEA SALT\/SEL MARIN [4002A]<\/div>\n<\/div>\n<\/div>\n<\/div>\n<\/div>\n<\/div>\n","protected":false},"excerpt":{"rendered":"<p>Ce que c&rsquo;est Type de peau :\u00a0Peau mixte, Peau s\u00e8che, Peau normale, Peau grasse Texture :\u00a0Gel\u00a0En savoir plus B\u00e9n\u00e9fices Poches d\u00e9gonfl\u00e9es. Cernes att\u00e9nu\u00e9s. Regard plus lumineux. Protection anti-pollution. En savoir plus Ultra-l\u00e9ger, tr\u00e8s frais et non gras, ce gel contour des yeux r\u00e9duit visiblement cernes et poches pour \u00e9clairer et reposer le regard. Enrichie en &hellip; <br \/><a href=\"https:\/\/passionparfums.com\/en\/product\/total-eye-gel-20ml\/\" class=\"more-link\">Continue reading <span class=\"screen-reader-text\">TOTAL EYE GEL 20ML<\/span><\/a><\/p>","protected":false},"featured_media":16271,"comment_status":"open","ping_status":"closed","template":"","meta":[],"product_brand":[],"product_cat":[139,104,105],"product_tag":[],"class_list":{"0":"post-16266","1":"product","2":"type-product","3":"status-publish","4":"has-post-thumbnail","6":"product_cat-demaquillant-yeux","7":"product_cat-soin","8":"product_cat-soin-de-visage","10":"first","11":"instock","12":"shipping-taxable","13":"purchasable","14":"product-type-simple"},"jetpack_sharing_enabled":true,"_links":{"self":[{"href":"https:\/\/passionparfums.com\/en\/wp-json\/wp\/v2\/product\/16266","targetHints":{"allow":["GET"]}}],"collection":[{"href":"https:\/\/passionparfums.com\/en\/wp-json\/wp\/v2\/product"}],"about":[{"href":"https:\/\/passionparfums.com\/en\/wp-json\/wp\/v2\/types\/product"}],"replies":[{"embeddable":true,"href":"https:\/\/passionparfums.com\/en\/wp-json\/wp\/v2\/comments?post=16266"}],"wp:featuredmedia":[{"embeddable":true,"href":"https:\/\/passionparfums.com\/en\/wp-json\/wp\/v2\/media\/16271"}],"wp:attachment":[{"href":"https:\/\/passionparfums.com\/en\/wp-json\/wp\/v2\/media?parent=16266"}],"wp:term":[{"taxonomy":"product_brand","embeddable":true,"href":"https:\/\/passionparfums.com\/en\/wp-json\/wp\/v2\/product_brand?post=16266"},{"taxonomy":"product_cat","embeddable":true,"href":"https:\/\/passionparfums.com\/en\/wp-json\/wp\/v2\/product_cat?post=16266"},{"taxonomy":"product_tag","embeddable":true,"href":"https:\/\/passionparfums.com\/en\/wp-json\/wp\/v2\/product_tag?post=16266"}],"curies":[{"name":"wp","href":"https:\/\/api.w.org\/{rel}","templated":true}]}}