{"id":16259,"date":"2025-07-28T16:28:08","date_gmt":"2025-07-28T16:28:08","guid":{"rendered":"https:\/\/passionparfums.com\/?post_type=product&#038;p=16259"},"modified":"2025-07-28T16:28:08","modified_gmt":"2025-07-28T16:28:08","slug":"total-eye-lift-15-ml","status":"publish","type":"product","link":"https:\/\/passionparfums.com\/en\/product\/total-eye-lift-15-ml\/","title":{"rendered":"TOTAL EYE LIFT 15 ml"},"content":{"rendered":"<h3 id=\"accordion_title_fdifmxtnypvmdnbj9mv\" class=\"section-title-js accordion-section__title \" tabindex=\"0\" role=\"button\" data-auto-id=\"what-is-it-title\" aria-expanded=\"true\" aria-controls=\"accordion_content_fdifmxtnypvmdnbj9mv\">Ce que c&rsquo;est<\/h3>\n<div id=\"accordion_content_fdifmxtnypvmdnbj9mv\" class=\"accordion-section__content\" aria-labelledby=\"accordion_title_fdifmxtnypvmdnbj9mv\">\n<div class=\"inner-content-js inner-content\">\n<ul class=\"what-is-it-section__list\">\n<li class=\"mt-5\"><span class=\"what-is-it-section__text-medium\">Type de peau :\u00a0<\/span>Peau normale, Peau grasse, Peau mixte, Peau s\u00e8che<\/li>\n<li class=\"mt-5\"><span class=\"what-is-it-section__text-medium\">Texture :\u00a0<\/span>Cr\u00e8me<\/li>\n<li class=\"mt-5\"><span class=\"what-is-it-section__text-medium\">Utilisation :\u00a0<\/span>Tous les jours, matin et\/ou soir.\u00a0<a class=\"what-is-it-accordion__how-to-link how-to-link-js link link--uppercase display-inline-block cba-link-style\" tabindex=\"0\" href=\"https:\/\/www.clarins.ca\/fr\/total-eye-lift\/80112544.html\">En savoir plus<\/a><\/li>\n<\/ul>\n<div class=\"discover-more-benefit-section__title\">B\u00e9n\u00e9fices<\/div>\n<div class=\"discover-more-benefit-section__text\">\n<ul>\n<li>Effet lift instantan\u00e9.<\/li>\n<li>R\u00e9duit et lisse visiblement les rides.<\/li>\n<li>Redensifie le contour de l\u2019oeil.<\/li>\n<li>La peau retrouve \u00e9lasticit\u00e9 et fermet\u00e9.<\/li>\n<li>R\u00e9duit visiblement les poches et les cernes.<\/li>\n<li>Hydrate et nourrit la peau.<\/li>\n<li>Le regard parait plus jeune et plus ouvert, plus expressif.<\/li>\n<\/ul>\n<\/div>\n<div class=\"long-description-wrapper \">\n<h2 class=\"subtitle1 \">En savoir plus<\/h2>\n<div class=\"product-info__long-description\">Et si vous aviez le pouvoir de transformer votre regard en quelques secondes ?<br \/>\nPromesse tenue par le nouveau Total Eye Lift et son effet lift en 30 secondes.* Une prouesse technologique dot\u00e9e d&rsquo;une double innovation science et formule.<\/div>\n<div>\n<h3 id=\"accordion_title_fdifmxtnypvmdnbj9mv\" class=\"section-title-js accordion-section__title \" tabindex=\"0\" role=\"button\" data-auto-id=\"what-is-it-title\" aria-expanded=\"true\" aria-controls=\"accordion_content_fdifmxtnypvmdnbj9mv\">Ce que c&rsquo;est<\/h3>\n<div id=\"accordion_content_fdifmxtnypvmdnbj9mv\" class=\"accordion-section__content\" aria-labelledby=\"accordion_title_fdifmxtnypvmdnbj9mv\">\n<div class=\"inner-content-js inner-content\">\n<ul class=\"what-is-it-section__list\">\n<li class=\"mt-5\"><span class=\"what-is-it-section__text-medium\">Type de peau :\u00a0<\/span>Peau normale, Peau grasse, Peau mixte, Peau s\u00e8che<\/li>\n<li class=\"mt-5\"><span class=\"what-is-it-section__text-medium\">Texture :\u00a0<\/span>Cr\u00e8me<\/li>\n<li class=\"mt-5\"><span class=\"what-is-it-section__text-medium\">Utilisation :\u00a0<\/span>Tous les jours, matin et\/ou soir.\u00a0<a class=\"what-is-it-accordion__how-to-link how-to-link-js link link--uppercase display-inline-block cba-link-style\" tabindex=\"0\" href=\"https:\/\/www.clarins.ca\/fr\/total-eye-lift\/80112544.html\">En savoir plus<\/a><\/li>\n<\/ul>\n<div class=\"discover-more-benefit-section__title\">B\u00e9n\u00e9fices<\/div>\n<div class=\"discover-more-benefit-section__text\">\n<ul>\n<li>Effet lift instantan\u00e9.<\/li>\n<li>R\u00e9duit et lisse visiblement les rides.<\/li>\n<li>Redensifie le contour de l\u2019oeil.<\/li>\n<li>La peau retrouve \u00e9lasticit\u00e9 et fermet\u00e9.<\/li>\n<li>R\u00e9duit visiblement les poches et les cernes.<\/li>\n<li>Hydrate et nourrit la peau.<\/li>\n<li>Le regard parait plus jeune et plus ouvert, plus expressif.<\/li>\n<\/ul>\n<\/div>\n<div class=\"long-description-wrapper \">\n<h2 class=\"subtitle1 \">En savoir plus<\/h2>\n<div class=\"product-info__long-description\">Et si vous aviez le pouvoir de transformer votre regard en quelques secondes ?<br \/>\nPromesse tenue par le nouveau Total Eye Lift et son effet lift en 30 secondes.* Une prouesse technologique dot\u00e9e d&rsquo;une double innovation science et formule.<\/p>\n<p><strong>[TECHNOLOGIE EFFET R\u00c9TINOL]<\/strong><br \/>\nUn puissant extrait d&rsquo;harungana bio aussi efficace que le r\u00e9tinol** et doux pour le contour des yeux. Mis en lumi\u00e8re par les Laboratoires Clarins, cet actif \u00e0 l&rsquo;efficacit\u00e9 brevet\u00e9e*** booste la production de collag\u00e8ne x12.****<br \/>\nIl est associ\u00e9 \u00e0 un nouvel extrait de janie rouge activ\u00e9e issu de la biotechnologie pour un effet lift long terme sur le contour des yeux.<\/p>\n<p><strong>MATRICE PRO-RAFFERMISSANTE<\/strong><br \/>\nSa texture baume lissante forme un maillage tenseur \u00e0 la surface de la peau, procurant un effet lift imm\u00e9diat. Son efficacit\u00e9 est prouv\u00e9e par un protocole instrumental exclusif Clarins.<\/p>\n<p>Un nouveau soin rechargeable.*****<br \/>\nConservez votre flacon pour pouvoir le recharger.<\/p>\n<p>*Auto-\u00e9valuation &#8211; per\u00e7u par 111 femmes.<br \/>\n**\u00c9tude clinique comparative men\u00e9e sur l\u2019efficacit\u00e9 anti-rides et lissante- 46 femmes appliquant une base contenant soit de l\u2019extrait d\u2019harungana bio, soit du r\u00e9tinol avec un % d\u2019ingr\u00e9dient identique \u00e0 celui du produit fini &#8211; 56 jours.<br \/>\n***Deux brevets d\u00e9livr\u00e9s en France appartenant \u00e0 Clarins sur l\u2019efficacit\u00e9 de l\u2019extrait d\u2019harungana.<br \/>\n****Test in vitro sur l\u2019extrait d\u2019harungana.<br \/>\n*****La recharge ne peut pas s&rsquo;utiliser seule.<\/p><\/div>\n<div><\/div>\n<\/div>\n<div class=\"what-is-it-section__section\">\n<div class=\"what-is-it-section__title\"><strong>Innovation et expertise des plantes<\/strong><\/div>\n<div class=\"what-is-it-section__text\">[TECHNOLOGIE EFFET R\u00c9TINOL] &#8211; Ingr\u00e9dient exclusif Clarins, l&rsquo;extrait d&rsquo;harungana bio \u00e0 l&rsquo;efficait\u00e9 brevet\u00e9e, a fait l&rsquo;objet de deux publications scientifiques en 2022 et 2023.<\/div>\n<div><\/div>\n<div>\n<div class=\"what-is-it-section__title\"><strong>Le plus Clarins<\/strong><\/div>\n<div class=\"what-is-it-section__text\">Un nouveau flacon rechargeable en aluminium. D\u00e8s la 1\u00e8re recharge, vous contribuez \u00e0 diminuer de 73%* son impact environnemental par rapport au rachat d\u2019un flacon rechargeable complet. *En rechargeant 1 fois votre flacon : comparaison entre 2 flacons Total Eye Lift complets et 1 flacon complet recharg\u00e9 1 fois. Bas\u00e9 sur un score unique, calcul\u00e9 \u00e0 partir d&rsquo;une analyse de cycle de vie. Nb : la recharge ne peut pas s&rsquo;utiliser seule.<\/div>\n<\/div>\n<\/div>\n<\/div>\n<\/div>\n<\/div>\n<\/div>\n<\/div>\n<\/div>\n","protected":false},"excerpt":{"rendered":"<p>Ce que c&rsquo;est Type de peau :\u00a0Peau normale, Peau grasse, Peau mixte, Peau s\u00e8che Texture :\u00a0Cr\u00e8me Utilisation :\u00a0Tous les jours, matin et\/ou soir.\u00a0En savoir plus B\u00e9n\u00e9fices Effet lift instantan\u00e9. R\u00e9duit et lisse visiblement les rides. Redensifie le contour de l\u2019oeil. La peau retrouve \u00e9lasticit\u00e9 et fermet\u00e9. R\u00e9duit visiblement les poches et les cernes. Hydrate et &hellip; <br \/><a href=\"https:\/\/passionparfums.com\/en\/product\/total-eye-lift-15-ml\/\" class=\"more-link\">Continue reading <span class=\"screen-reader-text\">TOTAL EYE LIFT 15 ml<\/span><\/a><\/p>","protected":false},"featured_media":16260,"comment_status":"open","ping_status":"closed","template":"","meta":[],"product_brand":[],"product_cat":[15],"product_tag":[],"class_list":{"0":"post-16259","1":"product","2":"type-product","3":"status-publish","4":"has-post-thumbnail","6":"product_cat-autres","8":"first","9":"instock","10":"shipping-taxable","11":"purchasable","12":"product-type-simple"},"jetpack_sharing_enabled":true,"_links":{"self":[{"href":"https:\/\/passionparfums.com\/en\/wp-json\/wp\/v2\/product\/16259","targetHints":{"allow":["GET"]}}],"collection":[{"href":"https:\/\/passionparfums.com\/en\/wp-json\/wp\/v2\/product"}],"about":[{"href":"https:\/\/passionparfums.com\/en\/wp-json\/wp\/v2\/types\/product"}],"replies":[{"embeddable":true,"href":"https:\/\/passionparfums.com\/en\/wp-json\/wp\/v2\/comments?post=16259"}],"wp:featuredmedia":[{"embeddable":true,"href":"https:\/\/passionparfums.com\/en\/wp-json\/wp\/v2\/media\/16260"}],"wp:attachment":[{"href":"https:\/\/passionparfums.com\/en\/wp-json\/wp\/v2\/media?parent=16259"}],"wp:term":[{"taxonomy":"product_brand","embeddable":true,"href":"https:\/\/passionparfums.com\/en\/wp-json\/wp\/v2\/product_brand?post=16259"},{"taxonomy":"product_cat","embeddable":true,"href":"https:\/\/passionparfums.com\/en\/wp-json\/wp\/v2\/product_cat?post=16259"},{"taxonomy":"product_tag","embeddable":true,"href":"https:\/\/passionparfums.com\/en\/wp-json\/wp\/v2\/product_tag?post=16259"}],"curies":[{"name":"wp","href":"https:\/\/api.w.org\/{rel}","templated":true}]}}