{"id":16253,"date":"2025-07-28T16:22:33","date_gmt":"2025-07-28T16:22:33","guid":{"rendered":"https:\/\/passionparfums.com\/?post_type=product&#038;p=16253"},"modified":"2025-07-28T16:22:33","modified_gmt":"2025-07-28T16:22:33","slug":"h-e-baume-levres-reparateur-15-ml","status":"publish","type":"product","link":"https:\/\/passionparfums.com\/en\/product\/h-e-baume-levres-reparateur-15-ml\/","title":{"rendered":"H-E BAUME LEVRES REPARATEUR 15 ml"},"content":{"rendered":"<div class=\"accordion--standalone pi--additional-info accordion-default-is_initialized active\" data-feature=\"accordion-default\"><button class=\"accordion--btn\" data-action=\"toggle-accordion\" aria-expanded=\"true\">Description<\/button><\/p>\n<div class=\"accordion--text\">\n<p>Ce baume r\u00e9parateur et repulpant, enrichi en acide hyaluronique, prot\u00e8ge, hydrate et nourrit les l\u00e8vres. Ce baume \u00e0 l\u00e8vres \u00e0 la texture fondante et g\u00e9n\u00e9reuse prot\u00e8ge, hydrate et nourrit les l\u00e8vres s\u00e8ches imm\u00e9diatement et intens\u00e9ment. Ses perles v\u00e9g\u00e9tales d&rsquo;acide hyaluronique et son peptide repulpant redonnent aux l\u00e8vres leur aspect pulpeux et leur \u00e9clat naturel, tandis que son extrait de cacao bio hydrate les l\u00e8vres. Riche mais non collante, il r\u00e9hausse les l\u00e8vres d&rsquo;un bel \u00e9clat en plus de les rendre plus lisses, douces et confortables!<\/p>\n<p class=\"pi--product-main-info__sku\">Num\u00e9ro de produit\u00a0: 3666057247422<\/p>\n<\/div>\n<\/div>\n<div class=\"accordion--standalone pi--additional-info accordion-default-is_initialized active\" data-feature=\"accordion-default\"><button class=\"accordion--btn\" data-action=\"toggle-accordion\" aria-expanded=\"true\">Conseils d&rsquo;application<\/button><\/p>\n<div class=\"accordion--text\">\n<p>Le jour : appliquer seul sur les l\u00e8vres d\u00e8s que le besoin s&rsquo;en fait ressentir. Le soir : appliquer en couche \u00e9paisse pour des l\u00e8vres r\u00e9par\u00e9es au r\u00e9veil.<\/p>\n<\/div>\n<\/div>\n<div class=\"accordion--standalone pi--additional-info accordion-default-is_initialized active\" data-feature=\"accordion-default\"><button class=\"accordion--btn\" data-action=\"toggle-accordion\" aria-expanded=\"true\">Ingr\u00e9dients<\/button><\/p>\n<div class=\"accordion--text\">\n<p>Octyldodecanol, diisostearyl malate, cera alba\/beeswax\/cire d&rsquo;abeille, helianthus annuus (sunflower) seed wax, butyrospermum parkii (shea) butter, silica, ethylcellulose, ricinus communis (castor) seed oil, ethylhexyl palmitate, theobroma cacao (cocoa) seed butter, parfum\/fragrance, tocopherol, tocopheryl acetate, tribehenin, ammonium glycyrrhizate, ceramide NP, theobroma cacao (cocoa) extract, sorbitan isostearate, helianthus annuus (sunflower) seed oil, trihydroxystearin, lactic acid, ascorbyl palmitate, CI 15850\/red 7 lake, sodium hyaluronate, palmitoyl tripeptide-1, glucomannan.<\/p>\n<\/div>\n<\/div>","protected":false},"excerpt":{"rendered":"<p>Description Ce baume r\u00e9parateur et repulpant, enrichi en acide hyaluronique, prot\u00e8ge, hydrate et nourrit les l\u00e8vres. Ce baume \u00e0 l\u00e8vres \u00e0 la texture fondante et g\u00e9n\u00e9reuse prot\u00e8ge, hydrate et nourrit les l\u00e8vres s\u00e8ches imm\u00e9diatement et intens\u00e9ment. Ses perles v\u00e9g\u00e9tales d&rsquo;acide hyaluronique et son peptide repulpant redonnent aux l\u00e8vres leur aspect pulpeux et leur \u00e9clat naturel, &hellip; <br \/><a href=\"https:\/\/passionparfums.com\/en\/product\/h-e-baume-levres-reparateur-15-ml\/\" class=\"more-link\">Continue reading <span class=\"screen-reader-text\">H-E BAUME LEVRES REPARATEUR 15 ml<\/span><\/a><\/p>","protected":false},"featured_media":16258,"comment_status":"open","ping_status":"closed","template":"","meta":[],"product_brand":[],"product_cat":[15],"product_tag":[],"class_list":{"0":"post-16253","1":"product","2":"type-product","3":"status-publish","4":"has-post-thumbnail","6":"product_cat-autres","8":"first","9":"instock","10":"shipping-taxable","11":"purchasable","12":"product-type-simple"},"jetpack_sharing_enabled":true,"_links":{"self":[{"href":"https:\/\/passionparfums.com\/en\/wp-json\/wp\/v2\/product\/16253","targetHints":{"allow":["GET"]}}],"collection":[{"href":"https:\/\/passionparfums.com\/en\/wp-json\/wp\/v2\/product"}],"about":[{"href":"https:\/\/passionparfums.com\/en\/wp-json\/wp\/v2\/types\/product"}],"replies":[{"embeddable":true,"href":"https:\/\/passionparfums.com\/en\/wp-json\/wp\/v2\/comments?post=16253"}],"wp:featuredmedia":[{"embeddable":true,"href":"https:\/\/passionparfums.com\/en\/wp-json\/wp\/v2\/media\/16258"}],"wp:attachment":[{"href":"https:\/\/passionparfums.com\/en\/wp-json\/wp\/v2\/media?parent=16253"}],"wp:term":[{"taxonomy":"product_brand","embeddable":true,"href":"https:\/\/passionparfums.com\/en\/wp-json\/wp\/v2\/product_brand?post=16253"},{"taxonomy":"product_cat","embeddable":true,"href":"https:\/\/passionparfums.com\/en\/wp-json\/wp\/v2\/product_cat?post=16253"},{"taxonomy":"product_tag","embeddable":true,"href":"https:\/\/passionparfums.com\/en\/wp-json\/wp\/v2\/product_tag?post=16253"}],"curies":[{"name":"wp","href":"https:\/\/api.w.org\/{rel}","templated":true}]}}