{"id":16246,"date":"2025-07-28T16:17:07","date_gmt":"2025-07-28T16:17:07","guid":{"rendered":"https:\/\/passionparfums.com\/?post_type=product&#038;p=16246"},"modified":"2025-07-28T16:17:07","modified_gmt":"2025-07-28T16:17:07","slug":"hydra-essentiel-gel-matifiant-pn-pmixte","status":"publish","type":"product","link":"https:\/\/passionparfums.com\/en\/product\/hydra-essentiel-gel-matifiant-pn-pmixte\/","title":{"rendered":"HYDRA-ESSENTIEL GEL MATIFIANT PN \/ PMIXTE"},"content":{"rendered":"<h3 id=\"accordion_title_v0tc77zp6rmdnb2l54\" class=\"section-title-js accordion-section__title \" tabindex=\"0\" role=\"button\" data-auto-id=\"what-is-it-title\" aria-expanded=\"true\" aria-controls=\"accordion_content_v0tc77zp6rmdnb2l54\">Ce que c&rsquo;est<\/h3>\n<div id=\"accordion_content_v0tc77zp6rmdnb2l54\" class=\"accordion-section__content\" aria-labelledby=\"accordion_title_v0tc77zp6rmdnb2l54\">\n<div class=\"inner-content-js inner-content\">\n<ul class=\"what-is-it-section__list\">\n<li class=\"mt-5\"><span class=\"what-is-it-section__text-medium\">Type de peau :\u00a0<\/span>Peau normale, Peau mixte<\/li>\n<li class=\"mt-5\"><span class=\"what-is-it-section__text-medium\">Texture :\u00a0<\/span>Gel<\/li>\n<li class=\"mt-5\"><span class=\"what-is-it-section__text-medium\">Utilisation :\u00a0<\/span>Tous les matins.\u00a0<a class=\"what-is-it-accordion__how-to-link how-to-link-js link link--uppercase display-inline-block cba-link-style\" tabindex=\"0\" href=\"https:\/\/www.clarins.ca\/fr\/hydra-essentiel-%5Bha%C2%B2%5D-gel-desalterant-matifiant\/80092159.html\">En savoir plus<\/a><\/li>\n<\/ul>\n<div class=\"discover-more-benefit-section__title\">B\u00e9n\u00e9fices<\/div>\n<div class=\"discover-more-benefit-section__text\">\n<ul>\n<li>Peau hydrat\u00e9e et matifi\u00e9e.<\/li>\n<\/ul>\n<\/div>\n<div class=\"long-description-wrapper \">\n<h2 class=\"subtitle1 \">En savoir plus<\/h2>\n<div class=\"product-info__long-description\">Ce gel enrichi en acide hyaluronique, extrait de kalancho\u00e9 officinal bio et \u00e9pilobe des Moraines bio hydrate et repulpe intens\u00e9ment la peau, tout en la matifiant. Au coeur de sa formule, le Hyaluronic Power Complex mis au point par les Laboratoires Clarins, aide \u00e0 relancer les m\u00e9canismes naturels d\u2019auto-hydratation de la peau et \u00e0 pr\u00e9server ses r\u00e9serves hydriques. Sa texture fra\u00eeche et matifiante fond instantan\u00e9ment sur la peau pour la laisser rebondie, lumineuse et confortable.<\/div>\n<div><\/div>\n<\/div>\n<div class=\"what-is-it-section__section\">\n<div class=\"what-is-it-section__title\"><strong>Innovation et expertise des plantes<\/strong><\/div>\n<div class=\"what-is-it-section__text\">Hyaluronic Power Complex<br \/>\nPour une triple action hydratante et repulpante, les Laboratoires Clarins associent pour la premi\u00e8re fois un duo exclusif d\u2019acides hyaluroniques [HA\u00b2] de bas et haut poids mol\u00e9culaires \u00e0 l\u2019extrait de kalancho\u00e9 officinal bio.<\/div>\n<div><\/div>\n<\/div>\n<div class=\"what-is-it-section__section\">\n<div class=\"what-is-it-section__title\"><strong>Le plus Clarins<\/strong><\/div>\n<div class=\"what-is-it-section__text\">Une peau repulp\u00e9e en 60 secondes*.* Test consommateurs, Gel D\u00e9salt\u00e9rant Matifiant, 111 femmes, apr\u00e8s 60 secondes.<\/div>\n<\/div>\n<\/div>\n<\/div>\n","protected":false},"excerpt":{"rendered":"<p>Ce que c&rsquo;est Type de peau :\u00a0Peau normale, Peau mixte Texture :\u00a0Gel Utilisation :\u00a0Tous les matins.\u00a0En savoir plus B\u00e9n\u00e9fices Peau hydrat\u00e9e et matifi\u00e9e. En savoir plus Ce gel enrichi en acide hyaluronique, extrait de kalancho\u00e9 officinal bio et \u00e9pilobe des Moraines bio hydrate et repulpe intens\u00e9ment la peau, tout en la matifiant. Au coeur de &hellip; <br \/><a href=\"https:\/\/passionparfums.com\/en\/product\/hydra-essentiel-gel-matifiant-pn-pmixte\/\" class=\"more-link\">Continue reading <span class=\"screen-reader-text\">HYDRA-ESSENTIEL GEL MATIFIANT PN \/ PMIXTE<\/span><\/a><\/p>","protected":false},"featured_media":16249,"comment_status":"open","ping_status":"closed","template":"","meta":[],"product_brand":[],"product_cat":[146,105],"product_tag":[],"class_list":{"0":"post-16246","1":"product","2":"type-product","3":"status-publish","4":"has-post-thumbnail","6":"product_cat-besoins-soins-de-visage","7":"product_cat-soin-de-visage","9":"first","10":"instock","11":"shipping-taxable","12":"purchasable","13":"product-type-simple"},"jetpack_sharing_enabled":true,"_links":{"self":[{"href":"https:\/\/passionparfums.com\/en\/wp-json\/wp\/v2\/product\/16246","targetHints":{"allow":["GET"]}}],"collection":[{"href":"https:\/\/passionparfums.com\/en\/wp-json\/wp\/v2\/product"}],"about":[{"href":"https:\/\/passionparfums.com\/en\/wp-json\/wp\/v2\/types\/product"}],"replies":[{"embeddable":true,"href":"https:\/\/passionparfums.com\/en\/wp-json\/wp\/v2\/comments?post=16246"}],"wp:featuredmedia":[{"embeddable":true,"href":"https:\/\/passionparfums.com\/en\/wp-json\/wp\/v2\/media\/16249"}],"wp:attachment":[{"href":"https:\/\/passionparfums.com\/en\/wp-json\/wp\/v2\/media?parent=16246"}],"wp:term":[{"taxonomy":"product_brand","embeddable":true,"href":"https:\/\/passionparfums.com\/en\/wp-json\/wp\/v2\/product_brand?post=16246"},{"taxonomy":"product_cat","embeddable":true,"href":"https:\/\/passionparfums.com\/en\/wp-json\/wp\/v2\/product_cat?post=16246"},{"taxonomy":"product_tag","embeddable":true,"href":"https:\/\/passionparfums.com\/en\/wp-json\/wp\/v2\/product_tag?post=16246"}],"curies":[{"name":"wp","href":"https:\/\/api.w.org\/{rel}","templated":true}]}}