{"id":16234,"date":"2025-07-28T16:03:48","date_gmt":"2025-07-28T16:03:48","guid":{"rendered":"https:\/\/passionparfums.com\/?post_type=product&#038;p=16234"},"modified":"2025-07-28T16:03:48","modified_gmt":"2025-07-28T16:03:48","slug":"hydra-essentiel-bi-serum-retail-30-ml","status":"publish","type":"product","link":"https:\/\/passionparfums.com\/en\/product\/hydra-essentiel-bi-serum-retail-30-ml\/","title":{"rendered":"HYDRA ESSENTIEL BI SERUM RETAIL 30 ml"},"content":{"rendered":"<h3 id=\"accordion_title_arbi60pe1ijmdnapdd0\" class=\"section-title-js accordion-section__title \" tabindex=\"0\" role=\"button\" data-auto-id=\"what-is-it-title\" aria-expanded=\"true\" aria-controls=\"accordion_content_arbi60pe1ijmdnapdd0\">Ce que c&rsquo;est<\/h3>\n<div id=\"accordion_content_arbi60pe1ijmdnapdd0\" class=\"accordion-section__content\" aria-labelledby=\"accordion_title_arbi60pe1ijmdnapdd0\">\n<div class=\"inner-content-js inner-content\">\n<ul class=\"what-is-it-section__list\">\n<li class=\"mt-5\"><span class=\"what-is-it-section__text-medium\">Type de peau :\u00a0<\/span>Peau mixte, Peau s\u00e8che, Peau normale, Peau grasse<\/li>\n<li class=\"mt-5\"><span class=\"what-is-it-section__text-medium\">Texture :\u00a0<\/span>S\u00e9rum<\/li>\n<li class=\"mt-5\"><span class=\"what-is-it-section__text-medium\">Utilisation :\u00a0<\/span>Tous les jours, matin et soir.\u00a0<a class=\"what-is-it-accordion__how-to-link how-to-link-js link link--uppercase display-inline-block cba-link-style\" tabindex=\"0\" href=\"https:\/\/www.clarins.ca\/fr\/serum-hydra-essentiel-bi-phase\/80092151.html\">En savoir plus<\/a><\/li>\n<\/ul>\n<div class=\"discover-more-benefit-section__title\">B\u00e9n\u00e9fices<\/div>\n<div class=\"discover-more-benefit-section__text\">\n<ul>\n<li>Peau hydrat\u00e9e imm\u00e9diatement et pour longtemps<\/li>\n<li>Peau repulp\u00e9e<\/li>\n<li>Barri\u00e8re cutan\u00e9e renforc\u00e9e<\/li>\n<li>Am\u00e9liore la qualit\u00e9 de la peau<\/li>\n<\/ul>\n<\/div>\n<div class=\"long-description-wrapper \">\n<h2 class=\"subtitle1 \">En savoir plus<\/h2>\n<div class=\"product-info__long-description\">Ce s\u00e9rum bi-phase \u00e0 la double texture hydrique et lipidique offre une hydratation suractiv\u00e9e.<\/p>\n<p>Au coeur de sa formule, le [COMPLEXE DE PUISSANCE HYALURONIQUE+], duo d&rsquo;acide hyaluronique et extrait de kalancho\u00e9 officinal bio, apporte une hydratation continue, \u00e0 plusieurs niveaux et de longue dur\u00e9e. L\u2019extrait de kalancho\u00e9 officinal bio + l\u2019acide hyaluronique aident \u00e0 hydrater et \u00e0 repulper la peau intens\u00e9ment. L\u2019acide hyaluronique ac\u00e9tyl\u00e9, actif phare de la formule, suractive l\u2019hydratation.<br \/>\nIl est \u00e9galement enrichi en polyph\u00e9nols de fleur de safran qui favorisent l&rsquo;\u00e9quilibre du microbiote et en extrait d&rsquo;arbouse bio \u00e0 l&rsquo;action s\u00e9bor\u00e9gulatrice. Il aide \u00e0 affiner le grain de peau et resserer les pores. Il participe \u00e0 l&rsquo;\u00e9quilibre de la peau* et am\u00e9liore sa qualit\u00e9. Elle est \u00e9clatante de beaut\u00e9 \u00e0 chaque dose.<\/p>\n<p>Non gras et fluide, il p\u00e9n\u00e8tre rapidement et nourrit la peau.<br \/>\nPour tout type de peau.<\/p>\n<p>*Test clinique sur la perte insensible en eau.<\/p><\/div>\n<div><\/div>\n<\/div>\n<div class=\"what-is-it-section__section\">\n<div class=\"what-is-it-section__title\"><strong>Innovation et expertise des plantes<\/strong><\/div>\n<div class=\"what-is-it-section__text\">[COMPLEXE DE PUISSANCE HYALURONIQUE+] Clarins associe \u00e0 l\u2019acide hyaluronique de bas poids mol\u00e9culaire, l\u2019acide hyaluronique ac\u00e9tyl\u00e9. Actif phare de cette formule, il suractive l\u2019hydratation gr\u00e2ce \u00e0 sa dur\u00e9e de vie 13 fois plus longue que l\u2019acide hyaluronique classique*.<br \/>\n*test in vitro sur ingr\u00e9dient<\/div>\n<div><\/div>\n<\/div>\n<div class=\"what-is-it-section__section\">\n<div class=\"what-is-it-section__title\"><strong>Le plus Clarins<\/strong><\/div>\n<div class=\"what-is-it-section__text\">Une texture bi-phas\u00e9e qui s&rsquo;inspire de la double nature hydrique et lipidique de la peau. Cette texture active unique* vient renforcer le film hydrolipidique de la peau limitant l&rsquo;\u00e9vaporation excessive d&rsquo;eau. *Chez Clarins<\/div>\n<\/div>\n<\/div>\n<\/div>\n","protected":false},"excerpt":{"rendered":"<p>Ce que c&rsquo;est Type de peau :\u00a0Peau mixte, Peau s\u00e8che, Peau normale, Peau grasse Texture :\u00a0S\u00e9rum Utilisation :\u00a0Tous les jours, matin et soir.\u00a0En savoir plus B\u00e9n\u00e9fices Peau hydrat\u00e9e imm\u00e9diatement et pour longtemps Peau repulp\u00e9e Barri\u00e8re cutan\u00e9e renforc\u00e9e Am\u00e9liore la qualit\u00e9 de la peau En savoir plus Ce s\u00e9rum bi-phase \u00e0 la double texture hydrique et &hellip; <br \/><a href=\"https:\/\/passionparfums.com\/en\/product\/hydra-essentiel-bi-serum-retail-30-ml\/\" class=\"more-link\">Continue reading <span class=\"screen-reader-text\">HYDRA ESSENTIEL BI SERUM RETAIL 30 ml<\/span><\/a><\/p>","protected":false},"featured_media":16239,"comment_status":"open","ping_status":"closed","template":"","meta":[],"product_brand":[],"product_cat":[128,106],"product_tag":[],"class_list":{"0":"post-16234","1":"product","2":"type-product","3":"status-publish","4":"has-post-thumbnail","6":"product_cat-lait-hydratant","7":"product_cat-soin-corps-bain","9":"first","10":"instock","11":"sale","12":"shipping-taxable","13":"purchasable","14":"product-type-simple"},"jetpack_sharing_enabled":true,"_links":{"self":[{"href":"https:\/\/passionparfums.com\/en\/wp-json\/wp\/v2\/product\/16234","targetHints":{"allow":["GET"]}}],"collection":[{"href":"https:\/\/passionparfums.com\/en\/wp-json\/wp\/v2\/product"}],"about":[{"href":"https:\/\/passionparfums.com\/en\/wp-json\/wp\/v2\/types\/product"}],"replies":[{"embeddable":true,"href":"https:\/\/passionparfums.com\/en\/wp-json\/wp\/v2\/comments?post=16234"}],"wp:featuredmedia":[{"embeddable":true,"href":"https:\/\/passionparfums.com\/en\/wp-json\/wp\/v2\/media\/16239"}],"wp:attachment":[{"href":"https:\/\/passionparfums.com\/en\/wp-json\/wp\/v2\/media?parent=16234"}],"wp:term":[{"taxonomy":"product_brand","embeddable":true,"href":"https:\/\/passionparfums.com\/en\/wp-json\/wp\/v2\/product_brand?post=16234"},{"taxonomy":"product_cat","embeddable":true,"href":"https:\/\/passionparfums.com\/en\/wp-json\/wp\/v2\/product_cat?post=16234"},{"taxonomy":"product_tag","embeddable":true,"href":"https:\/\/passionparfums.com\/en\/wp-json\/wp\/v2\/product_tag?post=16234"}],"curies":[{"name":"wp","href":"https:\/\/api.w.org\/{rel}","templated":true}]}}