{"id":16223,"date":"2025-07-28T15:53:09","date_gmt":"2025-07-28T15:53:09","guid":{"rendered":"https:\/\/passionparfums.com\/?post_type=product&#038;p=16223"},"modified":"2025-07-28T15:53:09","modified_gmt":"2025-07-28T15:53:09","slug":"huile-lotus-30-ml","status":"publish","type":"product","link":"https:\/\/passionparfums.com\/en\/product\/huile-lotus-30-ml\/","title":{"rendered":"HUILE LOTUS 30 ml"},"content":{"rendered":"<h3 id=\"accordion_title_nthar79ezxmdna9i0l\" class=\"section-title-js accordion-section__title\" tabindex=\"0\" role=\"button\" data-auto-id=\"what-is-it-title\" aria-expanded=\"true\" aria-controls=\"accordion_content_nthar79ezxmdna9i0l\">Ce que c&rsquo;est<\/h3>\n<div id=\"accordion_content_nthar79ezxmdna9i0l\" class=\"accordion-section__content\" aria-labelledby=\"accordion_title_nthar79ezxmdna9i0l\">\n<div class=\"inner-content-js inner-content\">\n<ul class=\"what-is-it-section__list\">\n<li class=\"mt-5\"><span class=\"what-is-it-section__text-medium\">Type de peau :\u00a0<\/span>Peau grasse<\/li>\n<li class=\"mt-5\"><span class=\"what-is-it-section__text-medium\">Texture :\u00a0<\/span>Huile<\/li>\n<li class=\"mt-5\"><span class=\"what-is-it-section__text-medium\">Utilisation :\u00a0<\/span>Utiliser matin et \/ ou soir.\u00a0<a class=\"what-is-it-accordion__how-to-link how-to-link-js link link--uppercase display-inline-block cba-link-style\" tabindex=\"0\" href=\"https:\/\/www.clarins.ca\/fr\/huile-lotus\/80083854.html\">En savoir plus<\/a><\/li>\n<\/ul>\n<div class=\"discover-more-benefit-section__title\">B\u00e9n\u00e9fices<\/div>\n<div class=\"discover-more-benefit-section__text\">\n<ul>\n<li>R\u00e9\u00e9quilibre et resserre les pores<\/li>\n<li>Pr\u00e9vient la d\u00e9shydratation<\/li>\n<li>Assouplit, satine<\/li>\n<\/ul>\n<\/div>\n<div class=\"long-description-wrapper\">\n<h2 class=\"subtitle1\">En savoir plus<\/h2>\n<div class=\"product-info__long-description\">Cette huile hydratante est un soin naturellement astringent \u00e0 base d&rsquo;huiles essentielles destin\u00e9 aux peaux mixtes ou \u00e0 tendance grasse. Cette huile pour le visage contient 100 % de purs extraits de lotus et d&rsquo;huiles essentielles de romarin, de g\u00e9ranium et de sauge (ou de camomille, selon votre pr\u00e9f\u00e9rence) aux vertus apaisantes, adoucissantes, purifiantes, r\u00e9\u00e9quilibrantes et r\u00e9paratrices. Combin\u00e9e aux propri\u00e9t\u00e9s nourrissantes et anti-d\u00e9shydratantes de l&rsquo;huile de noisette, cette huile essentielle purifie, resserre les pores, nourrit et affine le grain de la peau.<\/div>\n<\/div>\n<\/div>\n<\/div>","protected":false},"excerpt":{"rendered":"<p>Ce que c&rsquo;est Type de peau :\u00a0Peau grasse Texture :\u00a0Huile Utilisation :\u00a0Utiliser matin et \/ ou soir.\u00a0En savoir plus B\u00e9n\u00e9fices R\u00e9\u00e9quilibre et resserre les pores Pr\u00e9vient la d\u00e9shydratation Assouplit, satine En savoir plus Cette huile hydratante est un soin naturellement astringent \u00e0 base d&rsquo;huiles essentielles destin\u00e9 aux peaux mixtes ou \u00e0 tendance grasse. Cette huile &hellip; <br \/><a href=\"https:\/\/passionparfums.com\/en\/product\/huile-lotus-30-ml\/\" class=\"more-link\">Continue reading <span class=\"screen-reader-text\">HUILE LOTUS 30 ml<\/span><\/a><\/p>","protected":false},"featured_media":16227,"comment_status":"open","ping_status":"closed","template":"","meta":[],"product_brand":[],"product_cat":[146,119,129,106,105],"product_tag":[],"class_list":{"0":"post-16223","1":"product","2":"type-product","3":"status-publish","4":"has-post-thumbnail","6":"product_cat-besoins-soins-de-visage","7":"product_cat-huile","8":"product_cat-huile-nourrissante","9":"product_cat-soin-corps-bain","10":"product_cat-soin-de-visage","12":"first","13":"instock","14":"shipping-taxable","15":"purchasable","16":"product-type-simple"},"jetpack_sharing_enabled":true,"_links":{"self":[{"href":"https:\/\/passionparfums.com\/en\/wp-json\/wp\/v2\/product\/16223","targetHints":{"allow":["GET"]}}],"collection":[{"href":"https:\/\/passionparfums.com\/en\/wp-json\/wp\/v2\/product"}],"about":[{"href":"https:\/\/passionparfums.com\/en\/wp-json\/wp\/v2\/types\/product"}],"replies":[{"embeddable":true,"href":"https:\/\/passionparfums.com\/en\/wp-json\/wp\/v2\/comments?post=16223"}],"wp:featuredmedia":[{"embeddable":true,"href":"https:\/\/passionparfums.com\/en\/wp-json\/wp\/v2\/media\/16227"}],"wp:attachment":[{"href":"https:\/\/passionparfums.com\/en\/wp-json\/wp\/v2\/media?parent=16223"}],"wp:term":[{"taxonomy":"product_brand","embeddable":true,"href":"https:\/\/passionparfums.com\/en\/wp-json\/wp\/v2\/product_brand?post=16223"},{"taxonomy":"product_cat","embeddable":true,"href":"https:\/\/passionparfums.com\/en\/wp-json\/wp\/v2\/product_cat?post=16223"},{"taxonomy":"product_tag","embeddable":true,"href":"https:\/\/passionparfums.com\/en\/wp-json\/wp\/v2\/product_tag?post=16223"}],"curies":[{"name":"wp","href":"https:\/\/api.w.org\/{rel}","templated":true}]}}