{"id":16215,"date":"2025-07-28T15:48:44","date_gmt":"2025-07-28T15:48:44","guid":{"rendered":"https:\/\/passionparfums.com\/?post_type=product&#038;p=16215"},"modified":"2025-07-28T15:48:44","modified_gmt":"2025-07-28T15:48:44","slug":"huile-orchidee-bleue-30-ml","status":"publish","type":"product","link":"https:\/\/passionparfums.com\/en\/product\/huile-orchidee-bleue-30-ml\/","title":{"rendered":"HUILE ORCHIDEE BLEUE 30 ml"},"content":{"rendered":"<h3 id=\"accordion_title_d13qbgiveeomdna4ueo\" class=\"section-title-js accordion-section__title\" tabindex=\"0\" role=\"button\" data-auto-id=\"what-is-it-title\" aria-expanded=\"true\" aria-controls=\"accordion_content_d13qbgiveeomdna4ueo\">Ce que c&rsquo;est<\/h3>\n<div id=\"accordion_content_d13qbgiveeomdna4ueo\" class=\"accordion-section__content\" aria-labelledby=\"accordion_title_d13qbgiveeomdna4ueo\">\n<div class=\"inner-content-js inner-content\">\n<ul class=\"what-is-it-section__list\">\n<li class=\"mt-5\"><span class=\"what-is-it-section__text-medium\">Type de peau :\u00a0<\/span>Peau s\u00e8che<\/li>\n<li class=\"mt-5\"><span class=\"what-is-it-section__text-medium\">Texture :\u00a0<\/span>Huile<\/li>\n<li class=\"mt-5\"><span class=\"what-is-it-section__text-medium\">Utilisation :\u00a0<\/span>Matin et\/ou soir.\u00a0<a class=\"what-is-it-accordion__how-to-link how-to-link-js link link--uppercase display-inline-block cba-link-style\" tabindex=\"0\" href=\"https:\/\/www.clarins.ca\/fr\/huile-orchidee-bleue\/80083849.html\">En savoir plus<\/a><\/li>\n<\/ul>\n<div class=\"discover-more-benefit-section__title\">B\u00e9n\u00e9fices<\/div>\n<div class=\"discover-more-benefit-section__text\">\n<ul>\n<li>Meilleure huile pour le visage pour les peaux s\u00e8ches<\/li>\n<li>Revitalise et tonifie<\/li>\n<li>Restaure l\u2019\u00e9clat<\/li>\n<li>Hydrate<\/li>\n<li>Adoucit et apaise<\/li>\n<li>Minimise l\u2019apparence des rides<\/li>\n<\/ul>\n<\/div>\n<div class=\"long-description-wrapper\">\n<h2 class=\"subtitle1\">En savoir plus<\/h2>\n<div class=\"product-info__long-description\">Cette huile de soins pour le visage, formul\u00e9e \u00e0 partir d\u2019extraits de plantes 100 % purs, aide \u00e0 revitaliser les peaux d\u00e9shydrat\u00e9es. Un m\u00e9lange aromatique d\u2019huiles essentielles \u2013 dont l\u2019orchid\u00e9e bleue et le patchouli \u2013 restaure l\u2019\u00e9clat, le tonus et la vitalit\u00e9 de la peau fatigu\u00e9e. L\u2019huile de noisette, riche en om\u00e9ga-9 et en vitamine E, adoucit, apaise et scelle l\u2019humidit\u00e9 pour minimiser l\u2019apparence des rides. Sa formule l\u00e9g\u00e8re est absorb\u00e9e instantan\u00e9ment. Elle ne tache pas les v\u00eatements. Sans agents de conservation. Test\u00e9 par des dermatologues.<\/div>\n<div><\/div>\n<\/div>\n<div class=\"what-is-it-section__section\">\n<div class=\"what-is-it-section__title\"><strong>Innovation et expertise des plantes<\/strong><\/div>\n<div class=\"what-is-it-section__text\">Une fomule \u00e0 100% d&rsquo;origine naturelle compos\u00e9e exclusivement d&rsquo;huiles essentielles et d&rsquo;extraits de plantes.<\/div>\n<div><\/div>\n<\/div>\n<div class=\"what-is-it-section__section\">\n<div class=\"what-is-it-section__title\"><strong>Le plus Clarins<\/strong><\/div>\n<div class=\"what-is-it-section__text\">Les soins Clarins AROMA sont des formules professionnelles, ne\u0301es en Institut et reconnues depuis 1954 pour leur efficacite\u0301 sur la peau et l\u2019esprit.<\/div>\n<\/div>\n<\/div>\n<\/div>","protected":false},"excerpt":{"rendered":"<p>Ce que c&rsquo;est Type de peau :\u00a0Peau s\u00e8che Texture :\u00a0Huile Utilisation :\u00a0Matin et\/ou soir.\u00a0En savoir plus B\u00e9n\u00e9fices Meilleure huile pour le visage pour les peaux s\u00e8ches Revitalise et tonifie Restaure l\u2019\u00e9clat Hydrate Adoucit et apaise Minimise l\u2019apparence des rides En savoir plus Cette huile de soins pour le visage, formul\u00e9e \u00e0 partir d\u2019extraits de plantes &hellip; <br \/><a href=\"https:\/\/passionparfums.com\/en\/product\/huile-orchidee-bleue-30-ml\/\" class=\"more-link\">Continue reading <span class=\"screen-reader-text\">HUILE ORCHIDEE BLEUE 30 ml<\/span><\/a><\/p>","protected":false},"featured_media":16222,"comment_status":"open","ping_status":"closed","template":"","meta":[],"product_brand":[],"product_cat":[162,129,106],"product_tag":[],"class_list":{"0":"post-16215","1":"product","2":"type-product","3":"status-publish","4":"has-post-thumbnail","6":"product_cat-besoins-soins-de-corps-bain","7":"product_cat-huile-nourrissante","8":"product_cat-soin-corps-bain","10":"first","11":"instock","12":"shipping-taxable","13":"purchasable","14":"product-type-simple"},"jetpack_sharing_enabled":true,"_links":{"self":[{"href":"https:\/\/passionparfums.com\/en\/wp-json\/wp\/v2\/product\/16215","targetHints":{"allow":["GET"]}}],"collection":[{"href":"https:\/\/passionparfums.com\/en\/wp-json\/wp\/v2\/product"}],"about":[{"href":"https:\/\/passionparfums.com\/en\/wp-json\/wp\/v2\/types\/product"}],"replies":[{"embeddable":true,"href":"https:\/\/passionparfums.com\/en\/wp-json\/wp\/v2\/comments?post=16215"}],"wp:featuredmedia":[{"embeddable":true,"href":"https:\/\/passionparfums.com\/en\/wp-json\/wp\/v2\/media\/16222"}],"wp:attachment":[{"href":"https:\/\/passionparfums.com\/en\/wp-json\/wp\/v2\/media?parent=16215"}],"wp:term":[{"taxonomy":"product_brand","embeddable":true,"href":"https:\/\/passionparfums.com\/en\/wp-json\/wp\/v2\/product_brand?post=16215"},{"taxonomy":"product_cat","embeddable":true,"href":"https:\/\/passionparfums.com\/en\/wp-json\/wp\/v2\/product_cat?post=16215"},{"taxonomy":"product_tag","embeddable":true,"href":"https:\/\/passionparfums.com\/en\/wp-json\/wp\/v2\/product_tag?post=16215"}],"curies":[{"name":"wp","href":"https:\/\/api.w.org\/{rel}","templated":true}]}}