{"id":16208,"date":"2025-07-28T15:41:10","date_gmt":"2025-07-28T15:41:10","guid":{"rendered":"https:\/\/passionparfums.com\/?post_type=product&#038;p=16208"},"modified":"2025-07-28T15:41:10","modified_gmt":"2025-07-28T15:41:10","slug":"mousse-nettoyante-150-ml","status":"publish","type":"product","link":"https:\/\/passionparfums.com\/en\/product\/mousse-nettoyante-150-ml\/","title":{"rendered":"MOUSSE NETTOYANTE 150 ml"},"content":{"rendered":"<h3 id=\"accordion_title_vpsnddt14lbmdn9w4su\" class=\"section-title-js accordion-section__title \" tabindex=\"0\" role=\"button\" data-auto-id=\"what-is-it-title\" aria-expanded=\"true\" aria-controls=\"accordion_content_vpsnddt14lbmdn9w4su\">Ce que c&rsquo;est<\/h3>\n<div id=\"accordion_content_vpsnddt14lbmdn9w4su\" class=\"accordion-section__content\" aria-labelledby=\"accordion_title_vpsnddt14lbmdn9w4su\">\n<div class=\"inner-content-js inner-content\">\n<ul class=\"what-is-it-section__list\">\n<li class=\"mt-5\"><span class=\"what-is-it-section__text-medium\">Type de peau :\u00a0<\/span>Peau normale, Peau grasse, Peau mixte, Peau s\u00e8che<\/li>\n<li class=\"mt-5\"><span class=\"what-is-it-section__text-medium\">Texture :\u00a0<\/span>Mousse<\/li>\n<li class=\"mt-5\"><span class=\"what-is-it-section__text-medium\">Utilisation :\u00a0<\/span>S&rsquo;utilise matin et soir.\u00a0<a class=\"what-is-it-accordion__how-to-link how-to-link-js link link--uppercase display-inline-block cba-link-style\" tabindex=\"0\" href=\"https:\/\/www.clarins.ca\/fr\/mousse-nettoyante-peau-neuve\/80105707.html\">En savoir plus<\/a><\/li>\n<\/ul>\n<div class=\"discover-more-benefit-section__title\">B\u00e9n\u00e9fices<\/div>\n<div class=\"discover-more-benefit-section__text\">\n<ul>\n<li>Peau d\u00e9maquill\u00e9e et nettoy\u00e9e.<\/li>\n<li>Peau nette, douce et apais\u00e9e.<\/li>\n<li>Peau \u00e9clatante.<\/li>\n<\/ul>\n<\/div>\n<div class=\"long-description-wrapper \">\n<h2 class=\"subtitle1 \">En savoir plus<\/h2>\n<div class=\"product-info__long-description\">Cette mousse nettoyante tr\u00e8s moussante laisse la peau nette, d\u00e9maquille en douceur et ravive l&rsquo;\u00e9clat des teints ternes pour un effet peau neuve imm\u00e9diat.<br \/>\nSes acides de pulpe de tamarin contenant des AHA contribuent \u00e0 exfolier en douceur la peau et la rendre plus \u00e9clatante.<br \/>\nSa formule est enrichie du [Complexe Douceur] Clarins aux extraits bio de gentiane jaune et de m\u00e9lisse qui contribuent \u00e0 apaiser et adoucir la peau.<br \/>\nL&rsquo;extrait de moringa limite l\u2019adh\u00e9rence des impuret\u00e9s sur la peau. Sa pompe ultra-pratique s&rsquo;utilise facilement.<\/div>\n<div><\/div>\n<\/div>\n<div class=\"what-is-it-section__section\">\n<div class=\"what-is-it-section__title\"><strong>Innovation et expertise des plantes<\/strong><\/div>\n<div class=\"what-is-it-section__text\">[COMPLEXE DOUCEUR] Clarins<br \/>\nCompos\u00e9 d\u2019extraits bio de gentiane jaune et de m\u00e9lisse issus du Domaine Clarins, s\u00e9lectionn\u00e9s pour vous transmettre toute la fraicheur et la puret\u00e9 des Alpes.<br \/>\nIl contribue \u00e0 apaiser, calmer et adoucir la peau.<\/div>\n<div><\/div>\n<\/div>\n<div class=\"what-is-it-section__section\">\n<div class=\"what-is-it-section__title\"><strong>Le plus Clarins<\/strong><\/div>\n<div class=\"what-is-it-section__text\">Texture tr\u00e8s moussante, adapt\u00e9e \u00e0 tous les types de peaux qui se d\u00e9maquillent \u00e0 l&rsquo;eau. Facile \u00e0 rincer.<\/div>\n<\/div>\n<\/div>\n<\/div>\n","protected":false},"excerpt":{"rendered":"<p>Ce que c&rsquo;est Type de peau :\u00a0Peau normale, Peau grasse, Peau mixte, Peau s\u00e8che Texture :\u00a0Mousse Utilisation :\u00a0S&rsquo;utilise matin et soir.\u00a0En savoir plus B\u00e9n\u00e9fices Peau d\u00e9maquill\u00e9e et nettoy\u00e9e. Peau nette, douce et apais\u00e9e. Peau \u00e9clatante. En savoir plus Cette mousse nettoyante tr\u00e8s moussante laisse la peau nette, d\u00e9maquille en douceur et ravive l&rsquo;\u00e9clat des teints &hellip; <br \/><a href=\"https:\/\/passionparfums.com\/en\/product\/mousse-nettoyante-150-ml\/\" class=\"more-link\">Continue reading <span class=\"screen-reader-text\">MOUSSE NETTOYANTE 150 ml<\/span><\/a><\/p>","protected":false},"featured_media":16212,"comment_status":"open","ping_status":"closed","template":"","meta":[],"product_brand":[],"product_cat":[138,142,104],"product_tag":[],"class_list":{"0":"post-16208","1":"product","2":"type-product","3":"status-publish","4":"has-post-thumbnail","6":"product_cat-demaquillant-nettoyant","7":"product_cat-mousse-nettoyante","8":"product_cat-soin","10":"first","11":"instock","12":"shipping-taxable","13":"purchasable","14":"product-type-simple"},"jetpack_sharing_enabled":true,"_links":{"self":[{"href":"https:\/\/passionparfums.com\/en\/wp-json\/wp\/v2\/product\/16208","targetHints":{"allow":["GET"]}}],"collection":[{"href":"https:\/\/passionparfums.com\/en\/wp-json\/wp\/v2\/product"}],"about":[{"href":"https:\/\/passionparfums.com\/en\/wp-json\/wp\/v2\/types\/product"}],"replies":[{"embeddable":true,"href":"https:\/\/passionparfums.com\/en\/wp-json\/wp\/v2\/comments?post=16208"}],"wp:featuredmedia":[{"embeddable":true,"href":"https:\/\/passionparfums.com\/en\/wp-json\/wp\/v2\/media\/16212"}],"wp:attachment":[{"href":"https:\/\/passionparfums.com\/en\/wp-json\/wp\/v2\/media?parent=16208"}],"wp:term":[{"taxonomy":"product_brand","embeddable":true,"href":"https:\/\/passionparfums.com\/en\/wp-json\/wp\/v2\/product_brand?post=16208"},{"taxonomy":"product_cat","embeddable":true,"href":"https:\/\/passionparfums.com\/en\/wp-json\/wp\/v2\/product_cat?post=16208"},{"taxonomy":"product_tag","embeddable":true,"href":"https:\/\/passionparfums.com\/en\/wp-json\/wp\/v2\/product_tag?post=16208"}],"curies":[{"name":"wp","href":"https:\/\/api.w.org\/{rel}","templated":true}]}}