{"id":16202,"date":"2025-07-28T15:37:27","date_gmt":"2025-07-28T15:37:27","guid":{"rendered":"https:\/\/passionparfums.com\/?post_type=product&#038;p=16202"},"modified":"2025-07-28T15:37:27","modified_gmt":"2025-07-28T15:37:27","slug":"lait-velours-demaquillant-tp-jumbo-400-ml","status":"publish","type":"product","link":"https:\/\/passionparfums.com\/en\/product\/lait-velours-demaquillant-tp-jumbo-400-ml\/","title":{"rendered":"LAIT VELOURS DEMAQUILLANT TP JUMBO 400 ml"},"content":{"rendered":"<h3 id=\"accordion_title_wqq0zs3ynqomdn9pcsf\" class=\"section-title-js accordion-section__title \" tabindex=\"0\" role=\"button\" data-auto-id=\"what-is-it-title\" aria-expanded=\"true\" aria-controls=\"accordion_content_wqq0zs3ynqomdn9pcsf\">Ce que c&rsquo;est<\/h3>\n<div id=\"accordion_content_wqq0zs3ynqomdn9pcsf\" class=\"accordion-section__content\" aria-labelledby=\"accordion_title_wqq0zs3ynqomdn9pcsf\">\n<div class=\"inner-content-js inner-content\">\n<ul class=\"what-is-it-section__list\">\n<li class=\"mt-5\"><span class=\"what-is-it-section__text-medium\">Type de peau :\u00a0<\/span>Peau s\u00e8che, Peau normale<\/li>\n<li class=\"mt-5\"><span class=\"what-is-it-section__text-medium\">Texture :\u00a0<\/span>Lait<\/li>\n<li class=\"mt-5\"><span class=\"what-is-it-section__text-medium\">Utilisation :\u00a0<\/span>Tous les soirs.\u00a0<a class=\"what-is-it-accordion__how-to-link how-to-link-js link link--uppercase display-inline-block cba-link-style\" tabindex=\"0\" href=\"https:\/\/www.clarins.ca\/fr\/lait-velours-demaquillant\/80104681.html\">En savoir plus<\/a><\/li>\n<\/ul>\n<div class=\"discover-more-benefit-section__title\">B\u00e9n\u00e9fices<\/div>\n<div class=\"discover-more-benefit-section__text\">\n<ul>\n<li>Peau d\u00e9maquill\u00e9e et souple.<\/li>\n<li>Peau douce et confortable.<\/li>\n<\/ul>\n<\/div>\n<div class=\"long-description-wrapper \">\n<h2 class=\"subtitle1 \">En savoir plus<\/h2>\n<div class=\"product-info__long-description\">Ce lait d\u00e9maquillant s\u2019adresse aux adeptes du confort et de la douceur.<br \/>\nIl \u00e9limine le maquillage du visage, des yeux et des l\u00e8vres ainsi que les impuret\u00e9s et traces de pollution.<br \/>\nSa formule est enrichie du [Complexe Douceur] Clarins aux extraits bio de gentiane jaune et de m\u00e9lisse qui contribuent \u00e0 apaiser et adoucir la peau.<\/p>\n<p>Texture lait onctueuse et r\u00e9confortante.<\/p>\n<p>Pour son empreinte environnementale, Clarins repense ce produit dans un flacon encore plus \u00e9co-con\u00e7u avec une capsule all\u00e9g\u00e9e. Et pour la premi\u00e8re fois, il est rechargeable gr\u00e2ce \u00e0 sa nouvelle \u00e9co-recharge.<\/p><\/div>\n<div><\/div>\n<\/div>\n<div class=\"what-is-it-section__section\">\n<div class=\"what-is-it-section__title\"><strong>Innovation et expertise des plantes<\/strong><\/div>\n<div class=\"what-is-it-section__text\">[COMPLEXE DOUCEUR] Clarins<br \/>\nCompos\u00e9 d\u2019extraits bio de gentiane jaune et de m\u00e9lisse issus du Domaine Clarins, s\u00e9lectionn\u00e9s pour vous transmettre toute la fraicheur et la puret\u00e9 des Alpes.<br \/>\nIl contribue \u00e0 apaiser et adoucir la peau.<\/div>\n<div><\/div>\n<\/div>\n<div class=\"what-is-it-section__section\">\n<div class=\"what-is-it-section__title\"><strong>Le plus Clarins<\/strong><\/div>\n<div class=\"what-is-it-section__text\">Texture cr\u00e9meuse adapt\u00e9e au visage, aux yeux et aux l\u00e8vres.<\/div>\n<\/div>\n<\/div>\n<\/div>\n","protected":false},"excerpt":{"rendered":"<p>Ce que c&rsquo;est Type de peau :\u00a0Peau s\u00e8che, Peau normale Texture :\u00a0Lait Utilisation :\u00a0Tous les soirs.\u00a0En savoir plus B\u00e9n\u00e9fices Peau d\u00e9maquill\u00e9e et souple. Peau douce et confortable. En savoir plus Ce lait d\u00e9maquillant s\u2019adresse aux adeptes du confort et de la douceur. Il \u00e9limine le maquillage du visage, des yeux et des l\u00e8vres ainsi que &hellip; <br \/><a href=\"https:\/\/passionparfums.com\/en\/product\/lait-velours-demaquillant-tp-jumbo-400-ml\/\" class=\"more-link\">Continue reading <span class=\"screen-reader-text\">LAIT VELOURS DEMAQUILLANT TP JUMBO 400 ml<\/span><\/a><\/p>","protected":false},"featured_media":16207,"comment_status":"open","ping_status":"closed","template":"","meta":[],"product_brand":[],"product_cat":[138,140,104],"product_tag":[],"class_list":{"0":"post-16202","1":"product","2":"type-product","3":"status-publish","4":"has-post-thumbnail","6":"product_cat-demaquillant-nettoyant","7":"product_cat-demaquillant-visage","8":"product_cat-soin","10":"first","11":"instock","12":"shipping-taxable","13":"purchasable","14":"product-type-simple"},"jetpack_sharing_enabled":true,"_links":{"self":[{"href":"https:\/\/passionparfums.com\/en\/wp-json\/wp\/v2\/product\/16202","targetHints":{"allow":["GET"]}}],"collection":[{"href":"https:\/\/passionparfums.com\/en\/wp-json\/wp\/v2\/product"}],"about":[{"href":"https:\/\/passionparfums.com\/en\/wp-json\/wp\/v2\/types\/product"}],"replies":[{"embeddable":true,"href":"https:\/\/passionparfums.com\/en\/wp-json\/wp\/v2\/comments?post=16202"}],"wp:featuredmedia":[{"embeddable":true,"href":"https:\/\/passionparfums.com\/en\/wp-json\/wp\/v2\/media\/16207"}],"wp:attachment":[{"href":"https:\/\/passionparfums.com\/en\/wp-json\/wp\/v2\/media?parent=16202"}],"wp:term":[{"taxonomy":"product_brand","embeddable":true,"href":"https:\/\/passionparfums.com\/en\/wp-json\/wp\/v2\/product_brand?post=16202"},{"taxonomy":"product_cat","embeddable":true,"href":"https:\/\/passionparfums.com\/en\/wp-json\/wp\/v2\/product_cat?post=16202"},{"taxonomy":"product_tag","embeddable":true,"href":"https:\/\/passionparfums.com\/en\/wp-json\/wp\/v2\/product_tag?post=16202"}],"curies":[{"name":"wp","href":"https:\/\/api.w.org\/{rel}","templated":true}]}}