{"id":16195,"date":"2025-07-27T23:14:46","date_gmt":"2025-07-27T23:14:46","guid":{"rendered":"https:\/\/passionparfums.com\/?post_type=product&#038;p=16195"},"modified":"2025-07-27T23:14:46","modified_gmt":"2025-07-27T23:14:46","slug":"eau-micellaire-demaquillante-200-ml","status":"publish","type":"product","link":"https:\/\/passionparfums.com\/en\/product\/eau-micellaire-demaquillante-200-ml\/","title":{"rendered":"EAU MICELLAIRE DEMAQUILLANTE 200 ml"},"content":{"rendered":"<h3 id=\"accordion_title_p286muhdzjmdmamq0y\" class=\"section-title-js accordion-section__title \" tabindex=\"0\" role=\"button\" data-auto-id=\"what-is-it-title\" aria-expanded=\"true\" aria-controls=\"accordion_content_p286muhdzjmdmamq0y\">Ce que c&rsquo;est<\/h3>\n<div id=\"accordion_content_p286muhdzjmdmamq0y\" class=\"accordion-section__content\" aria-labelledby=\"accordion_title_p286muhdzjmdmamq0y\">\n<div class=\"inner-content-js inner-content\">\n<ul class=\"what-is-it-section__list\">\n<li class=\"mt-5\"><span class=\"what-is-it-section__text-medium\">Type de peau :\u00a0<\/span>Peau normale, Peau grasse, Peau mixte, Peau s\u00e8che<\/li>\n<li class=\"mt-5\"><span class=\"what-is-it-section__text-medium\">Texture :\u00a0<\/span>Lotion<\/li>\n<li class=\"mt-5\"><span class=\"what-is-it-section__text-medium\">Utilisation :\u00a0<\/span>S\u2019utilise matin et soir.\u00a0<a class=\"what-is-it-accordion__how-to-link how-to-link-js link link--uppercase display-inline-block cba-link-style\" tabindex=\"0\" href=\"https:\/\/www.clarins.ca\/fr\/eau-micellaire-demaquillante\/80104530.html\">En savoir plus<\/a><\/li>\n<\/ul>\n<div class=\"discover-more-benefit-section__title\">B\u00e9n\u00e9fices<\/div>\n<div class=\"discover-more-benefit-section__text\">\n<ul>\n<li>Peau d\u00e9maquill\u00e9e et confortable<\/li>\n<li>Peau fra\u00eeche.<\/li>\n<\/ul>\n<\/div>\n<div class=\"long-description-wrapper \">\n<h2 class=\"subtitle1 \">En savoir plus<\/h2>\n<div class=\"product-info__long-description\">Cette eau micellaire fra\u00eeche est id\u00e9ale pour un d\u00e9maquillage en un seul geste.<br \/>\nElle \u00e9limine le maquillage du visage, des yeux et des l\u00e8vres ainsi que les impuret\u00e9s et traces de pollution tout en douceur pour les peaux sensibles.<br \/>\nSa formule est enrichie du [Complexe Douceur] Clarins aux extraits bio de gentiane jaune et de m\u00e9lisse qui contribuent \u00e0 apaiser et adoucir la peau.<\/p>\n<p>La fraicheur d&rsquo;une eau, l&rsquo;efficacit\u00e9 d&rsquo;un d\u00e9maquillant.<\/p>\n<p>Pour son empreinte environnementale, Clarins repense ce produit dans un flacon \u00e9co-con\u00e7u avec une capsule all\u00e9g\u00e9e.<\/p><\/div>\n<div><\/div>\n<\/div>\n<div class=\"what-is-it-section__section\">\n<div class=\"what-is-it-section__title\"><strong>Innovation et expertise des plantes<\/strong><\/div>\n<div class=\"what-is-it-section__text\">[COMPLEXE DOUCEUR] Clarins<br \/>\nCompos\u00e9 d\u2019extraits bio de gentiane jaune et de m\u00e9lisse issus du Domaine Clarins, s\u00e9lectionn\u00e9s pour vous transmettre toute la fraicheur et la puret\u00e9 des Alpes.<\/div>\n<div class=\"what-is-it-section__text\">\n<strong>Il contribue \u00e0 apaiser et adoucir la peau.<\/strong><\/div>\n<\/div>\n<div class=\"what-is-it-section__section\">\n<div class=\"what-is-it-section__title\">Le plus Clarins<\/div>\n<div class=\"what-is-it-section__text\">Texture acqueuse adapt\u00e9e au visage, aux yeux et aux l\u00e8vres.<\/div>\n<\/div>\n<\/div>\n<\/div>\n","protected":false},"excerpt":{"rendered":"<p>Ce que c&rsquo;est Type de peau :\u00a0Peau normale, Peau grasse, Peau mixte, Peau s\u00e8che Texture :\u00a0Lotion Utilisation :\u00a0S\u2019utilise matin et soir.\u00a0En savoir plus B\u00e9n\u00e9fices Peau d\u00e9maquill\u00e9e et confortable Peau fra\u00eeche. En savoir plus Cette eau micellaire fra\u00eeche est id\u00e9ale pour un d\u00e9maquillage en un seul geste. Elle \u00e9limine le maquillage du visage, des yeux et &hellip; <br \/><a href=\"https:\/\/passionparfums.com\/en\/product\/eau-micellaire-demaquillante-200-ml\/\" class=\"more-link\">Continue reading <span class=\"screen-reader-text\">EAU MICELLAIRE DEMAQUILLANTE 200 ml<\/span><\/a><\/p>","protected":false},"featured_media":16196,"comment_status":"open","ping_status":"closed","template":"","meta":[],"product_brand":[],"product_cat":[138,139,104],"product_tag":[],"class_list":{"0":"post-16195","1":"product","2":"type-product","3":"status-publish","4":"has-post-thumbnail","6":"product_cat-demaquillant-nettoyant","7":"product_cat-demaquillant-yeux","8":"product_cat-soin","10":"first","11":"instock","12":"shipping-taxable","13":"purchasable","14":"product-type-simple"},"jetpack_sharing_enabled":true,"_links":{"self":[{"href":"https:\/\/passionparfums.com\/en\/wp-json\/wp\/v2\/product\/16195","targetHints":{"allow":["GET"]}}],"collection":[{"href":"https:\/\/passionparfums.com\/en\/wp-json\/wp\/v2\/product"}],"about":[{"href":"https:\/\/passionparfums.com\/en\/wp-json\/wp\/v2\/types\/product"}],"replies":[{"embeddable":true,"href":"https:\/\/passionparfums.com\/en\/wp-json\/wp\/v2\/comments?post=16195"}],"wp:featuredmedia":[{"embeddable":true,"href":"https:\/\/passionparfums.com\/en\/wp-json\/wp\/v2\/media\/16196"}],"wp:attachment":[{"href":"https:\/\/passionparfums.com\/en\/wp-json\/wp\/v2\/media?parent=16195"}],"wp:term":[{"taxonomy":"product_brand","embeddable":true,"href":"https:\/\/passionparfums.com\/en\/wp-json\/wp\/v2\/product_brand?post=16195"},{"taxonomy":"product_cat","embeddable":true,"href":"https:\/\/passionparfums.com\/en\/wp-json\/wp\/v2\/product_cat?post=16195"},{"taxonomy":"product_tag","embeddable":true,"href":"https:\/\/passionparfums.com\/en\/wp-json\/wp\/v2\/product_tag?post=16195"}],"curies":[{"name":"wp","href":"https:\/\/api.w.org\/{rel}","templated":true}]}}