{"id":16187,"date":"2025-07-27T23:09:33","date_gmt":"2025-07-27T23:09:33","guid":{"rendered":"https:\/\/passionparfums.com\/?post_type=product&#038;p=16187"},"modified":"2025-07-27T23:10:14","modified_gmt":"2025-07-27T23:10:14","slug":"lotion-tonique-hydratante-pn-jumbo-400-ml","status":"publish","type":"product","link":"https:\/\/passionparfums.com\/en\/product\/lotion-tonique-hydratante-pn-jumbo-400-ml\/","title":{"rendered":"LOTION TONIQUE HYDRATANTE PN JUMBO 400 ml"},"content":{"rendered":"<div class=\"desc\" data-gtm-interaction=\"What it is\">\n<h2 id=\"shortDescription-title\">Description<\/h2>\n<div id=\"shortDescription-body\" class=\"module-body desc-body collapse show\">Une lotion tonique douce qui contient de v\u00e9ritables p\u00e9tales de rose et de l\u2019acide hyaluronique. Elle minimise l\u2019apparence des pores tout en augmentant l\u2019hydratation de 46 % pendant 6 heures.<\/div>\n<\/div>\n<div class=\"desc\" data-gtm-interaction=\"Why you need it\">\n<h2 id=\"longDescription-title\">Pour quel besoin ?<\/h2>\n<div id=\"longDescription-body\" class=\"module-body desc-body collapse show\">\n<p>Cette formule sans alcool culte contient une quantit\u00e9 incomparable de bienfaits \u00e0 base de rose : extrait de cynorrhodon, eau de rose apaisante, huile de rose nourrissante et de v\u00e9ritables p\u00e9tales de rose en suspension.<\/p>\n<p>Elle hydrate et d\u00e9barrasse la peau des impuret\u00e9s, la laissant douce et soyeuse, pr\u00eate \u00e0 recevoir les soins suivants.<\/p>\n<\/div>\n<\/div>","protected":false},"excerpt":{"rendered":"<p>Description Une lotion tonique douce qui contient de v\u00e9ritables p\u00e9tales de rose et de l\u2019acide hyaluronique. Elle minimise l\u2019apparence des pores tout en augmentant l\u2019hydratation de 46 % pendant 6 heures. Pour quel besoin ? Cette formule sans alcool culte contient une quantit\u00e9 incomparable de bienfaits \u00e0 base de rose : extrait de cynorrhodon, eau &hellip; <br \/><a href=\"https:\/\/passionparfums.com\/en\/product\/lotion-tonique-hydratante-pn-jumbo-400-ml\/\" class=\"more-link\">Continue reading <span class=\"screen-reader-text\">LOTION TONIQUE HYDRATANTE PN JUMBO 400 ml<\/span><\/a><\/p>","protected":false},"featured_media":16193,"comment_status":"open","ping_status":"closed","template":"","meta":[],"product_brand":[],"product_cat":[138,143,104],"product_tag":[],"class_list":{"0":"post-16187","1":"product","2":"type-product","3":"status-publish","4":"has-post-thumbnail","6":"product_cat-demaquillant-nettoyant","7":"product_cat-lotion-tonique","8":"product_cat-soin","10":"first","11":"instock","12":"shipping-taxable","13":"purchasable","14":"product-type-simple"},"jetpack_sharing_enabled":true,"_links":{"self":[{"href":"https:\/\/passionparfums.com\/en\/wp-json\/wp\/v2\/product\/16187","targetHints":{"allow":["GET"]}}],"collection":[{"href":"https:\/\/passionparfums.com\/en\/wp-json\/wp\/v2\/product"}],"about":[{"href":"https:\/\/passionparfums.com\/en\/wp-json\/wp\/v2\/types\/product"}],"replies":[{"embeddable":true,"href":"https:\/\/passionparfums.com\/en\/wp-json\/wp\/v2\/comments?post=16187"}],"wp:featuredmedia":[{"embeddable":true,"href":"https:\/\/passionparfums.com\/en\/wp-json\/wp\/v2\/media\/16193"}],"wp:attachment":[{"href":"https:\/\/passionparfums.com\/en\/wp-json\/wp\/v2\/media?parent=16187"}],"wp:term":[{"taxonomy":"product_brand","embeddable":true,"href":"https:\/\/passionparfums.com\/en\/wp-json\/wp\/v2\/product_brand?post=16187"},{"taxonomy":"product_cat","embeddable":true,"href":"https:\/\/passionparfums.com\/en\/wp-json\/wp\/v2\/product_cat?post=16187"},{"taxonomy":"product_tag","embeddable":true,"href":"https:\/\/passionparfums.com\/en\/wp-json\/wp\/v2\/product_tag?post=16187"}],"curies":[{"name":"wp","href":"https:\/\/api.w.org\/{rel}","templated":true}]}}