{"id":16171,"date":"2025-07-27T22:52:10","date_gmt":"2025-07-27T22:52:10","guid":{"rendered":"https:\/\/passionparfums.com\/?post_type=product&#038;p=16171"},"modified":"2025-07-27T22:52:10","modified_gmt":"2025-07-27T22:52:10","slug":"doux-nettoyant-gommant-125-ml","status":"publish","type":"product","link":"https:\/\/passionparfums.com\/en\/product\/doux-nettoyant-gommant-125-ml\/","title":{"rendered":"DOUX NETTOYANT GOMMANT 125 ml"},"content":{"rendered":"<h3 id=\"accordion_title_tscpx6kei4smdm9w7zu\" class=\"section-title-js accordion-section__title \" tabindex=\"0\" role=\"button\" data-auto-id=\"what-is-it-title\" aria-expanded=\"true\" aria-controls=\"accordion_content_tscpx6kei4smdm9w7zu\">Ce que c&rsquo;est<\/h3>\n<div id=\"accordion_content_tscpx6kei4smdm9w7zu\" class=\"accordion-section__content\" aria-labelledby=\"accordion_title_tscpx6kei4smdm9w7zu\">\n<div class=\"inner-content-js inner-content\">\n<ul class=\"what-is-it-section__list\">\n<li class=\"mt-5\"><span class=\"what-is-it-section__text-medium\">Type de peau :\u00a0<\/span>Peau mixte, Peau s\u00e8che, Peau normale, Peau grasse<\/li>\n<li class=\"mt-5\"><span class=\"what-is-it-section__text-medium\">Texture :\u00a0<\/span>Cr\u00e8me Avec Micrograins<\/li>\n<li class=\"mt-5\"><span class=\"what-is-it-section__text-medium\">Utilisation :\u00a0<\/span>Tous les jours, matin et\/ou soir.\u00a0<a class=\"what-is-it-accordion__how-to-link how-to-link-js link link--uppercase display-inline-block cba-link-style\" tabindex=\"0\" href=\"https:\/\/www.clarins.ca\/fr\/doux-nettoyant-gommant-express\/80104509.html\">En savoir plus<\/a><\/li>\n<\/ul>\n<div class=\"discover-more-benefit-section__title\">B\u00e9n\u00e9fices<\/div>\n<div class=\"discover-more-benefit-section__text\">\n<ul>\n<li>Peau d\u00e9maquill\u00e9e et nettoy\u00e9e<\/li>\n<li>Peau exfoli\u00e9e<\/li>\n<li>Peau vivifi\u00e9e<\/li>\n<\/ul>\n<\/div>\n<div class=\"long-description-wrapper \">\n<h2 class=\"subtitle1 \">En savoir plus<\/h2>\n<div class=\"product-info__long-description\">Ce nettoyant 3-en-1 enrichi aux extraits d&rsquo;herbes des Alpes du Domaine Clarins d\u00e9maquille, nettoie et exfolie tout type de peau en un seul geste tout en pr\u00e9servant l&rsquo;\u00e9quilibre cutan\u00e9.<br \/>\nEnrichi en extraits bio de saponaire et de kiwi, il laisse la peau nette, fraiche et \u00e9clatante.<br \/>\nLe [Complexe Douceur] Clarins aux extraits de gentiane jaune bio et de m\u00e9lisse bio contribue \u00e0 apaiser et adoucir la peau.<\/p>\n<p>Ce gel frais enrichi de micro-billes d&rsquo;origine v\u00e9g\u00e9tales se transforme en mousse fine et onctueuse. Un l\u00e9ger effet peeling tout en douceur permet d\u2019avoir la peau douce et nette apr\u00e8s rin\u00e7age.<\/p>\n<p>Pour minimiser son empreinte environnementale, Clarins repense ce produit dans un tube encore plus \u00e9co-con\u00e7u avec une capsule all\u00e9g\u00e9e.<\/p><\/div>\n<div><\/div>\n<\/div>\n<div class=\"what-is-it-section__section\">\n<div class=\"what-is-it-section__title\"><strong>Innovation et expertise des plantes<\/strong><\/div>\n<div class=\"what-is-it-section__text\">[COMPLEXE DOUCEUR] Clarins<br \/>\nCompos\u00e9 d\u2019extraits bio de gentiane jaune et de m\u00e9lisse issus du Domaine Clarins, s\u00e9lectionn\u00e9s pour vous transmettre toute la fraicheur et la puret\u00e9 des Alpes.<br \/>\nIl contribue \u00e0 apaiser, calmer et adoucir la peau.<\/div>\n<div><\/div>\n<\/div>\n<div class=\"what-is-it-section__section\">\n<div class=\"what-is-it-section__title\"><strong>Le plus Clarins<\/strong><\/div>\n<div class=\"what-is-it-section__text\">Un gel frais avec micro-billes pour un nettoyage multifonctions rapide, doux et efficace.<\/div>\n<\/div>\n<\/div>\n<\/div>\n","protected":false},"excerpt":{"rendered":"<p>Ce que c&rsquo;est Type de peau :\u00a0Peau mixte, Peau s\u00e8che, Peau normale, Peau grasse Texture :\u00a0Cr\u00e8me Avec Micrograins Utilisation :\u00a0Tous les jours, matin et\/ou soir.\u00a0En savoir plus B\u00e9n\u00e9fices Peau d\u00e9maquill\u00e9e et nettoy\u00e9e Peau exfoli\u00e9e Peau vivifi\u00e9e En savoir plus Ce nettoyant 3-en-1 enrichi aux extraits d&rsquo;herbes des Alpes du Domaine Clarins d\u00e9maquille, nettoie et exfolie &hellip; <br \/><a href=\"https:\/\/passionparfums.com\/en\/product\/doux-nettoyant-gommant-125-ml\/\" class=\"more-link\">Continue reading <span class=\"screen-reader-text\">DOUX NETTOYANT GOMMANT 125 ml<\/span><\/a><\/p>","protected":false},"featured_media":16172,"comment_status":"open","ping_status":"closed","template":"","meta":[],"product_brand":[],"product_cat":[138,142,104],"product_tag":[],"class_list":{"0":"post-16171","1":"product","2":"type-product","3":"status-publish","4":"has-post-thumbnail","6":"product_cat-demaquillant-nettoyant","7":"product_cat-mousse-nettoyante","8":"product_cat-soin","10":"first","11":"instock","12":"shipping-taxable","13":"purchasable","14":"product-type-simple"},"jetpack_sharing_enabled":true,"_links":{"self":[{"href":"https:\/\/passionparfums.com\/en\/wp-json\/wp\/v2\/product\/16171","targetHints":{"allow":["GET"]}}],"collection":[{"href":"https:\/\/passionparfums.com\/en\/wp-json\/wp\/v2\/product"}],"about":[{"href":"https:\/\/passionparfums.com\/en\/wp-json\/wp\/v2\/types\/product"}],"replies":[{"embeddable":true,"href":"https:\/\/passionparfums.com\/en\/wp-json\/wp\/v2\/comments?post=16171"}],"wp:featuredmedia":[{"embeddable":true,"href":"https:\/\/passionparfums.com\/en\/wp-json\/wp\/v2\/media\/16172"}],"wp:attachment":[{"href":"https:\/\/passionparfums.com\/en\/wp-json\/wp\/v2\/media?parent=16171"}],"wp:term":[{"taxonomy":"product_brand","embeddable":true,"href":"https:\/\/passionparfums.com\/en\/wp-json\/wp\/v2\/product_brand?post=16171"},{"taxonomy":"product_cat","embeddable":true,"href":"https:\/\/passionparfums.com\/en\/wp-json\/wp\/v2\/product_cat?post=16171"},{"taxonomy":"product_tag","embeddable":true,"href":"https:\/\/passionparfums.com\/en\/wp-json\/wp\/v2\/product_tag?post=16171"}],"curies":[{"name":"wp","href":"https:\/\/api.w.org\/{rel}","templated":true}]}}