{"id":16169,"date":"2025-07-27T22:48:59","date_gmt":"2025-07-27T22:48:59","guid":{"rendered":"https:\/\/passionparfums.com\/?post_type=product&#038;p=16169"},"modified":"2025-07-27T22:49:40","modified_gmt":"2025-07-27T22:49:40","slug":"lotion-tonique-hydratante-200-ml","status":"publish","type":"product","link":"https:\/\/passionparfums.com\/en\/product\/lotion-tonique-hydratante-200-ml\/","title":{"rendered":"LOTION TONIQUE HYDRATANTE 200 ml"},"content":{"rendered":"<h3 id=\"accordion_title_c6p94k5t656mdm9ru8a\" class=\"section-title-js accordion-section__title \" tabindex=\"0\" role=\"button\" data-auto-id=\"what-is-it-title\" aria-expanded=\"true\" aria-controls=\"accordion_content_c6p94k5t656mdm9ru8a\">Ce que c&rsquo;est<\/h3>\n<div id=\"accordion_content_c6p94k5t656mdm9ru8a\" class=\"accordion-section__content\" aria-labelledby=\"accordion_title_c6p94k5t656mdm9ru8a\">\n<div class=\"inner-content-js inner-content\">\n<ul class=\"what-is-it-section__list\">\n<li class=\"mt-5\"><span class=\"what-is-it-section__text-medium\">Type de peau :\u00a0<\/span>Peau normale, Peau s\u00e8che<\/li>\n<li class=\"mt-5\"><span class=\"what-is-it-section__text-medium\">Texture :\u00a0<\/span>Lotion<\/li>\n<li class=\"mt-5\"><span class=\"what-is-it-section__text-medium\">Utilisation :\u00a0<\/span>Matin et\/ou soir sur une peau propre\u00a0<a class=\"what-is-it-accordion__how-to-link how-to-link-js link link--uppercase display-inline-block cba-link-style\" tabindex=\"0\" href=\"https:\/\/www.clarins.ca\/fr\/lotion-tonique-hydratante\/80104512.html\">En savoir plus<\/a><\/li>\n<\/ul>\n<div class=\"discover-more-benefit-section__title\">B\u00e9n\u00e9fices<\/div>\n<div class=\"discover-more-benefit-section__text\">\n<ul>\n<li>Peau hydrat\u00e9e<\/li>\n<li>Peau belle, douce et fraiche<\/li>\n<li>Peau r\u00e9\u00e9quilibr\u00e9e<\/li>\n<li>Pr\u00e9serve le microbiote cutan\u00e9<\/li>\n<\/ul>\n<\/div>\n<div class=\"long-description-wrapper \">\n<h2 class=\"subtitle1 \">En savoir plus<\/h2>\n<div class=\"product-info__long-description\">La lotion tonique pour parfaire le d\u00e9maquillage d\u00e9di\u00e9e aux peaux normales \u00e0 s\u00e8ches.<br \/>\nEnrichie en extraits d&rsquo;aloe vera et de figue bio qui contribuent \u00e0 hydrater la peau.<br \/>\nCette formule est \u00e9galement enrichie du [Complexe Microbiote] Clarins, associant polyph\u00e9nols de fleurs de safran et pr\u00e9biome marin, pour aider \u00e0 pr\u00e9server l\u2019\u00e9quilibre du microbiote cutan\u00e9.Eau tonique rafra\u00eechissante, l\u00e9g\u00e8re et confortable.Pour son empreinte environnementale, Clarins repense ce produit dans un flacon encore plus \u00e9co-con\u00e7u avec une capsule all\u00e9g\u00e9e. Et pour la premi\u00e8re fois, il est rechargeable gr\u00e2ce \u00e0 sa nouvelle \u00e9co-recharge.<\/div>\n<div><\/div>\n<\/div>\n<div class=\"what-is-it-section__section\">\n<div class=\"what-is-it-section__title\"><strong>Innovation et expertise des plantes<\/strong><\/div>\n<div class=\"what-is-it-section__text\">[COMPLEXE MICROBIOTE] Clarins<br \/>\nCompos\u00e9 de polyph\u00e9nols de<br \/>\nfleurs de safran et de pr\u00e9biome<br \/>\nmarin, il aide \u00e0 pr\u00e9server<\/div>\n<div class=\"what-is-it-section__text\"><strong>l\u2019\u00e9quilibre du microbiote cutan\u00e9.<\/strong><\/div>\n<\/div>\n<div class=\"what-is-it-section__section\">\n<div class=\"what-is-it-section__title\">Le plus Clarins<\/div>\n<div class=\"what-is-it-section__text\">Eau tonique l\u00e9g\u00e8re et confortable, laisse la peau fra\u00eeche.<\/div>\n<\/div>\n<\/div>\n<\/div>\n","protected":false},"excerpt":{"rendered":"<p>Ce que c&rsquo;est Type de peau :\u00a0Peau normale, Peau s\u00e8che Texture :\u00a0Lotion Utilisation :\u00a0Matin et\/ou soir sur une peau propre\u00a0En savoir plus B\u00e9n\u00e9fices Peau hydrat\u00e9e Peau belle, douce et fraiche Peau r\u00e9\u00e9quilibr\u00e9e Pr\u00e9serve le microbiote cutan\u00e9 En savoir plus La lotion tonique pour parfaire le d\u00e9maquillage d\u00e9di\u00e9e aux peaux normales \u00e0 s\u00e8ches. Enrichie en extraits &hellip; <br \/><a href=\"https:\/\/passionparfums.com\/en\/product\/lotion-tonique-hydratante-200-ml\/\" class=\"more-link\">Continue reading <span class=\"screen-reader-text\">LOTION TONIQUE HYDRATANTE 200 ml<\/span><\/a><\/p>","protected":false},"featured_media":16170,"comment_status":"open","ping_status":"closed","template":"","meta":[],"product_brand":[],"product_cat":[15,138,140,143,104],"product_tag":[],"class_list":{"0":"post-16169","1":"product","2":"type-product","3":"status-publish","4":"has-post-thumbnail","6":"product_cat-autres","7":"product_cat-demaquillant-nettoyant","8":"product_cat-demaquillant-visage","9":"product_cat-lotion-tonique","10":"product_cat-soin","12":"first","13":"instock","14":"shipping-taxable","15":"purchasable","16":"product-type-simple"},"jetpack_sharing_enabled":true,"_links":{"self":[{"href":"https:\/\/passionparfums.com\/en\/wp-json\/wp\/v2\/product\/16169","targetHints":{"allow":["GET"]}}],"collection":[{"href":"https:\/\/passionparfums.com\/en\/wp-json\/wp\/v2\/product"}],"about":[{"href":"https:\/\/passionparfums.com\/en\/wp-json\/wp\/v2\/types\/product"}],"replies":[{"embeddable":true,"href":"https:\/\/passionparfums.com\/en\/wp-json\/wp\/v2\/comments?post=16169"}],"wp:featuredmedia":[{"embeddable":true,"href":"https:\/\/passionparfums.com\/en\/wp-json\/wp\/v2\/media\/16170"}],"wp:attachment":[{"href":"https:\/\/passionparfums.com\/en\/wp-json\/wp\/v2\/media?parent=16169"}],"wp:term":[{"taxonomy":"product_brand","embeddable":true,"href":"https:\/\/passionparfums.com\/en\/wp-json\/wp\/v2\/product_brand?post=16169"},{"taxonomy":"product_cat","embeddable":true,"href":"https:\/\/passionparfums.com\/en\/wp-json\/wp\/v2\/product_cat?post=16169"},{"taxonomy":"product_tag","embeddable":true,"href":"https:\/\/passionparfums.com\/en\/wp-json\/wp\/v2\/product_tag?post=16169"}],"curies":[{"name":"wp","href":"https:\/\/api.w.org\/{rel}","templated":true}]}}