{"id":16167,"date":"2025-07-27T22:46:09","date_gmt":"2025-07-27T22:46:09","guid":{"rendered":"https:\/\/passionparfums.com\/?post_type=product&#038;p=16167"},"modified":"2025-07-27T22:46:10","modified_gmt":"2025-07-27T22:46:10","slug":"doux-nettoyant-moussant-purifiant-125-ml","status":"publish","type":"product","link":"https:\/\/passionparfums.com\/en\/product\/doux-nettoyant-moussant-purifiant-125-ml\/","title":{"rendered":"DOUX NETTOYANT MOUSSANT PURIFIANT 125 ml"},"content":{"rendered":"<h3 id=\"accordion_title_ev0rplhy86nmdm9p654\" class=\"section-title-js accordion-section__title \" tabindex=\"0\" role=\"button\" data-auto-id=\"what-is-it-title\" aria-expanded=\"true\" aria-controls=\"accordion_content_ev0rplhy86nmdm9p654\">Ce que c&rsquo;est<\/h3>\n<div id=\"accordion_content_ev0rplhy86nmdm9p654\" class=\"accordion-section__content\" aria-labelledby=\"accordion_title_ev0rplhy86nmdm9p654\">\n<div class=\"inner-content-js inner-content\">\n<ul class=\"what-is-it-section__list\">\n<li class=\"mt-5\"><span class=\"what-is-it-section__text-medium\">Type de peau :\u00a0<\/span>Peau grasse, Peau mixte<\/li>\n<li class=\"mt-5\"><span class=\"what-is-it-section__text-medium\">Texture :\u00a0<\/span>Avec eau<\/li>\n<li class=\"mt-5\"><span class=\"what-is-it-section__text-medium\">Utilisation :\u00a0<\/span>A appliquer matin et\/ou soir.\u00a0<a class=\"what-is-it-accordion__how-to-link how-to-link-js link link--uppercase display-inline-block cba-link-style\" tabindex=\"0\" href=\"https:\/\/www.clarins.ca\/fr\/doux-nettoyant-moussant-purifiant\/80104491.html\">En savoir plus<\/a><\/li>\n<\/ul>\n<div class=\"discover-more-benefit-section__title\">B\u00e9n\u00e9fices<\/div>\n<div class=\"discover-more-benefit-section__text\">\n<ul>\n<li>Peau purifi\u00e9e<\/li>\n<li>Peau parfaitement nettoy\u00e9e<\/li>\n<\/ul>\n<\/div>\n<div class=\"long-description-wrapper \">\n<h2 class=\"subtitle1 \">En savoir plus<\/h2>\n<div class=\"product-info__long-description\">Ce nettoyant moussant enrichi aux extraits d\u2019herbes des Alpes du Domaine Clarins d\u00e9maquille, purifie et laisse la peau nette tout en pr\u00e9servant l\u2019\u00e9quilibre cutan\u00e9.<br \/>\nEnrichi en actifs choisis sp\u00e9cifiquement pour equilibrer les peaux mixtes \u00e0 grasses : l&rsquo;extrait de reine des pr\u00e9s et les micro-perles purifiantes contribuent \u00e0 purifier la peau.<br \/>\nSa formule est \u00e9galement enrichie du [Complexe Douceur] Clarins aux extraits bio de gentiane jaune et de m\u00e9lisse qui contribuent \u00e0 apaiser et adoucir la peau.<br \/>\nEnfin, l&rsquo;extrait de moringa limite l\u2019adh\u00e9rence des impuret\u00e9s sur la peau.<\/div>\n<div><\/div>\n<div>\n<div class=\"long-description-wrapper \">\n<div class=\"product-info__long-description\">Cette texture cr\u00e9meuse fraiche avec des micro-billes d&rsquo;origine v\u00e9g\u00e9tale se transforme en une belle mousse douce et fine. La peau est douce et nette apr\u00e8s rin\u00e7age.<\/p>\n<p>Pour minimiser son empreinte environnementale, Clarins repense ce produit dans un tube encore plus \u00e9co-con\u00e7u avec une capsule all\u00e9g\u00e9e.<\/p><\/div>\n<\/div>\n<div class=\"what-is-it-section__section\">\n<div class=\"what-is-it-section__title\">Innovation et expertise des plantes<\/div>\n<div class=\"what-is-it-section__text\">[COMPLEXE DOUCEUR] Clarins<br \/>\nCompos\u00e9 d\u2019extraits bio de gentiane jaune et de m\u00e9lisse issus du Domaine Clarins, s\u00e9lectionn\u00e9s pour vous transmettre toute la fraicheur et la puret\u00e9 des Alpes.<br \/>\nIl contribue \u00e0 apaiser et adoucir la peau.<\/div>\n<\/div>\n<div class=\"what-is-it-section__section\">\n<div class=\"what-is-it-section__title\">Le plus Clarins<\/div>\n<div class=\"what-is-it-section__text\">Cette texture cr\u00e9meuse fraiche avec des micro-billes d&rsquo;origine naturelle se transforme en une belle mousse douce et fine.<\/div>\n<\/div>\n<\/div>\n<\/div>\n<\/div>\n<\/div>\n","protected":false},"excerpt":{"rendered":"<p>Ce que c&rsquo;est Type de peau :\u00a0Peau grasse, Peau mixte Texture :\u00a0Avec eau Utilisation :\u00a0A appliquer matin et\/ou soir.\u00a0En savoir plus B\u00e9n\u00e9fices Peau purifi\u00e9e Peau parfaitement nettoy\u00e9e En savoir plus Ce nettoyant moussant enrichi aux extraits d\u2019herbes des Alpes du Domaine Clarins d\u00e9maquille, purifie et laisse la peau nette tout en pr\u00e9servant l\u2019\u00e9quilibre cutan\u00e9. Enrichi &hellip; <br \/><a href=\"https:\/\/passionparfums.com\/en\/product\/doux-nettoyant-moussant-purifiant-125-ml\/\" class=\"more-link\">Continue reading <span class=\"screen-reader-text\">DOUX NETTOYANT MOUSSANT PURIFIANT 125 ml<\/span><\/a><\/p>","protected":false},"featured_media":16168,"comment_status":"open","ping_status":"closed","template":"","meta":[],"product_brand":[],"product_cat":[138,140,144],"product_tag":[],"class_list":{"0":"post-16167","1":"product","2":"type-product","3":"status-publish","4":"has-post-thumbnail","6":"product_cat-demaquillant-nettoyant","7":"product_cat-demaquillant-visage","8":"product_cat-soin-au-naturel","10":"first","11":"instock","12":"sale","13":"shipping-taxable","14":"purchasable","15":"product-type-simple"},"jetpack_sharing_enabled":true,"_links":{"self":[{"href":"https:\/\/passionparfums.com\/en\/wp-json\/wp\/v2\/product\/16167","targetHints":{"allow":["GET"]}}],"collection":[{"href":"https:\/\/passionparfums.com\/en\/wp-json\/wp\/v2\/product"}],"about":[{"href":"https:\/\/passionparfums.com\/en\/wp-json\/wp\/v2\/types\/product"}],"replies":[{"embeddable":true,"href":"https:\/\/passionparfums.com\/en\/wp-json\/wp\/v2\/comments?post=16167"}],"wp:featuredmedia":[{"embeddable":true,"href":"https:\/\/passionparfums.com\/en\/wp-json\/wp\/v2\/media\/16168"}],"wp:attachment":[{"href":"https:\/\/passionparfums.com\/en\/wp-json\/wp\/v2\/media?parent=16167"}],"wp:term":[{"taxonomy":"product_brand","embeddable":true,"href":"https:\/\/passionparfums.com\/en\/wp-json\/wp\/v2\/product_brand?post=16167"},{"taxonomy":"product_cat","embeddable":true,"href":"https:\/\/passionparfums.com\/en\/wp-json\/wp\/v2\/product_cat?post=16167"},{"taxonomy":"product_tag","embeddable":true,"href":"https:\/\/passionparfums.com\/en\/wp-json\/wp\/v2\/product_tag?post=16167"}],"curies":[{"name":"wp","href":"https:\/\/api.w.org\/{rel}","templated":true}]}}