{"id":16163,"date":"2025-07-27T22:31:45","date_gmt":"2025-07-27T22:31:45","guid":{"rendered":"https:\/\/passionparfums.com\/?post_type=product&#038;p=16163"},"modified":"2025-07-27T22:42:54","modified_gmt":"2025-07-27T22:42:54","slug":"demaquillant-tonic-express-200-ml","status":"publish","type":"product","link":"https:\/\/passionparfums.com\/en\/product\/demaquillant-tonic-express-200-ml\/","title":{"rendered":"DEMAQUILLANT TONIC EXPRESS 200 ML"},"content":{"rendered":"<h3 id=\"accordion_title_c74ygg6ffjimdm9k9tv\" class=\"section-title-js accordion-section__title\" tabindex=\"0\" role=\"button\" data-auto-id=\"what-is-it-title\" aria-expanded=\"true\" aria-controls=\"accordion_content_c74ygg6ffjimdm9k9tv\">Ce que c&rsquo;est<\/h3>\n<div id=\"accordion_content_c74ygg6ffjimdm9k9tv\" class=\"accordion-section__content\" aria-labelledby=\"accordion_title_c74ygg6ffjimdm9k9tv\">\n<div class=\"inner-content-js inner-content\">\n<ul class=\"what-is-it-section__list\">\n<li class=\"mt-5\"><span class=\"what-is-it-section__text-medium\">Type de peau :\u00a0<\/span>Peau normale, Peau grasse, Peau mixte, Peau s\u00e8che<\/li>\n<li class=\"mt-5\"><span class=\"what-is-it-section__text-medium\">Texture :\u00a0<\/span>Lotion<\/li>\n<li class=\"mt-5\"><span class=\"what-is-it-section__text-medium\">Utilisation :\u00a0<\/span>Tous les soirs.\u00a0<a class=\"what-is-it-accordion__how-to-link how-to-link-js link link--uppercase display-inline-block cba-link-style\" tabindex=\"0\" href=\"https:\/\/www.clarins.ca\/fr\/demaquillant-tonic-express-toutes-peaux\/80082064.html\">En savoir plus<\/a><\/li>\n<\/ul>\n<div class=\"discover-more-benefit-section__title\">B\u00e9n\u00e9fices<\/div>\n<div class=\"discover-more-benefit-section__text\">\n<ul>\n<li>Peau d\u00e9maquill\u00e9e et nettoy\u00e9e en un seul geste.<\/li>\n<li>Peau rafra\u00eechie.<\/li>\n<li>Eclat de la peau raviv\u00e9.<\/li>\n<\/ul>\n<\/div>\n<div class=\"long-description-wrapper\">\n<h2 class=\"subtitle1\">En savoir plus<\/h2>\n<div class=\"product-info__long-description\">Ce d\u00e9maquillant biphas\u00e9 est la combinaison parfaite entre un d\u00e9maquillant et une lotion pour une belle peau nette en un seul geste. Ce soin visage tonifiant aux extraits de s\u00e8ve d&rsquo;orange et de moringa \u00e9limine toute trace de maquillage, d&rsquo;impuret\u00e9s et de cellules mortes. L&rsquo;extrait de moringa limite l\u2019adh\u00e9rence des impuret\u00e9s sur la peau.<\/p>\n<p>Pour minimiser son empreinte environnementale, Clarins repense ce produit dans un flacon encore plus \u00e9co-con\u00e7u avec une capsule all\u00e9g\u00e9e.<\/p><\/div>\n<\/div>\n<div class=\"what-is-it-section__section\">\n<div class=\"what-is-it-section__title\">Le plus Clarins<\/div>\n<div class=\"what-is-it-section__text\">Une texture bi-phase avec extraits de plantes pour rendre toutes les peaux nettes en un seul geste.<\/div>\n<\/div>\n<\/div>\n<\/div>","protected":false},"excerpt":{"rendered":"<p>Ce que c&rsquo;est Type de peau :\u00a0Peau normale, Peau grasse, Peau mixte, Peau s\u00e8che Texture :\u00a0Lotion Utilisation :\u00a0Tous les soirs.\u00a0En savoir plus B\u00e9n\u00e9fices Peau d\u00e9maquill\u00e9e et nettoy\u00e9e en un seul geste. Peau rafra\u00eechie. Eclat de la peau raviv\u00e9. En savoir plus Ce d\u00e9maquillant biphas\u00e9 est la combinaison parfaite entre un d\u00e9maquillant et une lotion pour &hellip; <br \/><a href=\"https:\/\/passionparfums.com\/en\/product\/demaquillant-tonic-express-200-ml\/\" class=\"more-link\">Continue reading <span class=\"screen-reader-text\">DEMAQUILLANT TONIC EXPRESS 200 ML<\/span><\/a><\/p>","protected":false},"featured_media":16164,"comment_status":"open","ping_status":"closed","template":"","meta":[],"product_brand":[],"product_cat":[138,140],"product_tag":[],"class_list":{"0":"post-16163","1":"product","2":"type-product","3":"status-publish","4":"has-post-thumbnail","6":"product_cat-demaquillant-nettoyant","7":"product_cat-demaquillant-visage","9":"first","10":"instock","11":"shipping-taxable","12":"purchasable","13":"product-type-simple"},"jetpack_sharing_enabled":true,"_links":{"self":[{"href":"https:\/\/passionparfums.com\/en\/wp-json\/wp\/v2\/product\/16163","targetHints":{"allow":["GET"]}}],"collection":[{"href":"https:\/\/passionparfums.com\/en\/wp-json\/wp\/v2\/product"}],"about":[{"href":"https:\/\/passionparfums.com\/en\/wp-json\/wp\/v2\/types\/product"}],"replies":[{"embeddable":true,"href":"https:\/\/passionparfums.com\/en\/wp-json\/wp\/v2\/comments?post=16163"}],"wp:featuredmedia":[{"embeddable":true,"href":"https:\/\/passionparfums.com\/en\/wp-json\/wp\/v2\/media\/16164"}],"wp:attachment":[{"href":"https:\/\/passionparfums.com\/en\/wp-json\/wp\/v2\/media?parent=16163"}],"wp:term":[{"taxonomy":"product_brand","embeddable":true,"href":"https:\/\/passionparfums.com\/en\/wp-json\/wp\/v2\/product_brand?post=16163"},{"taxonomy":"product_cat","embeddable":true,"href":"https:\/\/passionparfums.com\/en\/wp-json\/wp\/v2\/product_cat?post=16163"},{"taxonomy":"product_tag","embeddable":true,"href":"https:\/\/passionparfums.com\/en\/wp-json\/wp\/v2\/product_tag?post=16163"}],"curies":[{"name":"wp","href":"https:\/\/api.w.org\/{rel}","templated":true}]}}